{"id":21431,"date":"2019-07-27T20:11:13","date_gmt":"2019-07-27T17:11:13","guid":{"rendered":"https:\/\/kingarms.ee\/product\/0-45g-bio-bb-nimrod\/"},"modified":"2024-08-09T17:31:56","modified_gmt":"2024-08-09T14:31:56","slug":"0-45g-bio-bb-nimrod","status":"publish","type":"product","link":"https:\/\/kingarms.ee\/fi\/product\/0-45g-bio-bb-nimrod\/","title":{"rendered":"0.45g Bio BB (Nimrod)"},"content":{"rendered":"<p><a href=\"https:\/\/kingarms.ee\/wp-content\/uploads\/2019\/07\/nimrod-0-45g-bio-bb-professional-performance-1000rds-1-300x300.jpg\"><img loading=\"lazy\" decoding=\"async\" class=\"alignnone size-medium wp-image-21432\" src=\"https:\/\/kingarms.ee\/wp-content\/uploads\/2019\/07\/nimrod-0-45g-bio-bb-professional-performance-1000rds-1-300x300.jpg\" alt=\"\" width=\"300\" height=\"300\" srcset=\"https:\/\/kingarms.ee\/wp-content\/uploads\/2019\/07\/nimrod-0-45g-bio-bb-professional-performance-1000rds-1-300x300.jpg 300w, https:\/\/kingarms.ee\/wp-content\/uploads\/2019\/07\/nimrod-0-45g-bio-bb-professional-performance-1000rds-1-150x150.jpg 150w, https:\/\/kingarms.ee\/wp-content\/uploads\/2019\/07\/nimrod-0-45g-bio-bb-professional-performance-1000rds-1-500x500.jpg 500w, https:\/\/kingarms.ee\/wp-content\/uploads\/2019\/07\/nimrod-0-45g-bio-bb-professional-performance-1000rds-1.jpg 650w\" sizes=\"auto, (max-width: 300px) 100vw, 300px\" \/><\/a><\/p>\n","protected":false},"excerpt":{"rendered":"<p>V\u00e4ri: valkoinen<br \/>\nPaino: 0,45 g<br \/>\nM\u00e4\u00e4r\u00e4: 1000kpl<\/p>\n","protected":false},"featured_media":21432,"template":"","meta":{"_acf_changed":false},"product_brand":[],"product_cat":[240],"product_tag":[],"class_list":{"0":"post-21431","1":"product","2":"type-product","3":"status-publish","4":"has-post-thumbnail","6":"product_cat-airsoft-fi","8":"first","9":"onbackorder","10":"taxable","11":"shipping-taxable","12":"product-type-simple"},"acf":[],"_links":{"self":[{"href":"https:\/\/kingarms.ee\/fi\/wp-json\/wp\/v2\/product\/21431","targetHints":{"allow":["GET"]}}],"collection":[{"href":"https:\/\/kingarms.ee\/fi\/wp-json\/wp\/v2\/product"}],"about":[{"href":"https:\/\/kingarms.ee\/fi\/wp-json\/wp\/v2\/types\/product"}],"wp:featuredmedia":[{"embeddable":true,"href":"https:\/\/kingarms.ee\/fi\/wp-json\/wp\/v2\/media\/21432"}],"wp:attachment":[{"href":"https:\/\/kingarms.ee\/fi\/wp-json\/wp\/v2\/media?parent=21431"}],"wp:term":[{"taxonomy":"product_brand","embeddable":true,"href":"https:\/\/kingarms.ee\/fi\/wp-json\/wp\/v2\/product_brand?post=21431"},{"taxonomy":"product_cat","embeddable":true,"href":"https:\/\/kingarms.ee\/fi\/wp-json\/wp\/v2\/product_cat?post=21431"},{"taxonomy":"product_tag","embeddable":true,"href":"https:\/\/kingarms.ee\/fi\/wp-json\/wp\/v2\/product_tag?post=21431"}],"curies":[{"name":"wp","href":"https:\/\/api.w.org\/{rel}","templated":true}]}}