{"id":21435,"date":"2019-09-11T16:23:45","date_gmt":"2019-09-11T16:23:45","guid":{"rendered":"https:\/\/kingarms.ee\/product\/borner-jumbo-065-g-4-5mm-500-tk\/"},"modified":"2024-08-09T17:15:52","modified_gmt":"2024-08-09T14:15:52","slug":"borner-jumbo-065-g-4-5mm-500-tk","status":"publish","type":"product","link":"https:\/\/kingarms.ee\/fi\/product\/borner-jumbo-065-g-4-5mm-500-tk\/","title":{"rendered":"Borner \u201cJumbo\u201d 0,65 g 4.5mm (500 tk)"},"content":{"rendered":"<p><a href=\"https:\/\/kingarms.ee\/wp-content\/uploads\/2019\/09\/b5023d5a-c3da-11e9-858f-001e67ad91cb_1a788b50-4a0b-435d-86f1-2f7b285a3ef7-2-300x225.jpg\"><img loading=\"lazy\" decoding=\"async\" class=\"alignnone size-medium wp-image-18314\" src=\"https:\/\/kingarms.ee\/wp-content\/uploads\/2019\/09\/b5023d5a-c3da-11e9-858f-001e67ad91cb_1a788b50-4a0b-435d-86f1-2f7b285a3ef7-2-300x225.jpg\" alt=\"\" width=\"300\" height=\"225\" srcset=\"https:\/\/kingarms.ee\/wp-content\/uploads\/2019\/09\/b5023d5a-c3da-11e9-858f-001e67ad91cb_1a788b50-4a0b-435d-86f1-2f7b285a3ef7-2-300x225.jpg 300w, https:\/\/kingarms.ee\/wp-content\/uploads\/2019\/09\/b5023d5a-c3da-11e9-858f-001e67ad91cb_1a788b50-4a0b-435d-86f1-2f7b285a3ef7-2-150x113.jpg 150w, https:\/\/kingarms.ee\/wp-content\/uploads\/2019\/09\/b5023d5a-c3da-11e9-858f-001e67ad91cb_1a788b50-4a0b-435d-86f1-2f7b285a3ef7-2-500x375.jpg 500w, https:\/\/kingarms.ee\/wp-content\/uploads\/2019\/09\/b5023d5a-c3da-11e9-858f-001e67ad91cb_1a788b50-4a0b-435d-86f1-2f7b285a3ef7-2-768x576.jpg 768w, https:\/\/kingarms.ee\/wp-content\/uploads\/2019\/09\/b5023d5a-c3da-11e9-858f-001e67ad91cb_1a788b50-4a0b-435d-86f1-2f7b285a3ef7-2-600x450.jpg 600w, https:\/\/kingarms.ee\/wp-content\/uploads\/2019\/09\/b5023d5a-c3da-11e9-858f-001e67ad91cb_1a788b50-4a0b-435d-86f1-2f7b285a3ef7-2.jpg 1000w\" sizes=\"auto, (max-width: 300px) 100vw, 300px\" \/><\/a><\/p>\n","protected":false},"excerpt":{"rendered":"<p>BORNER ilma-asepelletti JUMBO on kohtalainen Diabolo-keskivalaisin. Aerodynaaminen muotoilu ja vankka etenemissuunta varmistavat hyv\u00e4n tarkkuuden ja suuren tunkeutumisenergian.<\/p>\n<p>Tekniset tiedot ja mitat:<br \/>\nTavaramerkki: B\u00f6rner<br \/>\nmalli: JUMBO<br \/>\nMuoto: Ter\u00e4v\u00e4 p\u00e4\u00e4, sile\u00e4<br \/>\nkaliiperi: 4,5 mm (0,177)<br \/>\npaino: 0,65 g (10,00 g)<br \/>\nsis\u00e4lt\u00f6: 500 kappaletta<\/p>\n","protected":false},"featured_media":21436,"template":"","meta":{"_acf_changed":false},"product_brand":[],"product_cat":[241],"product_tag":[],"class_list":{"0":"post-21435","1":"product","2":"type-product","3":"status-publish","4":"has-post-thumbnail","6":"product_cat-ilmakivaareita","8":"first","9":"instock","10":"taxable","11":"shipping-taxable","12":"purchasable","13":"product-type-simple"},"acf":[],"_links":{"self":[{"href":"https:\/\/kingarms.ee\/fi\/wp-json\/wp\/v2\/product\/21435","targetHints":{"allow":["GET"]}}],"collection":[{"href":"https:\/\/kingarms.ee\/fi\/wp-json\/wp\/v2\/product"}],"about":[{"href":"https:\/\/kingarms.ee\/fi\/wp-json\/wp\/v2\/types\/product"}],"wp:featuredmedia":[{"embeddable":true,"href":"https:\/\/kingarms.ee\/fi\/wp-json\/wp\/v2\/media\/21436"}],"wp:attachment":[{"href":"https:\/\/kingarms.ee\/fi\/wp-json\/wp\/v2\/media?parent=21435"}],"wp:term":[{"taxonomy":"product_brand","embeddable":true,"href":"https:\/\/kingarms.ee\/fi\/wp-json\/wp\/v2\/product_brand?post=21435"},{"taxonomy":"product_cat","embeddable":true,"href":"https:\/\/kingarms.ee\/fi\/wp-json\/wp\/v2\/product_cat?post=21435"},{"taxonomy":"product_tag","embeddable":true,"href":"https:\/\/kingarms.ee\/fi\/wp-json\/wp\/v2\/product_tag?post=21435"}],"curies":[{"name":"wp","href":"https:\/\/api.w.org\/{rel}","templated":true}]}}