{"id":21439,"date":"2019-09-11T16:28:06","date_gmt":"2019-09-11T16:28:06","guid":{"rendered":"https:\/\/kingarms.ee\/product\/borner-pointed-0-58-g-4-5mm-500-tk\/"},"modified":"2024-08-09T17:15:03","modified_gmt":"2024-08-09T14:15:03","slug":"borner-pointed-0-58-g-4-5mm-500-tk","status":"publish","type":"product","link":"https:\/\/kingarms.ee\/fi\/product\/borner-pointed-0-58-g-4-5mm-500-tk\/","title":{"rendered":"Borner \u201cPointed\u201d 0.58 g 4.5mm (500 tk)"},"content":{"rendered":"<p><a href=\"https:\/\/kingarms.ee\/wp-content\/uploads\/2019\/09\/b5023d58-c3da-11e9-858f-001e67ad91cb_1a55d1bb-9aa0-4af7-8763-22eaa19e5c14-2-300x225.jpg\"><img loading=\"lazy\" decoding=\"async\" class=\"alignnone size-medium wp-image-18320\" src=\"https:\/\/kingarms.ee\/wp-content\/uploads\/2019\/09\/b5023d58-c3da-11e9-858f-001e67ad91cb_1a55d1bb-9aa0-4af7-8763-22eaa19e5c14-2-300x225.jpg\" alt=\"\" width=\"300\" height=\"225\" srcset=\"https:\/\/kingarms.ee\/wp-content\/uploads\/2019\/09\/b5023d58-c3da-11e9-858f-001e67ad91cb_1a55d1bb-9aa0-4af7-8763-22eaa19e5c14-2-300x225.jpg 300w, https:\/\/kingarms.ee\/wp-content\/uploads\/2019\/09\/b5023d58-c3da-11e9-858f-001e67ad91cb_1a55d1bb-9aa0-4af7-8763-22eaa19e5c14-2-150x113.jpg 150w, https:\/\/kingarms.ee\/wp-content\/uploads\/2019\/09\/b5023d58-c3da-11e9-858f-001e67ad91cb_1a55d1bb-9aa0-4af7-8763-22eaa19e5c14-2-500x375.jpg 500w, https:\/\/kingarms.ee\/wp-content\/uploads\/2019\/09\/b5023d58-c3da-11e9-858f-001e67ad91cb_1a55d1bb-9aa0-4af7-8763-22eaa19e5c14-2-768x576.jpg 768w, https:\/\/kingarms.ee\/wp-content\/uploads\/2019\/09\/b5023d58-c3da-11e9-858f-001e67ad91cb_1a55d1bb-9aa0-4af7-8763-22eaa19e5c14-2-600x450.jpg 600w, https:\/\/kingarms.ee\/wp-content\/uploads\/2019\/09\/b5023d58-c3da-11e9-858f-001e67ad91cb_1a55d1bb-9aa0-4af7-8763-22eaa19e5c14-2.jpg 1000w\" sizes=\"auto, (max-width: 300px) 100vw, 300px\" \/><\/a><\/p>\n","protected":false},"excerpt":{"rendered":"<p>BORNER-ilma-asepelletin PITUUS on maltillista k\u00e4ytett\u00e4v\u00e4ksi Spitzkopf diabolo -v\u00e4liainev\u00e4livalikoiman kanssa jopa rajoitetun tehon (F-) ilma-aseissa. Diabolon p\u00e4\u00e4n ymp\u00e4rill\u00e4 oleva aerodynaaminen muotoilu takaa hyv\u00e4n tarkkuuden, l\u00e4heiset laukausryhm\u00e4t ja suuren tunkeutumisenergian. Ne ovat eritt\u00e4in sopivia, koska ominaisuudet putoavat.<\/p>\n<p>Tekniset tiedot ja mitat:<br \/>\nTavaramerkki: B\u00f6rner<br \/>\nmalli: PITK\u00c4<br \/>\nMuoto: Ter\u00e4v\u00e4 p\u00e4\u00e4, sile\u00e4<br \/>\nsoveltamisala: Plering, CO2-ase<br \/>\nkaliiperi: 4,5 mm (0,177)<br \/>\npaino: 0,58 g (9,00 g)<br \/>\nsis\u00e4lt\u00f6: 500 kappaletta<\/p>\n","protected":false},"featured_media":21440,"template":"","meta":{"_acf_changed":false},"product_brand":[],"product_cat":[241],"product_tag":[],"class_list":{"0":"post-21439","1":"product","2":"type-product","3":"status-publish","4":"has-post-thumbnail","6":"product_cat-ilmakivaareita","8":"first","9":"instock","10":"taxable","11":"shipping-taxable","12":"purchasable","13":"product-type-simple"},"acf":[],"_links":{"self":[{"href":"https:\/\/kingarms.ee\/fi\/wp-json\/wp\/v2\/product\/21439","targetHints":{"allow":["GET"]}}],"collection":[{"href":"https:\/\/kingarms.ee\/fi\/wp-json\/wp\/v2\/product"}],"about":[{"href":"https:\/\/kingarms.ee\/fi\/wp-json\/wp\/v2\/types\/product"}],"wp:featuredmedia":[{"embeddable":true,"href":"https:\/\/kingarms.ee\/fi\/wp-json\/wp\/v2\/media\/21440"}],"wp:attachment":[{"href":"https:\/\/kingarms.ee\/fi\/wp-json\/wp\/v2\/media?parent=21439"}],"wp:term":[{"taxonomy":"product_brand","embeddable":true,"href":"https:\/\/kingarms.ee\/fi\/wp-json\/wp\/v2\/product_brand?post=21439"},{"taxonomy":"product_cat","embeddable":true,"href":"https:\/\/kingarms.ee\/fi\/wp-json\/wp\/v2\/product_cat?post=21439"},{"taxonomy":"product_tag","embeddable":true,"href":"https:\/\/kingarms.ee\/fi\/wp-json\/wp\/v2\/product_tag?post=21439"}],"curies":[{"name":"wp","href":"https:\/\/api.w.org\/{rel}","templated":true}]}}