{"id":21452,"date":"2019-07-27T20:22:46","date_gmt":"2019-07-27T17:22:46","guid":{"rendered":"https:\/\/kingarms.ee\/product\/x3200-laskekiiruse-mootja-xcortech\/"},"modified":"2024-08-09T17:31:15","modified_gmt":"2024-08-09T14:31:15","slug":"x3200-lahtonopeusmittari-xcortech","status":"publish","type":"product","link":"https:\/\/kingarms.ee\/fi\/product\/x3200-lahtonopeusmittari-xcortech\/","title":{"rendered":"X3200 L\u00e4ht\u00f6nopeusmittari (XCORTECH)"},"content":{"rendered":"<p><a href=\"https:\/\/kingarms.ee\/wp-content\/uploads\/2019\/07\/1152212346_1-300x200.jpg\"><img loading=\"lazy\" decoding=\"async\" class=\"alignnone size-medium wp-image-21453\" src=\"https:\/\/kingarms.ee\/wp-content\/uploads\/2019\/07\/1152212346_1-300x200.jpg\" alt=\"\" width=\"300\" height=\"200\" srcset=\"https:\/\/kingarms.ee\/wp-content\/uploads\/2019\/07\/1152212346_1-300x200.jpg 300w, https:\/\/kingarms.ee\/wp-content\/uploads\/2019\/07\/1152212346_1-150x100.jpg 150w, https:\/\/kingarms.ee\/wp-content\/uploads\/2019\/07\/1152212346_1-500x333.jpg 500w, https:\/\/kingarms.ee\/wp-content\/uploads\/2019\/07\/1152212346_1-768x512.jpg 768w, https:\/\/kingarms.ee\/wp-content\/uploads\/2019\/07\/1152212346_1.jpg 800w\" sizes=\"auto, (max-width: 300px) 100vw, 300px\" \/><\/a><\/p>\n","protected":false},"excerpt":{"rendered":"<p>XCORTECHin uusin kuvausnopeuden malli X3200 MK3. Korkealaatuinen monitoiminen ja tarkka kuvausnopeuden mittari, joka mittaa BB-pallojen alkuper\u00e4isen nopeuden (fps \/ ms), voiman jouleissa (J) ja ampumistiheyden (rpm). Toimii kahden AA-pariston kanssa (ei sis\u00e4lly toimitukseen). Eritt\u00e4in kompakti, helppo ymm\u00e4rt\u00e4\u00e4 ja kevyt tuote. Tuotteella on Micro-USB-liit\u00e4nt\u00e4 14 anturilla (aikaisemmilla tuotteilla oli 8). Tuote on eritt\u00e4in energiatehokas.<\/p>\n","protected":false},"featured_media":21453,"template":"","meta":{"_acf_changed":false},"product_brand":[],"product_cat":[458],"product_tag":[],"class_list":{"0":"post-21452","1":"product","2":"type-product","3":"status-publish","4":"has-post-thumbnail","6":"product_cat-kronografit","8":"first","9":"onbackorder","10":"taxable","11":"shipping-taxable","12":"product-type-simple"},"acf":[],"_links":{"self":[{"href":"https:\/\/kingarms.ee\/fi\/wp-json\/wp\/v2\/product\/21452","targetHints":{"allow":["GET"]}}],"collection":[{"href":"https:\/\/kingarms.ee\/fi\/wp-json\/wp\/v2\/product"}],"about":[{"href":"https:\/\/kingarms.ee\/fi\/wp-json\/wp\/v2\/types\/product"}],"wp:featuredmedia":[{"embeddable":true,"href":"https:\/\/kingarms.ee\/fi\/wp-json\/wp\/v2\/media\/21453"}],"wp:attachment":[{"href":"https:\/\/kingarms.ee\/fi\/wp-json\/wp\/v2\/media?parent=21452"}],"wp:term":[{"taxonomy":"product_brand","embeddable":true,"href":"https:\/\/kingarms.ee\/fi\/wp-json\/wp\/v2\/product_brand?post=21452"},{"taxonomy":"product_cat","embeddable":true,"href":"https:\/\/kingarms.ee\/fi\/wp-json\/wp\/v2\/product_cat?post=21452"},{"taxonomy":"product_tag","embeddable":true,"href":"https:\/\/kingarms.ee\/fi\/wp-json\/wp\/v2\/product_tag?post=21452"}],"curies":[{"name":"wp","href":"https:\/\/api.w.org\/{rel}","templated":true}]}}