{"id":21461,"date":"2018-10-16T13:00:09","date_gmt":"2018-10-16T10:00:09","guid":{"rendered":"https:\/\/kingarms.ee\/product\/akukarp\/"},"modified":"2020-01-09T10:52:49","modified_gmt":"2020-01-09T10:52:49","slug":"akku-laatikko","status":"publish","type":"product","link":"https:\/\/kingarms.ee\/fi\/product\/akku-laatikko\/","title":{"rendered":"Akku laatikko"},"content":{"rendered":"<p><a href=\"https:\/\/kingarms.ee\/wp-content\/uploads\/2018\/10\/1152195249_1-300x205.jpg\"><img loading=\"lazy\" decoding=\"async\" class=\"alignnone size-medium wp-image-10210\" src=\"https:\/\/kingarms.ee\/wp-content\/uploads\/2018\/10\/1152195249_1-300x205.jpg\" alt=\"\" width=\"300\" height=\"205\" srcset=\"https:\/\/kingarms.ee\/wp-content\/uploads\/2018\/10\/1152195249_1-300x205.jpg 300w, https:\/\/kingarms.ee\/wp-content\/uploads\/2018\/10\/1152195249_1-150x102.jpg 150w, https:\/\/kingarms.ee\/wp-content\/uploads\/2018\/10\/1152195249_1-500x341.jpg 500w, https:\/\/kingarms.ee\/wp-content\/uploads\/2018\/10\/1152195249_1.jpg 550w\" sizes=\"auto, (max-width: 300px) 100vw, 300px\" \/><\/a><\/p>\n","protected":false},"excerpt":{"rendered":"<p>Laatikko on tarkoitettu kiinnitt\u00e4m\u00e4\u00e4n akku aseeseen, kun akku ei mahtu aseen sis\u00e4\u00e4n. Laatikko voidaan asentaa klassiseen 22mm RIS-kiskoon.<\/p>\n","protected":false},"featured_media":21462,"template":"","meta":{"_acf_changed":false},"product_brand":[],"product_cat":[243],"product_tag":[],"class_list":{"0":"post-21461","1":"product","2":"type-product","3":"status-publish","4":"has-post-thumbnail","6":"product_cat-paristot-ja-laturit","8":"first","9":"onbackorder","10":"taxable","11":"shipping-taxable","12":"product-type-simple"},"acf":[],"_links":{"self":[{"href":"https:\/\/kingarms.ee\/fi\/wp-json\/wp\/v2\/product\/21461","targetHints":{"allow":["GET"]}}],"collection":[{"href":"https:\/\/kingarms.ee\/fi\/wp-json\/wp\/v2\/product"}],"about":[{"href":"https:\/\/kingarms.ee\/fi\/wp-json\/wp\/v2\/types\/product"}],"wp:featuredmedia":[{"embeddable":true,"href":"https:\/\/kingarms.ee\/fi\/wp-json\/wp\/v2\/media\/21462"}],"wp:attachment":[{"href":"https:\/\/kingarms.ee\/fi\/wp-json\/wp\/v2\/media?parent=21461"}],"wp:term":[{"taxonomy":"product_brand","embeddable":true,"href":"https:\/\/kingarms.ee\/fi\/wp-json\/wp\/v2\/product_brand?post=21461"},{"taxonomy":"product_cat","embeddable":true,"href":"https:\/\/kingarms.ee\/fi\/wp-json\/wp\/v2\/product_cat?post=21461"},{"taxonomy":"product_tag","embeddable":true,"href":"https:\/\/kingarms.ee\/fi\/wp-json\/wp\/v2\/product_tag?post=21461"}],"curies":[{"name":"wp","href":"https:\/\/api.w.org\/{rel}","templated":true}]}}