{"id":21477,"date":"2019-09-18T17:02:39","date_gmt":"2019-09-18T14:02:39","guid":{"rendered":"https:\/\/kingarms.ee\/product\/klarus-18650-2600mah-li-ion-aku\/"},"modified":"2024-08-09T17:13:36","modified_gmt":"2024-08-09T14:13:36","slug":"klarus-18650-2600mah-li-ion-akku","status":"publish","type":"product","link":"https:\/\/kingarms.ee\/fi\/product\/klarus-18650-2600mah-li-ion-akku\/","title":{"rendered":"Klarus 18650 2600mAh Li-ion akku"},"content":{"rendered":"<p><a href=\"https:\/\/kingarms.ee\/wp-content\/uploads\/2019\/09\/chrome_EVcvLRJjmD-300x300.png\"><img loading=\"lazy\" decoding=\"async\" class=\"alignnone size-medium wp-image-18427\" src=\"https:\/\/kingarms.ee\/wp-content\/uploads\/2019\/09\/chrome_EVcvLRJjmD-300x300.png\" alt=\"\" width=\"300\" height=\"300\" srcset=\"https:\/\/kingarms.ee\/wp-content\/uploads\/2019\/09\/chrome_EVcvLRJjmD-300x300.png 300w, https:\/\/kingarms.ee\/wp-content\/uploads\/2019\/09\/chrome_EVcvLRJjmD-150x150.png 150w, https:\/\/kingarms.ee\/wp-content\/uploads\/2019\/09\/chrome_EVcvLRJjmD-500x500.png 500w, https:\/\/kingarms.ee\/wp-content\/uploads\/2019\/09\/chrome_EVcvLRJjmD-768x768.png 768w, https:\/\/kingarms.ee\/wp-content\/uploads\/2019\/09\/chrome_EVcvLRJjmD.png 913w\" sizes=\"auto, (max-width: 300px) 100vw, 300px\" \/><\/a><\/p>\n","protected":false},"excerpt":{"rendered":"<p>Klarus Li-Ion 18650 2600mAh -akussa on koskettimet korkealaatuisilla liittimill\u00e4 ja painikkeilla.<br \/>\nAkussa on sis\u00e4\u00e4nrakennettu oikosulkusuojaus ja r\u00e4\u00e4t\u00e4l\u00f6ity katkaisija suojaa yli- tai purkautumiselta.<\/p>\n<p>Nimellisj\u00e4nnite: 3,7 V<br \/>\nKapasiteetti: 2600mAh<br \/>\nLatausj\u00e4nnite: 4,2 V<br \/>\nJ\u00e4nnitteen purkamisraja: 2,75 V<\/p>\n","protected":false},"featured_media":21478,"template":"","meta":{"_acf_changed":false},"product_brand":[],"product_cat":[655],"product_tag":[],"class_list":{"0":"post-21477","1":"product","2":"type-product","3":"status-publish","4":"has-post-thumbnail","6":"product_cat-paristot-fi","8":"first","9":"instock","10":"taxable","11":"shipping-taxable","12":"purchasable","13":"product-type-simple"},"acf":[],"_links":{"self":[{"href":"https:\/\/kingarms.ee\/fi\/wp-json\/wp\/v2\/product\/21477","targetHints":{"allow":["GET"]}}],"collection":[{"href":"https:\/\/kingarms.ee\/fi\/wp-json\/wp\/v2\/product"}],"about":[{"href":"https:\/\/kingarms.ee\/fi\/wp-json\/wp\/v2\/types\/product"}],"wp:featuredmedia":[{"embeddable":true,"href":"https:\/\/kingarms.ee\/fi\/wp-json\/wp\/v2\/media\/21478"}],"wp:attachment":[{"href":"https:\/\/kingarms.ee\/fi\/wp-json\/wp\/v2\/media?parent=21477"}],"wp:term":[{"taxonomy":"product_brand","embeddable":true,"href":"https:\/\/kingarms.ee\/fi\/wp-json\/wp\/v2\/product_brand?post=21477"},{"taxonomy":"product_cat","embeddable":true,"href":"https:\/\/kingarms.ee\/fi\/wp-json\/wp\/v2\/product_cat?post=21477"},{"taxonomy":"product_tag","embeddable":true,"href":"https:\/\/kingarms.ee\/fi\/wp-json\/wp\/v2\/product_tag?post=21477"}],"curies":[{"name":"wp","href":"https:\/\/api.w.org\/{rel}","templated":true}]}}