{"id":21510,"date":"2018-08-31T11:08:37","date_gmt":"2018-08-31T08:08:37","guid":{"rendered":"https:\/\/kingarms.ee\/product\/lipro-balance-charger-redox-v2\/"},"modified":"2025-05-02T14:43:53","modified_gmt":"2025-05-02T11:43:53","slug":"alykas-laturi-omnicharger","status":"publish","type":"product","link":"https:\/\/kingarms.ee\/fi\/product\/alykas-laturi-omnicharger\/","title":{"rendered":"\u00c4lyk\u00e4s laturi &#8211; OmniCharger"},"content":{"rendered":"<p><a href=\"https:\/\/kingarms.ee\/wp-content\/uploads\/2018\/08\/1152221174_1-300x200.jpg\"><img loading=\"lazy\" decoding=\"async\" class=\"alignnone size-medium wp-image-26349\" src=\"https:\/\/kingarms.ee\/wp-content\/uploads\/2018\/08\/1152221174_1-300x200.jpg\" alt=\"\" width=\"300\" height=\"200\" srcset=\"https:\/\/kingarms.ee\/wp-content\/uploads\/2018\/08\/1152221174_1-300x200.jpg 300w, https:\/\/kingarms.ee\/wp-content\/uploads\/2018\/08\/1152221174_1-150x100.jpg 150w, https:\/\/kingarms.ee\/wp-content\/uploads\/2018\/08\/1152221174_1-500x333.jpg 500w, https:\/\/kingarms.ee\/wp-content\/uploads\/2018\/08\/1152221174_1-768x512.jpg 768w, https:\/\/kingarms.ee\/wp-content\/uploads\/2018\/08\/1152221174_1.jpg 800w\" sizes=\"auto, (max-width: 300px) 100vw, 300px\" \/><\/a><\/p>\n","protected":false},"excerpt":{"rendered":"<p>\u00c4lyk\u00e4s laturi &#8211; OmniCharger<\/p>\n<p>Kompakti, helppok\u00e4ytt\u00f6inen, universaali \u00e4lyk\u00e4s laturi SpecnaArmsilta. Laturia voidaan k\u00e4ytt\u00e4\u00e4 Lilon-, LiPo-, LiFe-, Ni-Cd-, Ni-MH- ja PB-akkujen lataamiseen.<\/p>\n<p>Ominaisuudet:<\/p>\n<p>Mitat: 134 x 86 x 26 mm<\/p>\n<p>Tulovirta-alue: DC 11,0~18,0 V<\/p>\n<p>L\u00e4ht\u00f6teho:<\/p>\n<p>&#8211; Suurin latausteho 50W<\/p>\n<p>&#8211; Suurin purkausteho 5W<\/p>\n<p>Latausvirta-alue: 0.1~5.0A<\/p>\n<p>Vastuuvapausalue: 0.1~1.0A<\/p>\n<p>Tasapainotus: 300 mAh\/kenno<\/p>\n<p>Tuettujen NiCD\/NiMH-kennojen m\u00e4\u00e4r\u00e4: 1~15 kennoa.<\/p>\n<p>Tuettujen Li-Po\/Fe\/Ion-elementtien m\u00e4\u00e4r\u00e4: 1~6 elementti\u00e4.<\/p>\n<p>Tuetut Pb-elementit : 2~20V<\/p>\n<p>Laturin kapasiteetti: enint\u00e4\u00e4n 5 akkua<\/p>\n<p>Akun lataus-\/purkaussyklivaihtoehto<\/p>\n<p>4 ohjelmointipainiketta<\/p>\n<p>Sis\u00e4\u00e4nrakennetut liit\u00e4nn\u00e4t:<\/p>\n<p>&#8211; yhdisteiden 2s, 3s, 4s, 5s, 6s tasapainottaminen<\/p>\n<p>&#8211; Kultainen 4 mm liit\u00e4nt\u00e4<\/p>\n<p>&#8211; L\u00e4mp\u00f6tilamittarin liit\u00e4nt\u00e4<\/p>\n","protected":false},"featured_media":26351,"template":"","meta":{"_acf_changed":false},"product_brand":[],"product_cat":[654],"product_tag":[],"class_list":{"0":"post-21510","1":"product","2":"type-product","3":"status-publish","4":"has-post-thumbnail","6":"product_cat-lataajat","8":"first","9":"instock","10":"purchasable","11":"product-type-simple"},"acf":[],"_links":{"self":[{"href":"https:\/\/kingarms.ee\/fi\/wp-json\/wp\/v2\/product\/21510","targetHints":{"allow":["GET"]}}],"collection":[{"href":"https:\/\/kingarms.ee\/fi\/wp-json\/wp\/v2\/product"}],"about":[{"href":"https:\/\/kingarms.ee\/fi\/wp-json\/wp\/v2\/types\/product"}],"wp:featuredmedia":[{"embeddable":true,"href":"https:\/\/kingarms.ee\/fi\/wp-json\/wp\/v2\/media\/26351"}],"wp:attachment":[{"href":"https:\/\/kingarms.ee\/fi\/wp-json\/wp\/v2\/media?parent=21510"}],"wp:term":[{"taxonomy":"product_brand","embeddable":true,"href":"https:\/\/kingarms.ee\/fi\/wp-json\/wp\/v2\/product_brand?post=21510"},{"taxonomy":"product_cat","embeddable":true,"href":"https:\/\/kingarms.ee\/fi\/wp-json\/wp\/v2\/product_cat?post=21510"},{"taxonomy":"product_tag","embeddable":true,"href":"https:\/\/kingarms.ee\/fi\/wp-json\/wp\/v2\/product_tag?post=21510"}],"curies":[{"name":"wp","href":"https:\/\/api.w.org\/{rel}","templated":true}]}}