{"id":21515,"date":"2019-07-08T10:16:24","date_gmt":"2019-07-08T07:16:24","guid":{"rendered":"https:\/\/kingarms.ee\/product\/mosfet-gate-merf-3-2\/"},"modified":"2024-08-09T17:48:40","modified_gmt":"2024-08-09T14:48:40","slug":"mosfet-gate-merf-3-2","status":"publish","type":"product","link":"https:\/\/kingarms.ee\/fi\/product\/mosfet-gate-merf-3-2\/","title":{"rendered":"Mosfet Gate MERF 3.2"},"content":{"rendered":"<p><a href=\"https:\/\/kingarms.ee\/wp-content\/uploads\/2019\/07\/1152200760_1-300x204.jpg\"><img loading=\"lazy\" decoding=\"async\" class=\"size-medium wp-image-21516\" src=\"https:\/\/kingarms.ee\/wp-content\/uploads\/2019\/07\/1152200760_1-300x204.jpg\" alt=\"\" width=\"300\" height=\"204\" srcset=\"https:\/\/kingarms.ee\/wp-content\/uploads\/2019\/07\/1152200760_1-300x204.jpg 300w, https:\/\/kingarms.ee\/wp-content\/uploads\/2019\/07\/1152200760_1-150x102.jpg 150w, https:\/\/kingarms.ee\/wp-content\/uploads\/2019\/07\/1152200760_1-500x341.jpg 500w, https:\/\/kingarms.ee\/wp-content\/uploads\/2019\/07\/1152200760_1-768x523.jpg 768w, https:\/\/kingarms.ee\/wp-content\/uploads\/2019\/07\/1152200760_1.jpg 800w\" sizes=\"auto, (max-width: 300px) 100vw, 300px\" \/><\/a><\/p>\n","protected":false},"excerpt":{"rendered":"<p>Mosfetin kolmannen sukupolven ohjelmoitava liipaisin. J\u00e4rjestelm\u00e4ss\u00e4 on 10 toimintoa. Uusi sarjakuvaustila antaa sinun rajoittaa sarjan pituutta.<\/p>\n<p>1. Vakio MOSFET-toiminto (eliminoi mekaanisten koskettimien sulkemisen aiheuttamat menetykset ja suojaa niit\u00e4 v\u00e4ist\u00e4m\u00e4tt\u00e4 palamiselta.) Akun energia ohjataan suoraan moottoriin.<br \/>\n2. Aktiivinen jarru (est\u00e4\u00e4 m\u00e4nn\u00e4n venytt\u00e4mist\u00e4 liikkeen j\u00e4lkeen, m\u00e4nt\u00e4 on aina takana ja moottori pys\u00e4htyy heti liipaisimen vapauttamisen j\u00e4lkeen)<br \/>\n3. Li-Poly \/ Li-Ion \/ LiFePO4 \/ NiCd-paristojen riitt\u00e4m\u00e4t\u00f6n suojaus<br \/>\n4. Oikosulkusuojaus<br \/>\n5. L\u00e4mp\u00f6suojaus<br \/>\n6. Ohjelmointi<br \/>\n7. S\u00e4\u00e4d\u00e4 tulipalon nopeutta<br \/>\n8. Jatkuva kuvaustila<br \/>\n9. Smart Start<br \/>\n10. K\u00e4ytt\u00f6tavat:<br \/>\n&#8211; Perustila.<br \/>\n&#8211; Laajennettu tila. J\u00e4rjestelm\u00e4\u00e4n kytketyt k\u00e4ynnistysyhteydet.<\/p>\n","protected":false},"featured_media":21516,"template":"","meta":{"_acf_changed":false},"product_brand":[],"product_cat":[820,275],"product_tag":[],"class_list":{"0":"post-21515","1":"product","2":"type-product","3":"status-publish","4":"has-post-thumbnail","6":"product_cat-gate-fi","7":"product_cat-viritys","9":"first","10":"onbackorder","11":"taxable","12":"shipping-taxable","13":"product-type-simple"},"acf":[],"_links":{"self":[{"href":"https:\/\/kingarms.ee\/fi\/wp-json\/wp\/v2\/product\/21515","targetHints":{"allow":["GET"]}}],"collection":[{"href":"https:\/\/kingarms.ee\/fi\/wp-json\/wp\/v2\/product"}],"about":[{"href":"https:\/\/kingarms.ee\/fi\/wp-json\/wp\/v2\/types\/product"}],"wp:featuredmedia":[{"embeddable":true,"href":"https:\/\/kingarms.ee\/fi\/wp-json\/wp\/v2\/media\/21516"}],"wp:attachment":[{"href":"https:\/\/kingarms.ee\/fi\/wp-json\/wp\/v2\/media?parent=21515"}],"wp:term":[{"taxonomy":"product_brand","embeddable":true,"href":"https:\/\/kingarms.ee\/fi\/wp-json\/wp\/v2\/product_brand?post=21515"},{"taxonomy":"product_cat","embeddable":true,"href":"https:\/\/kingarms.ee\/fi\/wp-json\/wp\/v2\/product_cat?post=21515"},{"taxonomy":"product_tag","embeddable":true,"href":"https:\/\/kingarms.ee\/fi\/wp-json\/wp\/v2\/product_tag?post=21515"}],"curies":[{"name":"wp","href":"https:\/\/api.w.org\/{rel}","templated":true}]}}