{"id":21521,"date":"2018-08-31T11:08:37","date_gmt":"2018-08-31T08:08:37","guid":{"rendered":"https:\/\/kingarms.ee\/product\/colt-1911-5-girsan-1911-mc-fastdraw-holster-black\/"},"modified":"2023-09-28T19:02:42","modified_gmt":"2023-09-28T16:02:42","slug":"colt-1911-5-girsan-1911-mc-fastdraw-pistoolikotelo-musta","status":"publish","type":"product","link":"https:\/\/kingarms.ee\/fi\/product\/colt-1911-5-girsan-1911-mc-fastdraw-pistoolikotelo-musta\/","title":{"rendered":"Colt 1911-5&#8243;, Girsan 1911 MC, FastDraw Pistoolikotelo &#8211; Musta"},"content":{"rendered":"<p><a href=\"https:\/\/kingarms.ee\/wp-content\/uploads\/2018\/08\/1152216280_1-300x200.jpg\"><img loading=\"lazy\" decoding=\"async\" class=\"alignnone size-medium wp-image-21522\" src=\"https:\/\/kingarms.ee\/wp-content\/uploads\/2018\/08\/1152216280_1-300x200.jpg\" alt=\"\" width=\"300\" height=\"200\" srcset=\"https:\/\/kingarms.ee\/wp-content\/uploads\/2018\/08\/1152216280_1-300x200.jpg 300w, https:\/\/kingarms.ee\/wp-content\/uploads\/2018\/08\/1152216280_1-150x100.jpg 150w, https:\/\/kingarms.ee\/wp-content\/uploads\/2018\/08\/1152216280_1-500x333.jpg 500w, https:\/\/kingarms.ee\/wp-content\/uploads\/2018\/08\/1152216280_1-768x512.jpg 768w, https:\/\/kingarms.ee\/wp-content\/uploads\/2018\/08\/1152216280_1.jpg 800w\" sizes=\"auto, (max-width: 300px) 100vw, 300px\" \/><\/a><\/p>\n","protected":false},"excerpt":{"rendered":"<p>Colt 1911-5&#8243;, Girsan 1911 MC, FastDraw Pistoolikotelo &#8211; Musta<\/p>\n<p>Muovinen kotelo COLT 1911 -pistooleille, valmistaja Cytac. Kupussa on nappilukko. Kiinnitetty vy\u00f6hihnaan tai hihnaan. Kotelo voidaan s\u00e4\u00e4t\u00e4\u00e4 ja k\u00e4\u00e4nt\u00e4\u00e4 360 * halutulla tavalla.<\/p>\n","protected":false},"featured_media":21522,"template":"","meta":{"_acf_changed":false},"product_brand":[],"product_cat":[244],"product_tag":[],"class_list":{"0":"post-21521","1":"product","2":"type-product","3":"status-publish","4":"has-post-thumbnail","6":"product_cat-holsters-fi","8":"first","9":"instock","10":"purchasable","11":"product-type-simple"},"acf":[],"_links":{"self":[{"href":"https:\/\/kingarms.ee\/fi\/wp-json\/wp\/v2\/product\/21521","targetHints":{"allow":["GET"]}}],"collection":[{"href":"https:\/\/kingarms.ee\/fi\/wp-json\/wp\/v2\/product"}],"about":[{"href":"https:\/\/kingarms.ee\/fi\/wp-json\/wp\/v2\/types\/product"}],"wp:featuredmedia":[{"embeddable":true,"href":"https:\/\/kingarms.ee\/fi\/wp-json\/wp\/v2\/media\/21522"}],"wp:attachment":[{"href":"https:\/\/kingarms.ee\/fi\/wp-json\/wp\/v2\/media?parent=21521"}],"wp:term":[{"taxonomy":"product_brand","embeddable":true,"href":"https:\/\/kingarms.ee\/fi\/wp-json\/wp\/v2\/product_brand?post=21521"},{"taxonomy":"product_cat","embeddable":true,"href":"https:\/\/kingarms.ee\/fi\/wp-json\/wp\/v2\/product_cat?post=21521"},{"taxonomy":"product_tag","embeddable":true,"href":"https:\/\/kingarms.ee\/fi\/wp-json\/wp\/v2\/product_tag?post=21521"}],"curies":[{"name":"wp","href":"https:\/\/api.w.org\/{rel}","templated":true}]}}