{"id":21525,"date":"2019-07-24T01:16:19","date_gmt":"2019-07-23T22:16:19","guid":{"rendered":"https:\/\/kingarms.ee\/product\/g17-g19-g18-kabuur\/"},"modified":"2024-08-09T17:45:00","modified_gmt":"2024-08-09T14:45:00","slug":"g17-g19-g18-pistoolikotelo","status":"publish","type":"product","link":"https:\/\/kingarms.ee\/fi\/product\/g17-g19-g18-pistoolikotelo\/","title":{"rendered":"G17\/G19\/G18 pistoolikotelo"},"content":{"rendered":"<p><a href=\"https:\/\/kingarms.ee\/wp-content\/uploads\/2019\/07\/AM-GAG1-300x225.jpg\"><img loading=\"lazy\" decoding=\"async\" class=\"alignnone size-medium wp-image-21526\" src=\"https:\/\/kingarms.ee\/wp-content\/uploads\/2019\/07\/AM-GAG1-300x225.jpg\" alt=\"\" width=\"300\" height=\"225\" srcset=\"https:\/\/kingarms.ee\/wp-content\/uploads\/2019\/07\/AM-GAG1-300x225.jpg 300w, https:\/\/kingarms.ee\/wp-content\/uploads\/2019\/07\/AM-GAG1-150x113.jpg 150w, https:\/\/kingarms.ee\/wp-content\/uploads\/2019\/07\/AM-GAG1-500x375.jpg 500w, https:\/\/kingarms.ee\/wp-content\/uploads\/2019\/07\/AM-GAG1-600x450.jpg 600w, https:\/\/kingarms.ee\/wp-content\/uploads\/2019\/07\/AM-GAG1.jpg 640w\" sizes=\"auto, (max-width: 300px) 100vw, 300px\" \/><\/a><\/p>\n","protected":false},"excerpt":{"rendered":"<p>G17\/G19\/G18 pistoolikotelo<\/p>\n<p>Sopii Cytacin G17 \/ G19 \/ G18-pistoolien muovikoteloon. Kupussa on nappilukko. Kiinnitetty vy\u00f6hihnaan tai hihnaan. Kotelo voidaan s\u00e4\u00e4t\u00e4\u00e4 ja k\u00e4\u00e4nt\u00e4\u00e4 360 * halutulla tavalla.<\/p>\n","protected":false},"featured_media":21526,"template":"","meta":{"_acf_changed":false},"product_brand":[],"product_cat":[244],"product_tag":[],"class_list":{"0":"post-21525","1":"product","2":"type-product","3":"status-publish","4":"has-post-thumbnail","6":"product_cat-holsters-fi","8":"first","9":"onbackorder","10":"taxable","11":"shipping-taxable","12":"product-type-simple"},"acf":[],"_links":{"self":[{"href":"https:\/\/kingarms.ee\/fi\/wp-json\/wp\/v2\/product\/21525","targetHints":{"allow":["GET"]}}],"collection":[{"href":"https:\/\/kingarms.ee\/fi\/wp-json\/wp\/v2\/product"}],"about":[{"href":"https:\/\/kingarms.ee\/fi\/wp-json\/wp\/v2\/types\/product"}],"wp:featuredmedia":[{"embeddable":true,"href":"https:\/\/kingarms.ee\/fi\/wp-json\/wp\/v2\/media\/21526"}],"wp:attachment":[{"href":"https:\/\/kingarms.ee\/fi\/wp-json\/wp\/v2\/media?parent=21525"}],"wp:term":[{"taxonomy":"product_brand","embeddable":true,"href":"https:\/\/kingarms.ee\/fi\/wp-json\/wp\/v2\/product_brand?post=21525"},{"taxonomy":"product_cat","embeddable":true,"href":"https:\/\/kingarms.ee\/fi\/wp-json\/wp\/v2\/product_cat?post=21525"},{"taxonomy":"product_tag","embeddable":true,"href":"https:\/\/kingarms.ee\/fi\/wp-json\/wp\/v2\/product_tag?post=21525"}],"curies":[{"name":"wp","href":"https:\/\/api.w.org\/{rel}","templated":true}]}}