{"id":21530,"date":"2019-07-24T01:21:09","date_gmt":"2019-07-23T22:21:09","guid":{"rendered":"https:\/\/kingarms.ee\/product\/hi-capa-tm-we-kwa-kjw\/"},"modified":"2024-08-09T17:44:16","modified_gmt":"2024-08-09T14:44:16","slug":"hi-capa-tm-we-kwa-kjw","status":"publish","type":"product","link":"https:\/\/kingarms.ee\/fi\/product\/hi-capa-tm-we-kwa-kjw\/","title":{"rendered":"Hi-Capa TM\/WE\/KWA\/KJW"},"content":{"rendered":"<p><a href=\"https:\/\/kingarms.ee\/wp-content\/uploads\/2019\/07\/AM-HCPG21-300x225.jpg\"><img loading=\"lazy\" decoding=\"async\" class=\"alignnone size-medium wp-image-17000\" src=\"https:\/\/kingarms.ee\/wp-content\/uploads\/2019\/07\/AM-HCPG21-300x225.jpg\" alt=\"\" width=\"300\" height=\"225\" srcset=\"https:\/\/kingarms.ee\/wp-content\/uploads\/2019\/07\/AM-HCPG21-300x225.jpg 300w, https:\/\/kingarms.ee\/wp-content\/uploads\/2019\/07\/AM-HCPG21-150x113.jpg 150w, https:\/\/kingarms.ee\/wp-content\/uploads\/2019\/07\/AM-HCPG21-500x375.jpg 500w, https:\/\/kingarms.ee\/wp-content\/uploads\/2019\/07\/AM-HCPG21-600x450.jpg 600w, https:\/\/kingarms.ee\/wp-content\/uploads\/2019\/07\/AM-HCPG21.jpg 640w\" sizes=\"auto, (max-width: 300px) 100vw, 300px\" \/><\/a><\/p>\n","protected":false},"excerpt":{"rendered":"<p>Hi-Capa TM\/WE\/KWA\/KJW<\/p>\n<p>Sopii muoviseen koteloon Cytacin Hi-Capa TM \/ WE \/ KWA \/ KJW -pistooleille. Kupussa on nappilukko. Kiinnitetty vy\u00f6hihnaan tai hihnaan. Kotelo voidaan s\u00e4\u00e4t\u00e4\u00e4 ja k\u00e4\u00e4nt\u00e4\u00e4 360 * halutulla tavalla.<\/p>\n","protected":false},"featured_media":21531,"template":"","meta":{"_acf_changed":false},"product_brand":[],"product_cat":[244],"product_tag":[],"class_list":{"0":"post-21530","1":"product","2":"type-product","3":"status-publish","4":"has-post-thumbnail","6":"product_cat-holsters-fi","8":"first","9":"instock","10":"taxable","11":"shipping-taxable","12":"purchasable","13":"product-type-simple"},"acf":[],"_links":{"self":[{"href":"https:\/\/kingarms.ee\/fi\/wp-json\/wp\/v2\/product\/21530","targetHints":{"allow":["GET"]}}],"collection":[{"href":"https:\/\/kingarms.ee\/fi\/wp-json\/wp\/v2\/product"}],"about":[{"href":"https:\/\/kingarms.ee\/fi\/wp-json\/wp\/v2\/types\/product"}],"wp:featuredmedia":[{"embeddable":true,"href":"https:\/\/kingarms.ee\/fi\/wp-json\/wp\/v2\/media\/21531"}],"wp:attachment":[{"href":"https:\/\/kingarms.ee\/fi\/wp-json\/wp\/v2\/media?parent=21530"}],"wp:term":[{"taxonomy":"product_brand","embeddable":true,"href":"https:\/\/kingarms.ee\/fi\/wp-json\/wp\/v2\/product_brand?post=21530"},{"taxonomy":"product_cat","embeddable":true,"href":"https:\/\/kingarms.ee\/fi\/wp-json\/wp\/v2\/product_cat?post=21530"},{"taxonomy":"product_tag","embeddable":true,"href":"https:\/\/kingarms.ee\/fi\/wp-json\/wp\/v2\/product_tag?post=21530"}],"curies":[{"name":"wp","href":"https:\/\/api.w.org\/{rel}","templated":true}]}}