{"id":21543,"date":"2019-05-22T15:43:47","date_gmt":"2019-05-22T12:43:47","guid":{"rendered":"https:\/\/kingarms.ee\/product\/modulaarne-reie-kabuur-beez\/"},"modified":"2024-08-09T18:17:14","modified_gmt":"2024-08-09T15:17:14","slug":"modulaarinen-reisikotelo-beige","status":"publish","type":"product","link":"https:\/\/kingarms.ee\/fi\/product\/modulaarinen-reisikotelo-beige\/","title":{"rendered":"Modulaarinen Reisikotelo &#8211; Beige"},"content":{"rendered":"<p><a href=\"https:\/\/kingarms.ee\/wp-content\/uploads\/2019\/05\/1152191683_1-300x204.jpg\"><img loading=\"lazy\" decoding=\"async\" class=\"alignnone size-medium wp-image-21544\" src=\"https:\/\/kingarms.ee\/wp-content\/uploads\/2019\/05\/1152191683_1-300x204.jpg\" alt=\"\" width=\"300\" height=\"204\" srcset=\"https:\/\/kingarms.ee\/wp-content\/uploads\/2019\/05\/1152191683_1-300x204.jpg 300w, https:\/\/kingarms.ee\/wp-content\/uploads\/2019\/05\/1152191683_1-150x102.jpg 150w, https:\/\/kingarms.ee\/wp-content\/uploads\/2019\/05\/1152191683_1-500x341.jpg 500w, https:\/\/kingarms.ee\/wp-content\/uploads\/2019\/05\/1152191683_1-768x523.jpg 768w, https:\/\/kingarms.ee\/wp-content\/uploads\/2019\/05\/1152191683_1.jpg 800w\" sizes=\"auto, (max-width: 300px) 100vw, 300px\" \/><\/a><\/p>\n","protected":false},"excerpt":{"rendered":"<p>Modulaarinen Reisikotelo &#8211; Beige<\/p>\n<p>Kotelo on valmistettu nylonista. Vy\u00f6t\u00e4r\u00f6nauha suljetaan vetoketjulla ja on t\u00e4ysin s\u00e4\u00e4dett\u00e4viss\u00e4. Vy\u00f6hihna on my\u00f6s varustettu vetoketjulla kotelon nopeaa poistamista varten. Kotelo on peitetty PALS-teipill\u00e4, joka on MOLLE-standardi koko pinnalla. Kotelossa on my\u00f6s pistoolipussi, alustalaukku ja pieni 100x900x25mm iso laukku.<\/p>\n","protected":false},"featured_media":21544,"template":"","meta":{"_acf_changed":false},"product_brand":[],"product_cat":[244],"product_tag":[],"class_list":{"0":"post-21543","1":"product","2":"type-product","3":"status-publish","4":"has-post-thumbnail","6":"product_cat-holsters-fi","8":"first","9":"onbackorder","10":"taxable","11":"shipping-taxable","12":"product-type-simple"},"acf":[],"_links":{"self":[{"href":"https:\/\/kingarms.ee\/fi\/wp-json\/wp\/v2\/product\/21543","targetHints":{"allow":["GET"]}}],"collection":[{"href":"https:\/\/kingarms.ee\/fi\/wp-json\/wp\/v2\/product"}],"about":[{"href":"https:\/\/kingarms.ee\/fi\/wp-json\/wp\/v2\/types\/product"}],"wp:featuredmedia":[{"embeddable":true,"href":"https:\/\/kingarms.ee\/fi\/wp-json\/wp\/v2\/media\/21544"}],"wp:attachment":[{"href":"https:\/\/kingarms.ee\/fi\/wp-json\/wp\/v2\/media?parent=21543"}],"wp:term":[{"taxonomy":"product_brand","embeddable":true,"href":"https:\/\/kingarms.ee\/fi\/wp-json\/wp\/v2\/product_brand?post=21543"},{"taxonomy":"product_cat","embeddable":true,"href":"https:\/\/kingarms.ee\/fi\/wp-json\/wp\/v2\/product_cat?post=21543"},{"taxonomy":"product_tag","embeddable":true,"href":"https:\/\/kingarms.ee\/fi\/wp-json\/wp\/v2\/product_tag?post=21543"}],"curies":[{"name":"wp","href":"https:\/\/api.w.org\/{rel}","templated":true}]}}