{"id":21579,"date":"2019-04-18T21:39:46","date_gmt":"2019-04-18T18:39:46","guid":{"rendered":"https:\/\/kingarms.ee\/product\/universaalne-reiekabuur-woodland\/"},"modified":"2024-08-09T18:37:08","modified_gmt":"2024-08-09T15:37:08","slug":"yleismaailmallinen-reisikotelo-woodland","status":"publish","type":"product","link":"https:\/\/kingarms.ee\/fi\/product\/yleismaailmallinen-reisikotelo-woodland\/","title":{"rendered":"Yleismaailmallinen reisikotelo\u2013 Woodland"},"content":{"rendered":"<p><a href=\"https:\/\/kingarms.ee\/wp-content\/uploads\/2019\/04\/1152190774_2-300x205.jpg\"><img loading=\"lazy\" decoding=\"async\" class=\"size-medium wp-image-21580\" src=\"https:\/\/kingarms.ee\/wp-content\/uploads\/2019\/04\/1152190774_2-300x205.jpg\" alt=\"\" width=\"300\" height=\"205\" srcset=\"https:\/\/kingarms.ee\/wp-content\/uploads\/2019\/04\/1152190774_2-300x205.jpg 300w, https:\/\/kingarms.ee\/wp-content\/uploads\/2019\/04\/1152190774_2-150x102.jpg 150w, https:\/\/kingarms.ee\/wp-content\/uploads\/2019\/04\/1152190774_2-500x341.jpg 500w, https:\/\/kingarms.ee\/wp-content\/uploads\/2019\/04\/1152190774_2.jpg 550w\" sizes=\"auto, (max-width: 300px) 100vw, 300px\" \/><\/a><\/p>\n","protected":false},"excerpt":{"rendered":"<p>Yleismaailmallinen reisikotelo\u2013 Woodland<\/p>\n<p>Woodland-reiteen kotelo. Kuppu on helppo k\u00e4sitell\u00e4. K\u00e4ytt\u00e4j\u00e4 voi poistaa ja nostaa kotelon eri osia haluamallasi tavalla. Kotelo on universaali, joka sopii useimpiin pistooleihin. Pito jalkan ymp\u00e4rill\u00e4 voidaan s\u00e4\u00e4t\u00e4\u00e4 helposti, sopii sek\u00e4 pienille ett\u00e4 isoille pelaajille.<\/p>\n","protected":false},"featured_media":21580,"template":"","meta":{"_acf_changed":false},"product_brand":[],"product_cat":[244],"product_tag":[],"class_list":{"0":"post-21579","1":"product","2":"type-product","3":"status-publish","4":"has-post-thumbnail","6":"product_cat-holsters-fi","8":"first","9":"onbackorder","10":"taxable","11":"shipping-taxable","12":"product-type-simple"},"acf":[],"_links":{"self":[{"href":"https:\/\/kingarms.ee\/fi\/wp-json\/wp\/v2\/product\/21579","targetHints":{"allow":["GET"]}}],"collection":[{"href":"https:\/\/kingarms.ee\/fi\/wp-json\/wp\/v2\/product"}],"about":[{"href":"https:\/\/kingarms.ee\/fi\/wp-json\/wp\/v2\/types\/product"}],"wp:featuredmedia":[{"embeddable":true,"href":"https:\/\/kingarms.ee\/fi\/wp-json\/wp\/v2\/media\/21580"}],"wp:attachment":[{"href":"https:\/\/kingarms.ee\/fi\/wp-json\/wp\/v2\/media?parent=21579"}],"wp:term":[{"taxonomy":"product_brand","embeddable":true,"href":"https:\/\/kingarms.ee\/fi\/wp-json\/wp\/v2\/product_brand?post=21579"},{"taxonomy":"product_cat","embeddable":true,"href":"https:\/\/kingarms.ee\/fi\/wp-json\/wp\/v2\/product_cat?post=21579"},{"taxonomy":"product_tag","embeddable":true,"href":"https:\/\/kingarms.ee\/fi\/wp-json\/wp\/v2\/product_tag?post=21579"}],"curies":[{"name":"wp","href":"https:\/\/api.w.org\/{rel}","templated":true}]}}