{"id":21586,"date":"2018-08-31T11:09:13","date_gmt":"2018-08-31T08:09:13","guid":{"rendered":"https:\/\/kingarms.ee\/product\/2-punkti-relvarihm-tan-black-olivie\/"},"modified":"2020-06-06T15:43:23","modified_gmt":"2020-06-06T12:43:23","slug":"2-pisteinen-pistoolihihna-ruskea-musta-oliivi","status":"publish","type":"product","link":"https:\/\/kingarms.ee\/fi\/product\/2-pisteinen-pistoolihihna-ruskea-musta-oliivi\/","title":{"rendered":"2-PISTEINEN PISTOOLIHIHNA  (Ruskea, Musta, Oliivi)"},"content":{"rendered":"<p><a href=\"https:\/\/kingarms.ee\/wp-content\/uploads\/2018\/06\/1152203338_1.jpg\"><img loading=\"lazy\" decoding=\"async\" class=\"alignnone size-medium wp-image-3198\" src=\"https:\/\/kingarms.ee\/wp-content\/uploads\/2018\/06\/1152203338_1-300x200.jpg\" alt=\"\" width=\"300\" height=\"200\" \/><\/a><\/p>\n","protected":false},"excerpt":{"rendered":"<p>Vihre\u00e4, tan ja musta 2-pisteinen asehihna on valmistettu nylonista.<\/p>\n<p>S\u00e4\u00e4dett\u00e4v\u00e4 hihna.<\/p>\n","protected":false},"featured_media":21587,"template":"","meta":{"_acf_changed":false},"product_brand":[],"product_cat":[656],"product_tag":[],"class_list":{"0":"post-21586","1":"product","2":"type-product","3":"status-publish","4":"has-post-thumbnail","6":"product_cat-kasivarsien-hihnat","8":"first","9":"instock","10":"purchasable","11":"product-type-simple"},"acf":[],"_links":{"self":[{"href":"https:\/\/kingarms.ee\/fi\/wp-json\/wp\/v2\/product\/21586","targetHints":{"allow":["GET"]}}],"collection":[{"href":"https:\/\/kingarms.ee\/fi\/wp-json\/wp\/v2\/product"}],"about":[{"href":"https:\/\/kingarms.ee\/fi\/wp-json\/wp\/v2\/types\/product"}],"wp:featuredmedia":[{"embeddable":true,"href":"https:\/\/kingarms.ee\/fi\/wp-json\/wp\/v2\/media\/21587"}],"wp:attachment":[{"href":"https:\/\/kingarms.ee\/fi\/wp-json\/wp\/v2\/media?parent=21586"}],"wp:term":[{"taxonomy":"product_brand","embeddable":true,"href":"https:\/\/kingarms.ee\/fi\/wp-json\/wp\/v2\/product_brand?post=21586"},{"taxonomy":"product_cat","embeddable":true,"href":"https:\/\/kingarms.ee\/fi\/wp-json\/wp\/v2\/product_cat?post=21586"},{"taxonomy":"product_tag","embeddable":true,"href":"https:\/\/kingarms.ee\/fi\/wp-json\/wp\/v2\/product_tag?post=21586"}],"curies":[{"name":"wp","href":"https:\/\/api.w.org\/{rel}","templated":true}]}}