{"id":21611,"date":"2018-08-31T11:09:13","date_gmt":"2018-08-31T08:09:13","guid":{"rendered":"https:\/\/kingarms.ee\/product\/3-punkti-relvarihm-tan-black-olivie\/"},"modified":"2020-11-06T23:29:30","modified_gmt":"2020-11-06T20:29:30","slug":"3-pisteinen-pistoolihihna-hiekka-musta-oliivi","status":"publish","type":"product","link":"https:\/\/kingarms.ee\/fi\/product\/3-pisteinen-pistoolihihna-hiekka-musta-oliivi\/","title":{"rendered":"3-PISTEINEN PISTOOLIHIHNA  (Hiekka, Musta, Oliivi)"},"content":{"rendered":"<p><a href=\"https:\/\/kingarms.ee\/wp-content\/uploads\/2018\/06\/1152203344_1.jpg\"><img loading=\"lazy\" decoding=\"async\" class=\"alignnone size-medium wp-image-3208\" src=\"https:\/\/kingarms.ee\/wp-content\/uploads\/2018\/06\/1152203344_1-300x200.jpg\" alt=\"\" width=\"300\" height=\"200\" \/><\/a><\/p>\n","protected":false},"excerpt":{"rendered":"<p>Vihre\u00e4, kellanruskea ja musta 3-pisteinen pistoolihihna nailonia.<\/p>\n<p>S\u00e4\u00e4dett\u00e4v\u00e4 hihna.<\/p>\n","protected":false},"featured_media":21612,"template":"","meta":{"_acf_changed":false},"product_brand":[],"product_cat":[656],"product_tag":[],"class_list":{"0":"post-21611","1":"product","2":"type-product","3":"status-publish","4":"has-post-thumbnail","6":"product_cat-kasivarsien-hihnat","8":"first","9":"instock","10":"sale","11":"purchasable","12":"product-type-simple"},"acf":[],"_links":{"self":[{"href":"https:\/\/kingarms.ee\/fi\/wp-json\/wp\/v2\/product\/21611","targetHints":{"allow":["GET"]}}],"collection":[{"href":"https:\/\/kingarms.ee\/fi\/wp-json\/wp\/v2\/product"}],"about":[{"href":"https:\/\/kingarms.ee\/fi\/wp-json\/wp\/v2\/types\/product"}],"wp:featuredmedia":[{"embeddable":true,"href":"https:\/\/kingarms.ee\/fi\/wp-json\/wp\/v2\/media\/21612"}],"wp:attachment":[{"href":"https:\/\/kingarms.ee\/fi\/wp-json\/wp\/v2\/media?parent=21611"}],"wp:term":[{"taxonomy":"product_brand","embeddable":true,"href":"https:\/\/kingarms.ee\/fi\/wp-json\/wp\/v2\/product_brand?post=21611"},{"taxonomy":"product_cat","embeddable":true,"href":"https:\/\/kingarms.ee\/fi\/wp-json\/wp\/v2\/product_cat?post=21611"},{"taxonomy":"product_tag","embeddable":true,"href":"https:\/\/kingarms.ee\/fi\/wp-json\/wp\/v2\/product_tag?post=21611"}],"curies":[{"name":"wp","href":"https:\/\/api.w.org\/{rel}","templated":true}]}}