{"id":21657,"date":"2018-08-31T11:08:54","date_gmt":"2018-08-31T08:08:54","guid":{"rendered":"https:\/\/kingarms.ee\/product\/ris-taktikaline-kaepide-2\/"},"modified":"2022-02-27T19:29:52","modified_gmt":"2022-02-27T16:29:52","slug":"ris-taktinen-keppi-2","status":"publish","type":"product","link":"https:\/\/kingarms.ee\/fi\/product\/ris-taktinen-keppi-2\/","title":{"rendered":"RIS-taktinen kahva (musta)"},"content":{"rendered":"<p><img loading=\"lazy\" decoding=\"async\" class=\"alignnone size-medium wp-image-37898\" src=\"https:\/\/kingarms.ee\/wp-content\/uploads\/2018\/08\/1152203446_1-300x200.jpeg\" alt=\"\" width=\"300\" height=\"200\" srcset=\"https:\/\/kingarms.ee\/wp-content\/uploads\/2018\/08\/1152203446_1-300x200.jpeg 300w, https:\/\/kingarms.ee\/wp-content\/uploads\/2018\/08\/1152203446_1-768x512.jpeg 768w, https:\/\/kingarms.ee\/wp-content\/uploads\/2018\/08\/1152203446_1-500x333.jpeg 500w, https:\/\/kingarms.ee\/wp-content\/uploads\/2018\/08\/1152203446_1-150x100.jpeg 150w, https:\/\/kingarms.ee\/wp-content\/uploads\/2018\/08\/1152203446_1.jpeg 800w\" sizes=\"auto, (max-width: 300px) 100vw, 300px\" \/><\/p>\n","protected":false},"excerpt":{"rendered":"<p>T\u00e4m\u00e4 taktinen kahva sopii vain 22 mm RIS-kiskoille. Sivussa on kisko, voit asentaa my\u00f6s taskulampun tai lasert\u00e4ht\u00e4imen.<\/p>\n","protected":false},"featured_media":37898,"template":"","meta":{"_acf_changed":false},"product_brand":[],"product_cat":[245,242],"product_tag":[],"class_list":{"0":"post-21657","1":"product","2":"type-product","3":"status-publish","4":"has-post-thumbnail","6":"product_cat-kahvat-renkaat-vyot","7":"product_cat-lisavarusteet","9":"first","10":"instock","11":"purchasable","12":"product-type-simple"},"acf":[],"_links":{"self":[{"href":"https:\/\/kingarms.ee\/fi\/wp-json\/wp\/v2\/product\/21657","targetHints":{"allow":["GET"]}}],"collection":[{"href":"https:\/\/kingarms.ee\/fi\/wp-json\/wp\/v2\/product"}],"about":[{"href":"https:\/\/kingarms.ee\/fi\/wp-json\/wp\/v2\/types\/product"}],"wp:featuredmedia":[{"embeddable":true,"href":"https:\/\/kingarms.ee\/fi\/wp-json\/wp\/v2\/media\/37898"}],"wp:attachment":[{"href":"https:\/\/kingarms.ee\/fi\/wp-json\/wp\/v2\/media?parent=21657"}],"wp:term":[{"taxonomy":"product_brand","embeddable":true,"href":"https:\/\/kingarms.ee\/fi\/wp-json\/wp\/v2\/product_brand?post=21657"},{"taxonomy":"product_cat","embeddable":true,"href":"https:\/\/kingarms.ee\/fi\/wp-json\/wp\/v2\/product_cat?post=21657"},{"taxonomy":"product_tag","embeddable":true,"href":"https:\/\/kingarms.ee\/fi\/wp-json\/wp\/v2\/product_tag?post=21657"}],"curies":[{"name":"wp","href":"https:\/\/api.w.org\/{rel}","templated":true}]}}