{"id":21661,"date":"2018-08-31T11:09:13","date_gmt":"2018-08-31T08:09:13","guid":{"rendered":"https:\/\/kingarms.ee\/product\/sling-mount-for-m4-m16\/"},"modified":"2020-11-06T23:29:30","modified_gmt":"2020-11-06T20:29:30","slug":"vyon-kiinnitys-m4-m16","status":"publish","type":"product","link":"https:\/\/kingarms.ee\/fi\/product\/vyon-kiinnitys-m4-m16\/","title":{"rendered":"vy\u00f6n kiinnitys M4\/M16"},"content":{"rendered":"<p><a href=\"https:\/\/kingarms.ee\/wp-content\/uploads\/2018\/06\/1152218266_1.jpg\"><img loading=\"lazy\" decoding=\"async\" class=\"alignnone size-medium wp-image-3276\" src=\"https:\/\/kingarms.ee\/wp-content\/uploads\/2018\/06\/1152218266_1-300x200.jpg\" alt=\"\" width=\"300\" height=\"200\" \/><\/a><\/p>\n","protected":false},"excerpt":{"rendered":"<p>Ter\u00e4ksest\u00e4 valmistettu sein\u00e4kiinnike, joka mahdollistaa kiinnityksen aseeseen ja my\u00f6hemp\u00e4\u00e4 k\u00e4ytt\u00f6\u00e4 aseen hihnan kiinnitt\u00e4miseen.<\/p>\n","protected":false},"featured_media":21662,"template":"","meta":{"_acf_changed":false},"product_brand":[],"product_cat":[242,245],"product_tag":[],"class_list":{"0":"post-21661","1":"product","2":"type-product","3":"status-publish","4":"has-post-thumbnail","6":"product_cat-lisavarusteet","7":"product_cat-kahvat-renkaat-vyot","9":"first","10":"instock","11":"purchasable","12":"product-type-simple"},"acf":[],"_links":{"self":[{"href":"https:\/\/kingarms.ee\/fi\/wp-json\/wp\/v2\/product\/21661","targetHints":{"allow":["GET"]}}],"collection":[{"href":"https:\/\/kingarms.ee\/fi\/wp-json\/wp\/v2\/product"}],"about":[{"href":"https:\/\/kingarms.ee\/fi\/wp-json\/wp\/v2\/types\/product"}],"wp:featuredmedia":[{"embeddable":true,"href":"https:\/\/kingarms.ee\/fi\/wp-json\/wp\/v2\/media\/21662"}],"wp:attachment":[{"href":"https:\/\/kingarms.ee\/fi\/wp-json\/wp\/v2\/media?parent=21661"}],"wp:term":[{"taxonomy":"product_brand","embeddable":true,"href":"https:\/\/kingarms.ee\/fi\/wp-json\/wp\/v2\/product_brand?post=21661"},{"taxonomy":"product_cat","embeddable":true,"href":"https:\/\/kingarms.ee\/fi\/wp-json\/wp\/v2\/product_cat?post=21661"},{"taxonomy":"product_tag","embeddable":true,"href":"https:\/\/kingarms.ee\/fi\/wp-json\/wp\/v2\/product_tag?post=21661"}],"curies":[{"name":"wp","href":"https:\/\/api.w.org\/{rel}","templated":true}]}}