{"id":22038,"date":"2019-10-25T12:29:38","date_gmt":"2019-10-25T09:29:38","guid":{"rendered":"https:\/\/kingarms.ee\/product\/m4-1200rd-rumpulipas\/"},"modified":"2025-02-24T21:14:45","modified_gmt":"2025-02-24T18:14:45","slug":"m4-1200rd-rumpulipas","status":"publish","type":"product","link":"https:\/\/kingarms.ee\/fi\/product\/m4-1200rd-rumpulipas\/","title":{"rendered":"M4 1200rd (rumpulipas)"},"content":{"rendered":"<p><a href=\"https:\/\/kingarms.ee\/wp-content\/uploads\/2019\/10\/FBP183411-300x225.jpg\"><img loading=\"lazy\" decoding=\"async\" class=\"alignnone size-medium wp-image-18994\" src=\"https:\/\/kingarms.ee\/wp-content\/uploads\/2019\/10\/FBP183411-300x225.jpg\" alt=\"\" width=\"300\" height=\"225\" srcset=\"https:\/\/kingarms.ee\/wp-content\/uploads\/2019\/10\/FBP183411-300x225.jpg 300w, https:\/\/kingarms.ee\/wp-content\/uploads\/2019\/10\/FBP183411-150x113.jpg 150w, https:\/\/kingarms.ee\/wp-content\/uploads\/2019\/10\/FBP183411-500x375.jpg 500w, https:\/\/kingarms.ee\/wp-content\/uploads\/2019\/10\/FBP183411-600x450.jpg 600w, https:\/\/kingarms.ee\/wp-content\/uploads\/2019\/10\/FBP183411.jpg 640w\" sizes=\"auto, (max-width: 300px) 100vw, 300px\" \/><\/a><\/p>\n","protected":false},"excerpt":{"rendered":"<p>Alustan virtal\u00e4hteen\u00e4 on ladattava akku, joka sijaitsee lokeron sis\u00e4ll\u00e4 (laturi ja akku mukana). Latausaika noin 3 tuntia. Tarjottimella on 2 tilaa AUTOMAATTINEN (jatkuva lataus) ja Vibro-s\u00e4\u00e4t\u00f6 (liiallinen jousien lukitseminen alkaa, kun lokeron sis\u00e4ll\u00e4 olevien luodien t\u00e4rin\u00e4 havaitaan).<\/p>\n<p>Huom! KingArms antaa sinulle 3 vuoden takuun.<\/p>\n","protected":false},"featured_media":22039,"template":"","meta":{"_acf_changed":false},"product_brand":[],"product_cat":[657],"product_tag":[],"class_list":{"0":"post-22038","1":"product","2":"type-product","3":"status-publish","4":"has-post-thumbnail","6":"product_cat-airsoft-fi-3","8":"first","9":"onbackorder","10":"taxable","11":"shipping-taxable","12":"product-type-simple"},"acf":[],"_links":{"self":[{"href":"https:\/\/kingarms.ee\/fi\/wp-json\/wp\/v2\/product\/22038","targetHints":{"allow":["GET"]}}],"collection":[{"href":"https:\/\/kingarms.ee\/fi\/wp-json\/wp\/v2\/product"}],"about":[{"href":"https:\/\/kingarms.ee\/fi\/wp-json\/wp\/v2\/types\/product"}],"wp:featuredmedia":[{"embeddable":true,"href":"https:\/\/kingarms.ee\/fi\/wp-json\/wp\/v2\/media\/22039"}],"wp:attachment":[{"href":"https:\/\/kingarms.ee\/fi\/wp-json\/wp\/v2\/media?parent=22038"}],"wp:term":[{"taxonomy":"product_brand","embeddable":true,"href":"https:\/\/kingarms.ee\/fi\/wp-json\/wp\/v2\/product_brand?post=22038"},{"taxonomy":"product_cat","embeddable":true,"href":"https:\/\/kingarms.ee\/fi\/wp-json\/wp\/v2\/product_cat?post=22038"},{"taxonomy":"product_tag","embeddable":true,"href":"https:\/\/kingarms.ee\/fi\/wp-json\/wp\/v2\/product_tag?post=22038"}],"curies":[{"name":"wp","href":"https:\/\/api.w.org\/{rel}","templated":true}]}}