{"id":22046,"date":"2019-10-25T12:33:35","date_gmt":"2019-10-25T09:33:35","guid":{"rendered":"https:\/\/kingarms.ee\/product\/m4-3000rd-rumpulipas\/"},"modified":"2024-08-09T17:06:27","modified_gmt":"2024-08-09T14:06:27","slug":"m4-3000rd-rumpulipas","status":"publish","type":"product","link":"https:\/\/kingarms.ee\/fi\/product\/m4-3000rd-rumpulipas\/","title":{"rendered":"M4 3000rd (rumpulipas)"},"content":{"rendered":"<p><a href=\"https:\/\/kingarms.ee\/wp-content\/uploads\/2019\/10\/FBP16831-300x240.jpg\"><img loading=\"lazy\" decoding=\"async\" class=\"alignnone size-medium wp-image-19019\" src=\"https:\/\/kingarms.ee\/wp-content\/uploads\/2019\/10\/FBP16831-300x240.jpg\" alt=\"\" width=\"300\" height=\"240\" srcset=\"https:\/\/kingarms.ee\/wp-content\/uploads\/2019\/10\/FBP16831-300x240.jpg 300w, https:\/\/kingarms.ee\/wp-content\/uploads\/2019\/10\/FBP16831-150x120.jpg 150w, https:\/\/kingarms.ee\/wp-content\/uploads\/2019\/10\/FBP16831-500x400.jpg 500w, https:\/\/kingarms.ee\/wp-content\/uploads\/2019\/10\/FBP16831.jpg 600w\" sizes=\"auto, (max-width: 300px) 100vw, 300px\" \/><\/a><\/p>\n","protected":false},"excerpt":{"rendered":"<p>Alustan virtal\u00e4hteen\u00e4 on ladattava akku, joka sijaitsee lokeron sis\u00e4ll\u00e4 (laturi ja akku mukana). Latausaika noin 3 tuntia. Tarjottimella on 2 tilaa AUTOMAATTINEN (jatkuva lataus) ja Vibro-s\u00e4\u00e4t\u00f6 (liiallinen jousien lukitseminen alkaa, kun lokeron sis\u00e4ll\u00e4 olevien luodien t\u00e4rin\u00e4 havaitaan).<\/p>\n<p>Huom! KingArms antaa sinulle 3 vuoden takuun.<\/p>\n","protected":false},"featured_media":22047,"template":"","meta":{"_acf_changed":false},"product_brand":[],"product_cat":[657],"product_tag":[],"class_list":{"0":"post-22046","1":"product","2":"type-product","3":"status-publish","4":"has-post-thumbnail","6":"product_cat-airsoft-fi-3","8":"first","9":"instock","10":"taxable","11":"shipping-taxable","12":"purchasable","13":"product-type-simple"},"acf":[],"_links":{"self":[{"href":"https:\/\/kingarms.ee\/fi\/wp-json\/wp\/v2\/product\/22046","targetHints":{"allow":["GET"]}}],"collection":[{"href":"https:\/\/kingarms.ee\/fi\/wp-json\/wp\/v2\/product"}],"about":[{"href":"https:\/\/kingarms.ee\/fi\/wp-json\/wp\/v2\/types\/product"}],"wp:featuredmedia":[{"embeddable":true,"href":"https:\/\/kingarms.ee\/fi\/wp-json\/wp\/v2\/media\/22047"}],"wp:attachment":[{"href":"https:\/\/kingarms.ee\/fi\/wp-json\/wp\/v2\/media?parent=22046"}],"wp:term":[{"taxonomy":"product_brand","embeddable":true,"href":"https:\/\/kingarms.ee\/fi\/wp-json\/wp\/v2\/product_brand?post=22046"},{"taxonomy":"product_cat","embeddable":true,"href":"https:\/\/kingarms.ee\/fi\/wp-json\/wp\/v2\/product_cat?post=22046"},{"taxonomy":"product_tag","embeddable":true,"href":"https:\/\/kingarms.ee\/fi\/wp-json\/wp\/v2\/product_tag?post=22046"}],"curies":[{"name":"wp","href":"https:\/\/api.w.org\/{rel}","templated":true}]}}