{"id":22050,"date":"2019-03-07T13:33:07","date_gmt":"2019-03-07T10:33:07","guid":{"rendered":"https:\/\/kingarms.ee\/product\/m4-sovitin-g36-tyyppisille-aseille\/"},"modified":"2024-08-09T19:06:19","modified_gmt":"2024-08-09T16:06:19","slug":"m4-sovitin-g36-tyyppisille-aseille","status":"publish","type":"product","link":"https:\/\/kingarms.ee\/fi\/product\/m4-sovitin-g36-tyyppisille-aseille\/","title":{"rendered":"M4-sovitin G36-tyyppisille aseille"},"content":{"rendered":"<p><a href=\"https:\/\/kingarms.ee\/wp-content\/uploads\/2019\/03\/1152203440_1-300x200.jpg\"><img loading=\"lazy\" decoding=\"async\" class=\"size-medium wp-image-22051\" src=\"https:\/\/kingarms.ee\/wp-content\/uploads\/2019\/03\/1152203440_1-300x200.jpg\" alt=\"\" width=\"300\" height=\"200\" srcset=\"https:\/\/kingarms.ee\/wp-content\/uploads\/2019\/03\/1152203440_1-300x200.jpg 300w, https:\/\/kingarms.ee\/wp-content\/uploads\/2019\/03\/1152203440_1-150x100.jpg 150w, https:\/\/kingarms.ee\/wp-content\/uploads\/2019\/03\/1152203440_1-500x333.jpg 500w, https:\/\/kingarms.ee\/wp-content\/uploads\/2019\/03\/1152203440_1-768x512.jpg 768w, https:\/\/kingarms.ee\/wp-content\/uploads\/2019\/03\/1152203440_1.jpg 800w\" sizes=\"auto, (max-width: 300px) 100vw, 300px\" \/><\/a><\/p>\n","protected":false},"excerpt":{"rendered":"<p>M4-sovitin G36-tyyppisille aseille.<\/p>\n<p>Sovitin on valmistettu kest\u00e4v\u00e4st\u00e4 muovista ja mahdollistaa M4 \/ M16-vakioalustojen k\u00e4yt\u00f6n G36-tyyppisiss\u00e4 aseissa. Asennus on hyvin yksinkertaista ja intuitiivista &#8211; sovitin on asennettu edellisen sovittimen sijaintiin. Kytkent\u00e4 on 5 sekuntia.<\/p>\n","protected":false},"featured_media":22051,"template":"","meta":{"_acf_changed":false},"product_brand":[],"product_cat":[276],"product_tag":[],"class_list":{"0":"post-22050","1":"product","2":"type-product","3":"status-publish","4":"has-post-thumbnail","6":"product_cat-varaosat","8":"first","9":"onbackorder","10":"taxable","11":"shipping-taxable","12":"product-type-simple"},"acf":[],"_links":{"self":[{"href":"https:\/\/kingarms.ee\/fi\/wp-json\/wp\/v2\/product\/22050","targetHints":{"allow":["GET"]}}],"collection":[{"href":"https:\/\/kingarms.ee\/fi\/wp-json\/wp\/v2\/product"}],"about":[{"href":"https:\/\/kingarms.ee\/fi\/wp-json\/wp\/v2\/types\/product"}],"wp:featuredmedia":[{"embeddable":true,"href":"https:\/\/kingarms.ee\/fi\/wp-json\/wp\/v2\/media\/22051"}],"wp:attachment":[{"href":"https:\/\/kingarms.ee\/fi\/wp-json\/wp\/v2\/media?parent=22050"}],"wp:term":[{"taxonomy":"product_brand","embeddable":true,"href":"https:\/\/kingarms.ee\/fi\/wp-json\/wp\/v2\/product_brand?post=22050"},{"taxonomy":"product_cat","embeddable":true,"href":"https:\/\/kingarms.ee\/fi\/wp-json\/wp\/v2\/product_cat?post=22050"},{"taxonomy":"product_tag","embeddable":true,"href":"https:\/\/kingarms.ee\/fi\/wp-json\/wp\/v2\/product_tag?post=22050"}],"curies":[{"name":"wp","href":"https:\/\/api.w.org\/{rel}","templated":true}]}}