{"id":22059,"date":"2019-07-07T14:14:04","date_gmt":"2019-07-07T14:14:04","guid":{"rendered":"https:\/\/kingarms.ee\/product\/m4-mid-cap-nopea-laturi-vihrea\/"},"modified":"2024-08-09T17:50:08","modified_gmt":"2024-08-09T14:50:08","slug":"m4-mid-cap-nopea-laturi-vihrea","status":"publish","type":"product","link":"https:\/\/kingarms.ee\/fi\/product\/m4-mid-cap-nopea-laturi-vihrea\/","title":{"rendered":"M4 mid-cap nopea laturi-vihre\u00e4"},"content":{"rendered":"<p><a href=\"https:\/\/kingarms.ee\/wp-content\/uploads\/2019\/07\/1152218272_1-300x200.jpg\"><img loading=\"lazy\" decoding=\"async\" class=\"alignnone size-medium wp-image-22060\" src=\"https:\/\/kingarms.ee\/wp-content\/uploads\/2019\/07\/1152218272_1-300x200.jpg\" alt=\"\" width=\"300\" height=\"200\" srcset=\"https:\/\/kingarms.ee\/wp-content\/uploads\/2019\/07\/1152218272_1-300x200.jpg 300w, https:\/\/kingarms.ee\/wp-content\/uploads\/2019\/07\/1152218272_1-150x100.jpg 150w, https:\/\/kingarms.ee\/wp-content\/uploads\/2019\/07\/1152218272_1-500x333.jpg 500w, https:\/\/kingarms.ee\/wp-content\/uploads\/2019\/07\/1152218272_1-768x512.jpg 768w, https:\/\/kingarms.ee\/wp-content\/uploads\/2019\/07\/1152218272_1.jpg 800w\" sizes=\"auto, (max-width: 300px) 100vw, 300px\" \/><\/a><\/p>\n","protected":false},"excerpt":{"rendered":"<p>Rummun pikalaturi on eritt\u00e4in mielenkiintoinen vaihtoehto tavalliselle pikalaturille. Yksikk\u00f6 on varustettu kampilla. Toisin kuin tavallinen pikalaturi, t\u00e4m\u00e4 pikalaturi mahtuu noin 1 000 BB ja voidaan ladata normaaliin keskitasoon tai HI-Cap-alustaan 4-5 sekunnissa.<\/p>\n","protected":false},"featured_media":22060,"template":"","meta":{"_acf_changed":false},"product_brand":[],"product_cat":[657],"product_tag":[],"class_list":{"0":"post-22059","1":"product","2":"type-product","3":"status-publish","4":"has-post-thumbnail","6":"product_cat-airsoft-fi-3","8":"first","9":"onbackorder","10":"taxable","11":"shipping-taxable","12":"product-type-simple"},"acf":[],"_links":{"self":[{"href":"https:\/\/kingarms.ee\/fi\/wp-json\/wp\/v2\/product\/22059","targetHints":{"allow":["GET"]}}],"collection":[{"href":"https:\/\/kingarms.ee\/fi\/wp-json\/wp\/v2\/product"}],"about":[{"href":"https:\/\/kingarms.ee\/fi\/wp-json\/wp\/v2\/types\/product"}],"wp:featuredmedia":[{"embeddable":true,"href":"https:\/\/kingarms.ee\/fi\/wp-json\/wp\/v2\/media\/22060"}],"wp:attachment":[{"href":"https:\/\/kingarms.ee\/fi\/wp-json\/wp\/v2\/media?parent=22059"}],"wp:term":[{"taxonomy":"product_brand","embeddable":true,"href":"https:\/\/kingarms.ee\/fi\/wp-json\/wp\/v2\/product_brand?post=22059"},{"taxonomy":"product_cat","embeddable":true,"href":"https:\/\/kingarms.ee\/fi\/wp-json\/wp\/v2\/product_cat?post=22059"},{"taxonomy":"product_tag","embeddable":true,"href":"https:\/\/kingarms.ee\/fi\/wp-json\/wp\/v2\/product_tag?post=22059"}],"curies":[{"name":"wp","href":"https:\/\/api.w.org\/{rel}","templated":true}]}}