{"id":22126,"date":"2019-11-18T17:27:48","date_gmt":"2019-11-18T17:27:48","guid":{"rendered":"https:\/\/kingarms.ee\/product\/razor-excite-45-mm\/"},"modified":"2024-08-09T17:00:45","modified_gmt":"2024-08-09T14:00:45","slug":"razor-excite-45-mm","status":"publish","type":"product","link":"https:\/\/kingarms.ee\/fi\/product\/razor-excite-45-mm\/","title":{"rendered":"Razor Excite (4,5 mm)"},"content":{"rendered":"<p><a href=\"https:\/\/kingarms.ee\/wp-content\/uploads\/2019\/11\/air-pistol-razorgun-excite-4-5-mm-bbs-co2-f2bb50d275f44b64aa5ae9f8144625c0-b5e9973f-300x225.jpg\"><img loading=\"lazy\" decoding=\"async\" class=\"alignnone size-medium wp-image-22109\" src=\"https:\/\/kingarms.ee\/wp-content\/uploads\/2019\/11\/air-pistol-razorgun-excite-4-5-mm-bbs-co2-f2bb50d275f44b64aa5ae9f8144625c0-b5e9973f-300x225.jpg\" alt=\"\" width=\"300\" height=\"225\" srcset=\"https:\/\/kingarms.ee\/wp-content\/uploads\/2019\/11\/air-pistol-razorgun-excite-4-5-mm-bbs-co2-f2bb50d275f44b64aa5ae9f8144625c0-b5e9973f-300x225.jpg 300w, https:\/\/kingarms.ee\/wp-content\/uploads\/2019\/11\/air-pistol-razorgun-excite-4-5-mm-bbs-co2-f2bb50d275f44b64aa5ae9f8144625c0-b5e9973f-150x113.jpg 150w, https:\/\/kingarms.ee\/wp-content\/uploads\/2019\/11\/air-pistol-razorgun-excite-4-5-mm-bbs-co2-f2bb50d275f44b64aa5ae9f8144625c0-b5e9973f-500x375.jpg 500w, https:\/\/kingarms.ee\/wp-content\/uploads\/2019\/11\/air-pistol-razorgun-excite-4-5-mm-bbs-co2-f2bb50d275f44b64aa5ae9f8144625c0-b5e9973f-768x576.jpg 768w, https:\/\/kingarms.ee\/wp-content\/uploads\/2019\/11\/air-pistol-razorgun-excite-4-5-mm-bbs-co2-f2bb50d275f44b64aa5ae9f8144625c0-b5e9973f-600x450.jpg 600w, https:\/\/kingarms.ee\/wp-content\/uploads\/2019\/11\/air-pistol-razorgun-excite-4-5-mm-bbs-co2-f2bb50d275f44b64aa5ae9f8144625c0-b5e9973f.jpg 1000w\" sizes=\"auto, (max-width: 300px) 100vw, 300px\" \/><\/a><\/p>\n","protected":false},"excerpt":{"rendered":"<p>Razor Excite (4,5 mm)<\/p>\n<p>Valmistaja: Razor (Taiwan)<br \/>\nKaliiperi: 4,5 mm (.177)<br \/>\nToimintaperiaate: kaasupullojen pneumatiikka<br \/>\nVirtal\u00e4hde: 12 gramman CO2-kapselit<br \/>\nKartionenergia: jopa 3 J<br \/>\nR\u00e4j\u00e4ht\u00e4v\u00e4 materiaali: BB-pallot 4,5 mm<br \/>\nLokeron kapasiteetti: 19<br \/>\nSuljin: Siirrett\u00e4v\u00e4<br \/>\nBlowback: Ei<br \/>\nLaskunopeus: 115 m \/ s<br \/>\nMateriaali: muovirunko; muovikahva<br \/>\nIsku ja k\u00e4ytt\u00f6mekanismi: yksi toimenpide<br \/>\nKuvaustila: puoliautomaattinen<br \/>\nSuojaus: ei-automaattinen, painike<br \/>\nN\u00e4ht\u00e4vyydet: s\u00e4\u00e4ntelem\u00e4t\u00f6n visio ja lent\u00e4v\u00e4t, valkoiset pisteet<br \/>\nPlank Weaver \/ Picatinny: Kyll\u00e4, tynnyrin alla<br \/>\nPituus: 180 mm<br \/>\nPaino: 500 g<\/p>\n","protected":false},"featured_media":22111,"template":"","meta":{"_acf_changed":false},"product_brand":[],"product_cat":[253,672],"product_tag":[],"class_list":{"0":"post-22126","1":"product","2":"type-product","3":"status-publish","4":"has-post-thumbnail","6":"product_cat-ilmakivaarit-4-5mm","7":"product_cat-pienaseet","9":"first","10":"instock","11":"taxable","12":"shipping-taxable","13":"purchasable","14":"product-type-simple"},"acf":[],"_links":{"self":[{"href":"https:\/\/kingarms.ee\/fi\/wp-json\/wp\/v2\/product\/22126","targetHints":{"allow":["GET"]}}],"collection":[{"href":"https:\/\/kingarms.ee\/fi\/wp-json\/wp\/v2\/product"}],"about":[{"href":"https:\/\/kingarms.ee\/fi\/wp-json\/wp\/v2\/types\/product"}],"wp:featuredmedia":[{"embeddable":true,"href":"https:\/\/kingarms.ee\/fi\/wp-json\/wp\/v2\/media\/22111"}],"wp:attachment":[{"href":"https:\/\/kingarms.ee\/fi\/wp-json\/wp\/v2\/media?parent=22126"}],"wp:term":[{"taxonomy":"product_brand","embeddable":true,"href":"https:\/\/kingarms.ee\/fi\/wp-json\/wp\/v2\/product_brand?post=22126"},{"taxonomy":"product_cat","embeddable":true,"href":"https:\/\/kingarms.ee\/fi\/wp-json\/wp\/v2\/product_cat?post=22126"},{"taxonomy":"product_tag","embeddable":true,"href":"https:\/\/kingarms.ee\/fi\/wp-json\/wp\/v2\/product_tag?post=22126"}],"curies":[{"name":"wp","href":"https:\/\/api.w.org\/{rel}","templated":true}]}}