{"id":22136,"date":"2019-06-13T22:02:14","date_gmt":"2019-06-13T19:02:14","guid":{"rendered":"https:\/\/kingarms.ee\/product\/22mm-kiikaritahtaimet-tahtainkisko\/"},"modified":"2024-08-09T18:08:39","modified_gmt":"2024-08-09T15:08:39","slug":"22mm-kiikaritahtaimet-tahtainkisko","status":"publish","type":"product","link":"https:\/\/kingarms.ee\/fi\/product\/22mm-kiikaritahtaimet-tahtainkisko\/","title":{"rendered":"22mm Kiikarit\u00e4ht\u00e4imet T\u00e4ht\u00e4inkisko"},"content":{"rendered":"<p><a href=\"https:\/\/kingarms.ee\/wp-content\/uploads\/2019\/06\/M5161623415-300x225.jpg\"><img loading=\"lazy\" decoding=\"async\" class=\"alignnone size-medium wp-image-22140\" src=\"https:\/\/kingarms.ee\/wp-content\/uploads\/2019\/06\/M5161623415-300x225.jpg\" alt=\"\" width=\"300\" height=\"225\" srcset=\"https:\/\/kingarms.ee\/wp-content\/uploads\/2019\/06\/M5161623415-300x225.jpg 300w, https:\/\/kingarms.ee\/wp-content\/uploads\/2019\/06\/M5161623415-150x113.jpg 150w, https:\/\/kingarms.ee\/wp-content\/uploads\/2019\/06\/M5161623415-500x375.jpg 500w, https:\/\/kingarms.ee\/wp-content\/uploads\/2019\/06\/M5161623415-600x450.jpg 600w, https:\/\/kingarms.ee\/wp-content\/uploads\/2019\/06\/M5161623415.jpg 640w\" sizes=\"auto, (max-width: 300px) 100vw, 300px\" \/><\/a><\/p>\n","protected":false},"excerpt":{"rendered":"<p>22 mm kiv\u00e4\u00e4rin tavoitekorkeus. Soveltuu asennettavaksi tarkkuusn\u00e4ht\u00e4vyyksiin optisina kohteina.<\/p>\n<p>Vahvistin on valmistettu vahvasta metallista.<\/p>\n","protected":false},"featured_media":22140,"template":"","meta":{"_acf_changed":false},"product_brand":[],"product_cat":[268],"product_tag":[],"class_list":{"0":"post-22136","1":"product","2":"type-product","3":"status-publish","4":"has-post-thumbnail","6":"product_cat-muut","8":"first","9":"instock","10":"taxable","11":"shipping-taxable","12":"purchasable","13":"product-type-simple"},"acf":[],"_links":{"self":[{"href":"https:\/\/kingarms.ee\/fi\/wp-json\/wp\/v2\/product\/22136","targetHints":{"allow":["GET"]}}],"collection":[{"href":"https:\/\/kingarms.ee\/fi\/wp-json\/wp\/v2\/product"}],"about":[{"href":"https:\/\/kingarms.ee\/fi\/wp-json\/wp\/v2\/types\/product"}],"wp:featuredmedia":[{"embeddable":true,"href":"https:\/\/kingarms.ee\/fi\/wp-json\/wp\/v2\/media\/22140"}],"wp:attachment":[{"href":"https:\/\/kingarms.ee\/fi\/wp-json\/wp\/v2\/media?parent=22136"}],"wp:term":[{"taxonomy":"product_brand","embeddable":true,"href":"https:\/\/kingarms.ee\/fi\/wp-json\/wp\/v2\/product_brand?post=22136"},{"taxonomy":"product_cat","embeddable":true,"href":"https:\/\/kingarms.ee\/fi\/wp-json\/wp\/v2\/product_cat?post=22136"},{"taxonomy":"product_tag","embeddable":true,"href":"https:\/\/kingarms.ee\/fi\/wp-json\/wp\/v2\/product_tag?post=22136"}],"curies":[{"name":"wp","href":"https:\/\/api.w.org\/{rel}","templated":true}]}}