{"id":22194,"date":"2018-08-31T11:09:32","date_gmt":"2018-08-31T08:09:32","guid":{"rendered":"https:\/\/kingarms.ee\/product\/laser-yksikko-punainen\/"},"modified":"2023-12-05T02:23:52","modified_gmt":"2023-12-04T23:23:52","slug":"laser-yksikko-punainen","status":"publish","type":"product","link":"https:\/\/kingarms.ee\/fi\/product\/laser-yksikko-punainen\/","title":{"rendered":"laser yksikk\u00f6 (punainen)"},"content":{"rendered":"<p><a href=\"https:\/\/kingarms.ee\/wp-content\/uploads\/2019\/01\/unnamed-file-300x300.jpg\"><img loading=\"lazy\" decoding=\"async\" class=\"alignnone size-medium wp-image-11740\" src=\"https:\/\/kingarms.ee\/wp-content\/uploads\/2019\/01\/unnamed-file-300x300.jpg\" alt=\"\" width=\"300\" height=\"300\" srcset=\"https:\/\/kingarms.ee\/wp-content\/uploads\/2019\/01\/unnamed-file-300x300.jpg 300w, https:\/\/kingarms.ee\/wp-content\/uploads\/2019\/01\/unnamed-file-150x150.jpg 150w, https:\/\/kingarms.ee\/wp-content\/uploads\/2019\/01\/unnamed-file-500x500.jpg 500w, https:\/\/kingarms.ee\/wp-content\/uploads\/2019\/01\/unnamed-file-768x768.jpg 768w, https:\/\/kingarms.ee\/wp-content\/uploads\/2019\/01\/unnamed-file.jpg 1000w\" sizes=\"auto, (max-width: 300px) 100vw, 300px\" \/><\/a><\/p>\n","protected":false},"excerpt":{"rendered":"<p>Lasern\u00e4ht\u00e4in (punainen) ja metalli ovat ihanteellisia asennettavaksi k\u00e4siaseeseen tai konekiv\u00e4\u00e4riin<\/p>\n<p>Lasern\u00e4ht\u00e4in on kompakti ja sopii useimpiin asemalleihin tai konekiv\u00e4\u00e4reihin, joissa on RIS-kelakiinnityskiskot. Kiv\u00e4\u00e4ri on kevyt, tyhj\u00e4 ja ilman tarpeetonta painoa. Laserin punainen valo ulottuu 25 m: iin p\u00e4iv\u00e4nvalossa ja 275 m: iin y\u00f6ll\u00e4.<\/p>\n<p>Kiv\u00e4\u00e4ri on helppok\u00e4ytt\u00f6inen, virtal\u00e4hteen\u00e4 3xAG13-paristot, jotka kest\u00e4v\u00e4t jopa 14 tuntia. Kiv\u00e4\u00e4ri on mukava k\u00e4ytt\u00e4\u00e4 sek\u00e4 oikeak\u00e4tisille ett\u00e4 vasenk\u00e4tisille.<\/p>\n<p>Laserin aallonpituus: 632-650.<br \/>\nLaser tyyppi luokka; Lila.<br \/>\nLaseriteho &lt;5 mW.<br \/>\nPistekoko: noin 3 &#8221;.<br \/>\nP\u00e4iv\u00e4n n\u00e4kyvyys: 25m.<br \/>\nN\u00e4kyvyys y\u00f6ll\u00e4: 275m.<br \/>\nTeho: 3 x AG13.<br \/>\nAkun kesto: 14 tuntia.<br \/>\nJ\u00e4nnite: 3V<br \/>\nMOA-s\u00e4\u00e4t\u00f6: Jatkuva.<br \/>\nS\u00e4\u00e4t\u00f6korkeusalue: 400 MOA.<br \/>\nKaltevuuden s\u00e4\u00e4t\u00f6alue: 120 MOA.<br \/>\nRunko: komposiitti.<br \/>\nIP-standardi: IP55 (s\u00e4\u00e4nkest\u00e4v\u00e4).<br \/>\nLiitetyyppi: kutoja \/ picatinny.<br \/>\nK\u00e4ytt\u00f6l\u00e4mp\u00f6tila: -17 &#8211; 48 \u00b0 C.<br \/>\nLaser: Punainen palkki.<br \/>\nPituus: 61mm.<br \/>\nLeveys: 27mm.<br \/>\nPaino: 65 g.<\/p>\n","protected":false},"featured_media":22195,"template":"","meta":{"_acf_changed":false},"product_brand":[],"product_cat":[649],"product_tag":[],"class_list":{"0":"post-22194","1":"product","2":"type-product","3":"status-publish","4":"has-post-thumbnail","6":"product_cat-ottelut","8":"first","9":"instock","10":"purchasable","11":"product-type-simple"},"acf":[],"_links":{"self":[{"href":"https:\/\/kingarms.ee\/fi\/wp-json\/wp\/v2\/product\/22194","targetHints":{"allow":["GET"]}}],"collection":[{"href":"https:\/\/kingarms.ee\/fi\/wp-json\/wp\/v2\/product"}],"about":[{"href":"https:\/\/kingarms.ee\/fi\/wp-json\/wp\/v2\/types\/product"}],"wp:featuredmedia":[{"embeddable":true,"href":"https:\/\/kingarms.ee\/fi\/wp-json\/wp\/v2\/media\/22195"}],"wp:attachment":[{"href":"https:\/\/kingarms.ee\/fi\/wp-json\/wp\/v2\/media?parent=22194"}],"wp:term":[{"taxonomy":"product_brand","embeddable":true,"href":"https:\/\/kingarms.ee\/fi\/wp-json\/wp\/v2\/product_brand?post=22194"},{"taxonomy":"product_cat","embeddable":true,"href":"https:\/\/kingarms.ee\/fi\/wp-json\/wp\/v2\/product_cat?post=22194"},{"taxonomy":"product_tag","embeddable":true,"href":"https:\/\/kingarms.ee\/fi\/wp-json\/wp\/v2\/product_tag?post=22194"}],"curies":[{"name":"wp","href":"https:\/\/api.w.org\/{rel}","templated":true}]}}