{"id":22207,"date":"2019-10-11T16:47:03","date_gmt":"2019-10-11T13:47:03","guid":{"rendered":"https:\/\/kingarms.ee\/product\/maalitaulu-orava-metalli\/"},"modified":"2024-08-09T17:08:36","modified_gmt":"2024-08-09T14:08:36","slug":"maalitaulu-orava-metalli","status":"publish","type":"product","link":"https:\/\/kingarms.ee\/fi\/product\/maalitaulu-orava-metalli\/","title":{"rendered":"Maalitaulu orava (metalli)"},"content":{"rendered":"<p><a href=\"https:\/\/kingarms.ee\/wp-content\/uploads\/2019\/10\/gamo-squirrel-field-target-500x500-300x300.jpg\"><img loading=\"lazy\" decoding=\"async\" class=\"alignnone size-medium wp-image-18737\" src=\"https:\/\/kingarms.ee\/wp-content\/uploads\/2019\/10\/gamo-squirrel-field-target-500x500-300x300.jpg\" alt=\"\" width=\"300\" height=\"300\" srcset=\"https:\/\/kingarms.ee\/wp-content\/uploads\/2019\/10\/gamo-squirrel-field-target-500x500-300x300.jpg 300w, https:\/\/kingarms.ee\/wp-content\/uploads\/2019\/10\/gamo-squirrel-field-target-500x500-150x150.jpg 150w, https:\/\/kingarms.ee\/wp-content\/uploads\/2019\/10\/gamo-squirrel-field-target-500x500.jpg 500w\" sizes=\"auto, (max-width: 300px) 100vw, 300px\" \/><\/a><\/p>\n","protected":false},"excerpt":{"rendered":"<p>Ilma-aseiden oravanmuotoisella kohteella on eritt\u00e4in kest\u00e4v\u00e4 ter\u00e4srakenne. Keltaisen merkin koko on s\u00e4\u00e4dett\u00e4viss\u00e4 1,5 &#8211; 4 cm. Suunniteltu k\u00e4ytett\u00e4v\u00e4ksi tinapallien kanssa. Sinun on ehdottomasti k\u00e4ytett\u00e4v\u00e4 laseja, kun amputaan ter\u00e4skuuloilla, koska pallot voivat palautua takaisin. Mukana on my\u00f6s 60 m: n naru merkin vet\u00e4miseksi yl\u00f6s ja paalut merkin kiinnitt\u00e4miseksi maahan.<\/p>\n<p>Suositeltava pienin ampumaet\u00e4isyys: 9 m<\/p>\n<p>Mitat: 17 x 19 x 20 cm<\/p>\n","protected":false},"featured_media":22208,"template":"","meta":{"_acf_changed":false},"product_brand":[],"product_cat":[310],"product_tag":[],"class_list":{"0":"post-22207","1":"product","2":"type-product","3":"status-publish","4":"has-post-thumbnail","6":"product_cat-tavoitteet","8":"first","9":"instock","10":"taxable","11":"shipping-taxable","12":"purchasable","13":"product-type-simple"},"acf":[],"_links":{"self":[{"href":"https:\/\/kingarms.ee\/fi\/wp-json\/wp\/v2\/product\/22207","targetHints":{"allow":["GET"]}}],"collection":[{"href":"https:\/\/kingarms.ee\/fi\/wp-json\/wp\/v2\/product"}],"about":[{"href":"https:\/\/kingarms.ee\/fi\/wp-json\/wp\/v2\/types\/product"}],"wp:featuredmedia":[{"embeddable":true,"href":"https:\/\/kingarms.ee\/fi\/wp-json\/wp\/v2\/media\/22208"}],"wp:attachment":[{"href":"https:\/\/kingarms.ee\/fi\/wp-json\/wp\/v2\/media?parent=22207"}],"wp:term":[{"taxonomy":"product_brand","embeddable":true,"href":"https:\/\/kingarms.ee\/fi\/wp-json\/wp\/v2\/product_brand?post=22207"},{"taxonomy":"product_cat","embeddable":true,"href":"https:\/\/kingarms.ee\/fi\/wp-json\/wp\/v2\/product_cat?post=22207"},{"taxonomy":"product_tag","embeddable":true,"href":"https:\/\/kingarms.ee\/fi\/wp-json\/wp\/v2\/product_tag?post=22207"}],"curies":[{"name":"wp","href":"https:\/\/api.w.org\/{rel}","templated":true}]}}