{"id":22209,"date":"2019-10-11T16:43:52","date_gmt":"2019-10-11T13:43:52","guid":{"rendered":"https:\/\/kingarms.ee\/product\/maalitaulu-rotta-metalli-2\/"},"modified":"2024-08-09T17:09:18","modified_gmt":"2024-08-09T14:09:18","slug":"maalitaulu-rotta-metalli-2","status":"publish","type":"product","link":"https:\/\/kingarms.ee\/fi\/product\/maalitaulu-rotta-metalli-2\/","title":{"rendered":"Maalitaulu rotta  (metalli)"},"content":{"rendered":"<p><a href=\"https:\/\/kingarms.ee\/wp-content\/uploads\/2019\/10\/45348-NA-l-300x225.jpg\"><img loading=\"lazy\" decoding=\"async\" class=\"alignnone size-medium wp-image-18731\" src=\"https:\/\/kingarms.ee\/wp-content\/uploads\/2019\/10\/45348-NA-l-300x225.jpg\" alt=\"\" width=\"300\" height=\"225\" srcset=\"https:\/\/kingarms.ee\/wp-content\/uploads\/2019\/10\/45348-NA-l-300x225.jpg 300w, https:\/\/kingarms.ee\/wp-content\/uploads\/2019\/10\/45348-NA-l-150x113.jpg 150w, https:\/\/kingarms.ee\/wp-content\/uploads\/2019\/10\/45348-NA-l-500x375.jpg 500w, https:\/\/kingarms.ee\/wp-content\/uploads\/2019\/10\/45348-NA-l-768x576.jpg 768w, https:\/\/kingarms.ee\/wp-content\/uploads\/2019\/10\/45348-NA-l-600x450.jpg 600w, https:\/\/kingarms.ee\/wp-content\/uploads\/2019\/10\/45348-NA-l.jpg 980w\" sizes=\"auto, (max-width: 300px) 100vw, 300px\" \/><\/a><\/p>\n","protected":false},"excerpt":{"rendered":"<p>Ilmapistoolien rotanmuotoisella kohteella on eritt\u00e4in kest\u00e4v\u00e4 ter\u00e4srakenne. Keltaisen merkin koko on s\u00e4\u00e4dett\u00e4viss\u00e4 1,5 &#8211; 4 cm. Suunniteltu k\u00e4ytett\u00e4v\u00e4ksi tinapallien kanssa. Sinun on ehdottomasti k\u00e4ytett\u00e4v\u00e4 laseja, kun amputaan ter\u00e4skuuloilla, koska pallot voivat palautua takaisin. Mukana on my\u00f6s 60 m: n naru merkin vet\u00e4miseksi yl\u00f6s ja paalut merkin kiinnitt\u00e4miseksi maahan.<\/p>\n<p>Suositeltava pienin ampumaet\u00e4isyys: 9 m<\/p>\n<p>Mitat: 17 x 19 x 20 cm<\/p>\n","protected":false},"featured_media":22210,"template":"","meta":{"_acf_changed":false},"product_brand":[],"product_cat":[310],"product_tag":[],"class_list":{"0":"post-22209","1":"product","2":"type-product","3":"status-publish","4":"has-post-thumbnail","6":"product_cat-tavoitteet","8":"first","9":"instock","10":"taxable","11":"shipping-taxable","12":"purchasable","13":"product-type-simple"},"acf":[],"_links":{"self":[{"href":"https:\/\/kingarms.ee\/fi\/wp-json\/wp\/v2\/product\/22209","targetHints":{"allow":["GET"]}}],"collection":[{"href":"https:\/\/kingarms.ee\/fi\/wp-json\/wp\/v2\/product"}],"about":[{"href":"https:\/\/kingarms.ee\/fi\/wp-json\/wp\/v2\/types\/product"}],"wp:featuredmedia":[{"embeddable":true,"href":"https:\/\/kingarms.ee\/fi\/wp-json\/wp\/v2\/media\/22210"}],"wp:attachment":[{"href":"https:\/\/kingarms.ee\/fi\/wp-json\/wp\/v2\/media?parent=22209"}],"wp:term":[{"taxonomy":"product_brand","embeddable":true,"href":"https:\/\/kingarms.ee\/fi\/wp-json\/wp\/v2\/product_brand?post=22209"},{"taxonomy":"product_cat","embeddable":true,"href":"https:\/\/kingarms.ee\/fi\/wp-json\/wp\/v2\/product_cat?post=22209"},{"taxonomy":"product_tag","embeddable":true,"href":"https:\/\/kingarms.ee\/fi\/wp-json\/wp\/v2\/product_tag?post=22209"}],"curies":[{"name":"wp","href":"https:\/\/api.w.org\/{rel}","templated":true}]}}