{"id":22224,"date":"2019-03-26T22:42:03","date_gmt":"2019-03-26T22:42:03","guid":{"rendered":"https:\/\/kingarms.ee\/product\/tahtaimiin-acm\/"},"modified":"2024-08-09T18:48:57","modified_gmt":"2024-08-09T15:48:57","slug":"linssinsuojus-tahtaimiin-acm","status":"publish","type":"product","link":"https:\/\/kingarms.ee\/fi\/product\/linssinsuojus-tahtaimiin-acm\/","title":{"rendered":"Linssinsuojus t\u00e4ht\u00e4imiin (ACM)"},"content":{"rendered":"<p><a href=\"https:\/\/kingarms.ee\/wp-content\/uploads\/2019\/03\/M51616251-TAN1-300x225.jpg\"><img loading=\"lazy\" decoding=\"async\" class=\"alignnone size-medium wp-image-22225\" src=\"https:\/\/kingarms.ee\/wp-content\/uploads\/2019\/03\/M51616251-TAN1-300x225.jpg\" alt=\"\" width=\"300\" height=\"225\" srcset=\"https:\/\/kingarms.ee\/wp-content\/uploads\/2019\/03\/M51616251-TAN1-300x225.jpg 300w, https:\/\/kingarms.ee\/wp-content\/uploads\/2019\/03\/M51616251-TAN1-150x113.jpg 150w, https:\/\/kingarms.ee\/wp-content\/uploads\/2019\/03\/M51616251-TAN1-500x375.jpg 500w, https:\/\/kingarms.ee\/wp-content\/uploads\/2019\/03\/M51616251-TAN1-600x450.jpg 600w, https:\/\/kingarms.ee\/wp-content\/uploads\/2019\/03\/M51616251-TAN1.jpg 640w\" sizes=\"auto, (max-width: 300px) 100vw, 300px\" \/><\/a><\/p>\n","protected":false},"excerpt":{"rendered":"<p>Kiv\u00e4\u00e4rin suojus asetetaan kiv\u00e4\u00e4rin ensimm\u00e4isen linssin eteen, jotta pallo ei osu linssiin.<br \/>\nMit\u00e4\u00e4n ty\u00f6kaluja ei tarvita todentamiseksi. Ase voidaan taittaa alas suojaamiseksi.<\/p>\n<p>ominaisuudet:<\/p>\n<p>\u2022 Suuri linssin halkaisija, joka sopii monille optiikoille<\/p>\n<p>\u2022 Helppo asentaa<\/p>\n<p>\u2022 1 ylim\u00e4\u00e4r\u00e4inen linssi sis\u00e4ltyy toimitukseen<\/p>\n<p>\u2022 Soveltuu 20-23mm \/ kutoja \/ pikatinkiskoihin<\/p>\n<p>\u2022 Rentouttava<\/p>\n","protected":false},"featured_media":22225,"template":"","meta":{"_acf_changed":false},"product_brand":[],"product_cat":[649],"product_tag":[],"class_list":{"0":"post-22224","1":"product","2":"type-product","3":"status-publish","4":"has-post-thumbnail","6":"product_cat-ottelut","8":"first","9":"instock","10":"sale","11":"taxable","12":"shipping-taxable","13":"purchasable","14":"product-type-simple"},"acf":[],"_links":{"self":[{"href":"https:\/\/kingarms.ee\/fi\/wp-json\/wp\/v2\/product\/22224","targetHints":{"allow":["GET"]}}],"collection":[{"href":"https:\/\/kingarms.ee\/fi\/wp-json\/wp\/v2\/product"}],"about":[{"href":"https:\/\/kingarms.ee\/fi\/wp-json\/wp\/v2\/types\/product"}],"wp:featuredmedia":[{"embeddable":true,"href":"https:\/\/kingarms.ee\/fi\/wp-json\/wp\/v2\/media\/22225"}],"wp:attachment":[{"href":"https:\/\/kingarms.ee\/fi\/wp-json\/wp\/v2\/media?parent=22224"}],"wp:term":[{"taxonomy":"product_brand","embeddable":true,"href":"https:\/\/kingarms.ee\/fi\/wp-json\/wp\/v2\/product_brand?post=22224"},{"taxonomy":"product_cat","embeddable":true,"href":"https:\/\/kingarms.ee\/fi\/wp-json\/wp\/v2\/product_cat?post=22224"},{"taxonomy":"product_tag","embeddable":true,"href":"https:\/\/kingarms.ee\/fi\/wp-json\/wp\/v2\/product_tag?post=22224"}],"curies":[{"name":"wp","href":"https:\/\/api.w.org\/{rel}","templated":true}]}}