{"id":22236,"date":"2018-08-31T11:08:37","date_gmt":"2018-08-31T08:08:37","guid":{"rendered":"https:\/\/kingarms.ee\/product\/maalitaulu\/"},"modified":"2024-09-28T16:34:33","modified_gmt":"2024-09-28T13:34:33","slug":"maalitaulu","status":"publish","type":"product","link":"https:\/\/kingarms.ee\/fi\/product\/maalitaulu\/","title":{"rendered":"Maalitaulu"},"content":{"rendered":"<p><a href=\"https:\/\/kingarms.ee\/wp-content\/uploads\/2018\/02\/1152214887_1.jpg\"><img loading=\"lazy\" decoding=\"async\" class=\"alignnone size-medium wp-image-3779\" src=\"https:\/\/kingarms.ee\/wp-content\/uploads\/2018\/02\/1152214887_1-300x200.jpg\" alt=\"\" width=\"300\" height=\"200\" \/><\/a><\/p>\n","protected":false},"excerpt":{"rendered":"<p>Maalitaulu<\/p>\n<p>Tuote sis\u00e4lt\u00e4\u00e4 4 villisian siluetteja, joita vahva magneetti pit\u00e4\u00e4 osuman j\u00e4lkeen. Keskitetty kohdistaminen saa kaikki kohteet k\u00e4ynnistym\u00e4\u00e4n uudelleen, mik\u00e4 antaa k\u00e4ytt\u00e4j\u00e4lle pitk\u00e4n p\u00e4\u00e4syn l\u00e4hestym\u00e4tt\u00e4 kohdetta. Siin\u00e4 on my\u00f6s useita kiinnitysreiki\u00e4 kiinnityst\u00e4 varten.<\/p>\n<p>Tuote on suunniteltu urheilu-pneumaattisille ja airsoft-aseille<\/p>\n","protected":false},"featured_media":22237,"template":"","meta":{"_acf_changed":false},"product_brand":[],"product_cat":[242,310],"product_tag":[],"class_list":{"0":"post-22236","1":"product","2":"type-product","3":"status-publish","4":"has-post-thumbnail","6":"product_cat-lisavarusteet","7":"product_cat-tavoitteet","9":"first","10":"instock","11":"purchasable","12":"product-type-simple"},"acf":[],"_links":{"self":[{"href":"https:\/\/kingarms.ee\/fi\/wp-json\/wp\/v2\/product\/22236","targetHints":{"allow":["GET"]}}],"collection":[{"href":"https:\/\/kingarms.ee\/fi\/wp-json\/wp\/v2\/product"}],"about":[{"href":"https:\/\/kingarms.ee\/fi\/wp-json\/wp\/v2\/types\/product"}],"wp:featuredmedia":[{"embeddable":true,"href":"https:\/\/kingarms.ee\/fi\/wp-json\/wp\/v2\/media\/22237"}],"wp:attachment":[{"href":"https:\/\/kingarms.ee\/fi\/wp-json\/wp\/v2\/media?parent=22236"}],"wp:term":[{"taxonomy":"product_brand","embeddable":true,"href":"https:\/\/kingarms.ee\/fi\/wp-json\/wp\/v2\/product_brand?post=22236"},{"taxonomy":"product_cat","embeddable":true,"href":"https:\/\/kingarms.ee\/fi\/wp-json\/wp\/v2\/product_cat?post=22236"},{"taxonomy":"product_tag","embeddable":true,"href":"https:\/\/kingarms.ee\/fi\/wp-json\/wp\/v2\/product_tag?post=22236"}],"curies":[{"name":"wp","href":"https:\/\/api.w.org\/{rel}","templated":true}]}}