{"id":22256,"date":"2019-06-13T20:35:28","date_gmt":"2019-06-13T17:35:28","guid":{"rendered":"https:\/\/kingarms.ee\/product\/theta-optics-1x20mm-tahtain\/"},"modified":"2024-08-09T18:09:22","modified_gmt":"2024-08-09T15:09:22","slug":"theta-optics-1x20mm-tahtain","status":"publish","type":"product","link":"https:\/\/kingarms.ee\/fi\/product\/theta-optics-1x20mm-tahtain\/","title":{"rendered":"THETA OPTICS 1x20mm T\u00e4htain"},"content":{"rendered":"<p><a href=\"https:\/\/kingarms.ee\/wp-content\/uploads\/2019\/06\/1152205528_1-300x200.jpg\"><img loading=\"lazy\" decoding=\"async\" class=\"alignnone size-medium wp-image-15813\" src=\"https:\/\/kingarms.ee\/wp-content\/uploads\/2019\/06\/1152205528_1-300x200.jpg\" alt=\"\" width=\"300\" height=\"200\" srcset=\"https:\/\/kingarms.ee\/wp-content\/uploads\/2019\/06\/1152205528_1-300x200.jpg 300w, https:\/\/kingarms.ee\/wp-content\/uploads\/2019\/06\/1152205528_1-150x100.jpg 150w, https:\/\/kingarms.ee\/wp-content\/uploads\/2019\/06\/1152205528_1-500x333.jpg 500w, https:\/\/kingarms.ee\/wp-content\/uploads\/2019\/06\/1152205528_1-768x512.jpg 768w, https:\/\/kingarms.ee\/wp-content\/uploads\/2019\/06\/1152205528_1.jpg 800w\" sizes=\"auto, (max-width: 300px) 100vw, 300px\" \/><\/a><\/p>\n","protected":false},"excerpt":{"rendered":"<p>Theta Optics \u2122 Compact Precision Sight on valmistettu metallikotelosta ja saa virtansa CR2032-akusta. Sen avulla voit k\u00e4ytt\u00e4\u00e4 sek\u00e4 vihreit\u00e4 ett\u00e4 punaisia pisteit\u00e4 p\u00e4iv\u00e4ll\u00e4 ja y\u00f6ll\u00e4. K\u00e4rki voidaan s\u00e4\u00e4t\u00e4\u00e4 pystysuoraan ja vaakasuoraan. Se tarjoaa useita kirkkausvaihtoehtoja. Tavalliselle 22 mm: n RIS-kiskolle asennettu visio tarjoaa nopean ja tarkan ohjauksen.<\/p>\n<p>Theta Optics \u2122 pyrkii tarjoamaan korkealaatuisen optisen aseman ja laajentamaan tarjontaansa jatkuvasti korkealaatuisia tuotteita koskevilla yleisill\u00e4 innovatiivisilla ratkaisuilla. Jokaiselle tuotteelle tehd\u00e4\u00e4n useita testej\u00e4 ennen markkinoille saattamista. Theta Optics \u2122 on suositus k\u00e4ytt\u00e4jille, jotka etsiv\u00e4t laadukasta tuotetta kohtuulliseen hintaan.<\/p>\n","protected":false},"featured_media":22257,"template":"","meta":{"_acf_changed":false},"product_brand":[],"product_cat":[649],"product_tag":[],"class_list":{"0":"post-22256","1":"product","2":"type-product","3":"status-publish","4":"has-post-thumbnail","6":"product_cat-ottelut","8":"first","9":"instock","10":"taxable","11":"shipping-taxable","12":"purchasable","13":"product-type-simple"},"acf":[],"_links":{"self":[{"href":"https:\/\/kingarms.ee\/fi\/wp-json\/wp\/v2\/product\/22256","targetHints":{"allow":["GET"]}}],"collection":[{"href":"https:\/\/kingarms.ee\/fi\/wp-json\/wp\/v2\/product"}],"about":[{"href":"https:\/\/kingarms.ee\/fi\/wp-json\/wp\/v2\/types\/product"}],"wp:featuredmedia":[{"embeddable":true,"href":"https:\/\/kingarms.ee\/fi\/wp-json\/wp\/v2\/media\/22257"}],"wp:attachment":[{"href":"https:\/\/kingarms.ee\/fi\/wp-json\/wp\/v2\/media?parent=22256"}],"wp:term":[{"taxonomy":"product_brand","embeddable":true,"href":"https:\/\/kingarms.ee\/fi\/wp-json\/wp\/v2\/product_brand?post=22256"},{"taxonomy":"product_cat","embeddable":true,"href":"https:\/\/kingarms.ee\/fi\/wp-json\/wp\/v2\/product_cat?post=22256"},{"taxonomy":"product_tag","embeddable":true,"href":"https:\/\/kingarms.ee\/fi\/wp-json\/wp\/v2\/product_tag?post=22256"}],"curies":[{"name":"wp","href":"https:\/\/api.w.org\/{rel}","templated":true}]}}