{"id":22266,"date":"2019-07-05T11:06:43","date_gmt":"2019-07-05T08:06:43","guid":{"rendered":"https:\/\/kingarms.ee\/product\/theta-optics-punapistetahtain\/"},"modified":"2024-08-09T17:53:37","modified_gmt":"2024-08-09T14:53:37","slug":"theta-optics-punapistetahtain","status":"publish","type":"product","link":"https:\/\/kingarms.ee\/fi\/product\/theta-optics-punapistetahtain\/","title":{"rendered":"Theta Optics &#8211; punapistet\u00e4ht\u00e4in"},"content":{"rendered":"<p><a href=\"https:\/\/kingarms.ee\/wp-content\/uploads\/2019\/07\/1152205531_5-300x200.jpg\"><img loading=\"lazy\" decoding=\"async\" class=\"alignnone size-medium wp-image-22267\" src=\"https:\/\/kingarms.ee\/wp-content\/uploads\/2019\/07\/1152205531_5-300x200.jpg\" alt=\"\" width=\"300\" height=\"200\" srcset=\"https:\/\/kingarms.ee\/wp-content\/uploads\/2019\/07\/1152205531_5-300x200.jpg 300w, https:\/\/kingarms.ee\/wp-content\/uploads\/2019\/07\/1152205531_5-150x100.jpg 150w, https:\/\/kingarms.ee\/wp-content\/uploads\/2019\/07\/1152205531_5-500x333.jpg 500w, https:\/\/kingarms.ee\/wp-content\/uploads\/2019\/07\/1152205531_5-768x512.jpg 768w, https:\/\/kingarms.ee\/wp-content\/uploads\/2019\/07\/1152205531_5.jpg 800w\" sizes=\"auto, (max-width: 300px) 100vw, 300px\" \/><\/a><\/p>\n","protected":false},"excerpt":{"rendered":"<p>Klassinen punainen piste. Valittavissa on 11 erilaista kirkkaustasoa. Etulinssi on peitetty heijastumista est\u00e4v\u00e4ll\u00e4 pinnoitteella. Kiv\u00e4\u00e4ri on kiinnitetty 22 mm: n ritil\u00e4\u00e4n, joten lis\u00e4kiinnikkeit\u00e4 ei tarvitse ostaa.<\/p>\n<p>Paino 600 g<br \/>\nToimii CR2032-akun kanssa<\/p>\n","protected":false},"featured_media":22267,"template":"","meta":{"_acf_changed":false},"product_brand":[],"product_cat":[649],"product_tag":[],"class_list":{"0":"post-22266","1":"product","2":"type-product","3":"status-publish","4":"has-post-thumbnail","6":"product_cat-ottelut","8":"first","9":"instock","10":"taxable","11":"shipping-taxable","12":"purchasable","13":"product-type-simple"},"acf":[],"_links":{"self":[{"href":"https:\/\/kingarms.ee\/fi\/wp-json\/wp\/v2\/product\/22266","targetHints":{"allow":["GET"]}}],"collection":[{"href":"https:\/\/kingarms.ee\/fi\/wp-json\/wp\/v2\/product"}],"about":[{"href":"https:\/\/kingarms.ee\/fi\/wp-json\/wp\/v2\/types\/product"}],"wp:featuredmedia":[{"embeddable":true,"href":"https:\/\/kingarms.ee\/fi\/wp-json\/wp\/v2\/media\/22267"}],"wp:attachment":[{"href":"https:\/\/kingarms.ee\/fi\/wp-json\/wp\/v2\/media?parent=22266"}],"wp:term":[{"taxonomy":"product_brand","embeddable":true,"href":"https:\/\/kingarms.ee\/fi\/wp-json\/wp\/v2\/product_brand?post=22266"},{"taxonomy":"product_cat","embeddable":true,"href":"https:\/\/kingarms.ee\/fi\/wp-json\/wp\/v2\/product_cat?post=22266"},{"taxonomy":"product_tag","embeddable":true,"href":"https:\/\/kingarms.ee\/fi\/wp-json\/wp\/v2\/product_tag?post=22266"}],"curies":[{"name":"wp","href":"https:\/\/api.w.org\/{rel}","templated":true}]}}