{"id":22283,"date":"2019-03-28T11:56:41","date_gmt":"2019-03-28T08:56:41","guid":{"rendered":"https:\/\/kingarms.ee\/product\/theta-optics-1x22x33-tahtain\/"},"modified":"2024-08-09T18:48:15","modified_gmt":"2024-08-09T15:48:15","slug":"theta-optics-1x22x33-tahtain","status":"publish","type":"product","link":"https:\/\/kingarms.ee\/fi\/product\/theta-optics-1x22x33-tahtain\/","title":{"rendered":"(JS-Tactical) 1x22x33 T\u00c4HTAIN"},"content":{"rendered":"<p><a href=\"https:\/\/kingarms.ee\/wp-content\/uploads\/2019\/03\/1152205524_1-300x200.jpg\"><img loading=\"lazy\" decoding=\"async\" class=\"alignnone size-medium wp-image-15825\" src=\"https:\/\/kingarms.ee\/wp-content\/uploads\/2019\/03\/1152205524_1-300x200.jpg\" alt=\"\" width=\"300\" height=\"200\" srcset=\"https:\/\/kingarms.ee\/wp-content\/uploads\/2019\/03\/1152205524_1-300x200.jpg 300w, https:\/\/kingarms.ee\/wp-content\/uploads\/2019\/03\/1152205524_1-150x100.jpg 150w, https:\/\/kingarms.ee\/wp-content\/uploads\/2019\/03\/1152205524_1-500x333.jpg 500w, https:\/\/kingarms.ee\/wp-content\/uploads\/2019\/03\/1152205524_1-768x512.jpg 768w, https:\/\/kingarms.ee\/wp-content\/uploads\/2019\/03\/1152205524_1.jpg 800w\" sizes=\"auto, (max-width: 300px) 100vw, 300px\" \/><\/a><\/p>\n","protected":false},"excerpt":{"rendered":"<p>(JS-Tactical) 1x22x33 T\u00c4HTAIN<\/p>\n<p>Klassinen tarkkuus 1x22x33 mm. Voit valita 7 eri kirkkaustasosta ja muuttaa 4 pistett\u00e4. Etulinssi on peitetty heijastumista est\u00e4v\u00e4ll\u00e4 pinnoitteella. Kiv\u00e4\u00e4ri on kiinnitetty 22 mm: n ritil\u00e4\u00e4n, joten lis\u00e4kiinnikkeit\u00e4 ei tarvitse ostaa.<\/p>\n<p>Paino 400 g<br \/>\nToimii CR2032-akun kanssa<\/p>\n","protected":false},"featured_media":22286,"template":"","meta":{"_acf_changed":false},"product_brand":[],"product_cat":[649],"product_tag":[],"class_list":{"0":"post-22283","1":"product","2":"type-product","3":"status-publish","4":"has-post-thumbnail","6":"product_cat-ottelut","8":"first","9":"instock","10":"taxable","11":"shipping-taxable","12":"purchasable","13":"product-type-simple"},"acf":[],"_links":{"self":[{"href":"https:\/\/kingarms.ee\/fi\/wp-json\/wp\/v2\/product\/22283","targetHints":{"allow":["GET"]}}],"collection":[{"href":"https:\/\/kingarms.ee\/fi\/wp-json\/wp\/v2\/product"}],"about":[{"href":"https:\/\/kingarms.ee\/fi\/wp-json\/wp\/v2\/types\/product"}],"wp:featuredmedia":[{"embeddable":true,"href":"https:\/\/kingarms.ee\/fi\/wp-json\/wp\/v2\/media\/22286"}],"wp:attachment":[{"href":"https:\/\/kingarms.ee\/fi\/wp-json\/wp\/v2\/media?parent=22283"}],"wp:term":[{"taxonomy":"product_brand","embeddable":true,"href":"https:\/\/kingarms.ee\/fi\/wp-json\/wp\/v2\/product_brand?post=22283"},{"taxonomy":"product_cat","embeddable":true,"href":"https:\/\/kingarms.ee\/fi\/wp-json\/wp\/v2\/product_cat?post=22283"},{"taxonomy":"product_tag","embeddable":true,"href":"https:\/\/kingarms.ee\/fi\/wp-json\/wp\/v2\/product_tag?post=22283"}],"curies":[{"name":"wp","href":"https:\/\/api.w.org\/{rel}","templated":true}]}}