{"id":22346,"date":"2019-05-02T18:32:50","date_gmt":"2019-05-02T15:32:50","guid":{"rendered":"https:\/\/kingarms.ee\/product\/tarvikelaukut-vihrea\/"},"modified":"2024-08-09T18:27:56","modified_gmt":"2024-08-09T15:27:56","slug":"tarvikelaukut-vihrea","status":"publish","type":"product","link":"https:\/\/kingarms.ee\/fi\/product\/tarvikelaukut-vihrea\/","title":{"rendered":"Tarvikelaukut \u2013 Vihre\u00e4"},"content":{"rendered":"<p><a href=\"https:\/\/kingarms.ee\/wp-content\/uploads\/2019\/05\/1152222176_1-300x200.jpg\"><img loading=\"lazy\" decoding=\"async\" class=\"alignnone size-medium wp-image-14848\" src=\"https:\/\/kingarms.ee\/wp-content\/uploads\/2019\/05\/1152222176_1-300x200.jpg\" alt=\"\" width=\"300\" height=\"200\" srcset=\"https:\/\/kingarms.ee\/wp-content\/uploads\/2019\/05\/1152222176_1-300x200.jpg 300w, https:\/\/kingarms.ee\/wp-content\/uploads\/2019\/05\/1152222176_1-150x100.jpg 150w, https:\/\/kingarms.ee\/wp-content\/uploads\/2019\/05\/1152222176_1-500x333.jpg 500w, https:\/\/kingarms.ee\/wp-content\/uploads\/2019\/05\/1152222176_1-768x512.jpg 768w, https:\/\/kingarms.ee\/wp-content\/uploads\/2019\/05\/1152222176_1.jpg 800w\" sizes=\"auto, (max-width: 300px) 100vw, 300px\" \/><\/a><\/p>\n","protected":false},"excerpt":{"rendered":"<p>Kest\u00e4v\u00e4st\u00e4 nailonista valmistettu yksinkertainen kantolaukku. Laukussa on kaksinkertainen vetoketju ja kahva mukavaan kuljettamiseen. T\u00e4m\u00e4n pussin suurin etu on vedenpit\u00e4v\u00e4 materiaali.<\/p>\n","protected":false},"featured_media":22347,"template":"","meta":{"_acf_changed":false},"product_brand":[],"product_cat":[249],"product_tag":[],"class_list":{"0":"post-22346","1":"product","2":"type-product","3":"status-publish","4":"has-post-thumbnail","6":"product_cat-kuljetusvalineet","8":"first","9":"onbackorder","10":"taxable","11":"shipping-taxable","12":"product-type-simple"},"acf":[],"_links":{"self":[{"href":"https:\/\/kingarms.ee\/fi\/wp-json\/wp\/v2\/product\/22346","targetHints":{"allow":["GET"]}}],"collection":[{"href":"https:\/\/kingarms.ee\/fi\/wp-json\/wp\/v2\/product"}],"about":[{"href":"https:\/\/kingarms.ee\/fi\/wp-json\/wp\/v2\/types\/product"}],"wp:featuredmedia":[{"embeddable":true,"href":"https:\/\/kingarms.ee\/fi\/wp-json\/wp\/v2\/media\/22347"}],"wp:attachment":[{"href":"https:\/\/kingarms.ee\/fi\/wp-json\/wp\/v2\/media?parent=22346"}],"wp:term":[{"taxonomy":"product_brand","embeddable":true,"href":"https:\/\/kingarms.ee\/fi\/wp-json\/wp\/v2\/product_brand?post=22346"},{"taxonomy":"product_cat","embeddable":true,"href":"https:\/\/kingarms.ee\/fi\/wp-json\/wp\/v2\/product_cat?post=22346"},{"taxonomy":"product_tag","embeddable":true,"href":"https:\/\/kingarms.ee\/fi\/wp-json\/wp\/v2\/product_tag?post=22346"}],"curies":[{"name":"wp","href":"https:\/\/api.w.org\/{rel}","templated":true}]}}