{"id":22350,"date":"2018-08-31T11:08:33","date_gmt":"2018-08-31T08:08:33","guid":{"rendered":"https:\/\/kingarms.ee\/product\/tarvikelaukut-musta\/"},"modified":"2024-09-28T16:35:37","modified_gmt":"2024-09-28T13:35:37","slug":"tarvikelaukut-musta","status":"publish","type":"product","link":"https:\/\/kingarms.ee\/fi\/product\/tarvikelaukut-musta\/","title":{"rendered":"Tarvikelaukut Musta"},"content":{"rendered":"<p><a href=\"https:\/\/kingarms.ee\/wp-content\/uploads\/2018\/02\/1152216265_1.jpg\"><img loading=\"lazy\" decoding=\"async\" class=\"alignnone size-medium wp-image-727\" src=\"https:\/\/kingarms.ee\/wp-content\/uploads\/2018\/08\/1152207734_3-300x200.jpg\" alt=\"\" width=\"300\" height=\"200\" srcset=\"https:\/\/kingarms.ee\/wp-content\/uploads\/2018\/08\/1152207734_3-300x200.jpg 300w, https:\/\/kingarms.ee\/wp-content\/uploads\/2018\/08\/1152207734_3-150x100.jpg 150w, https:\/\/kingarms.ee\/wp-content\/uploads\/2018\/08\/1152207734_3-500x333.jpg 500w, https:\/\/kingarms.ee\/wp-content\/uploads\/2018\/08\/1152207734_3-768x512.jpg 768w, https:\/\/kingarms.ee\/wp-content\/uploads\/2018\/08\/1152207734_3.jpg 800w\" sizes=\"auto, (max-width: 300px) 100vw, 300px\" \/><\/a><\/p>\n","protected":false},"excerpt":{"rendered":"<p>Tarvikelaukut Musta<\/p>\n<p>Kest\u00e4v\u00e4st\u00e4 nailonista valmistettu yksinkertainen kantolaukku. Pussin koko on 430 x 250 x 200 mm. Laukussa on kaksinkertainen vetoketju ja kahva mukavaan kuljettamiseen. T\u00e4m\u00e4n pussin suurin etu on vedenpit\u00e4v\u00e4 materiaali.<\/p>\n<p>V\u00e4ri: musta<\/p>\n","protected":false},"featured_media":22351,"template":"","meta":{"_acf_changed":false},"product_brand":[],"product_cat":[242,249],"product_tag":[],"class_list":{"0":"post-22350","1":"product","2":"type-product","3":"status-publish","4":"has-post-thumbnail","6":"product_cat-lisavarusteet","7":"product_cat-kuljetusvalineet","9":"first","10":"instock","11":"purchasable","12":"product-type-simple"},"acf":[],"_links":{"self":[{"href":"https:\/\/kingarms.ee\/fi\/wp-json\/wp\/v2\/product\/22350","targetHints":{"allow":["GET"]}}],"collection":[{"href":"https:\/\/kingarms.ee\/fi\/wp-json\/wp\/v2\/product"}],"about":[{"href":"https:\/\/kingarms.ee\/fi\/wp-json\/wp\/v2\/types\/product"}],"wp:featuredmedia":[{"embeddable":true,"href":"https:\/\/kingarms.ee\/fi\/wp-json\/wp\/v2\/media\/22351"}],"wp:attachment":[{"href":"https:\/\/kingarms.ee\/fi\/wp-json\/wp\/v2\/media?parent=22350"}],"wp:term":[{"taxonomy":"product_brand","embeddable":true,"href":"https:\/\/kingarms.ee\/fi\/wp-json\/wp\/v2\/product_brand?post=22350"},{"taxonomy":"product_cat","embeddable":true,"href":"https:\/\/kingarms.ee\/fi\/wp-json\/wp\/v2\/product_cat?post=22350"},{"taxonomy":"product_tag","embeddable":true,"href":"https:\/\/kingarms.ee\/fi\/wp-json\/wp\/v2\/product_tag?post=22350"}],"curies":[{"name":"wp","href":"https:\/\/api.w.org\/{rel}","templated":true}]}}