{"id":22374,"date":"2019-07-07T17:00:05","date_gmt":"2019-07-07T14:00:05","guid":{"rendered":"https:\/\/kingarms.ee\/product\/pieni-ratalaukku-vihrea\/"},"modified":"2024-08-09T17:52:17","modified_gmt":"2024-08-09T14:52:17","slug":"keikkalaukku-vihrea","status":"publish","type":"product","link":"https:\/\/kingarms.ee\/fi\/product\/keikkalaukku-vihrea\/","title":{"rendered":"Keikkalaukku \u2013 vihre\u00e4"},"content":{"rendered":"<p><a href=\"https:\/\/kingarms.ee\/wp-content\/uploads\/2019\/07\/1152199215_1-300x204.jpg\"><img loading=\"lazy\" decoding=\"async\" class=\"alignnone size-medium wp-image-22375\" src=\"https:\/\/kingarms.ee\/wp-content\/uploads\/2019\/07\/1152199215_1-300x204.jpg\" alt=\"\" width=\"300\" height=\"204\" srcset=\"https:\/\/kingarms.ee\/wp-content\/uploads\/2019\/07\/1152199215_1-300x204.jpg 300w, https:\/\/kingarms.ee\/wp-content\/uploads\/2019\/07\/1152199215_1-150x102.jpg 150w, https:\/\/kingarms.ee\/wp-content\/uploads\/2019\/07\/1152199215_1-500x341.jpg 500w, https:\/\/kingarms.ee\/wp-content\/uploads\/2019\/07\/1152199215_1-768x523.jpg 768w, https:\/\/kingarms.ee\/wp-content\/uploads\/2019\/07\/1152199215_1.jpg 800w\" sizes=\"auto, (max-width: 300px) 100vw, 300px\" \/><\/a><\/p>\n","protected":false},"excerpt":{"rendered":"<p>Laukku on nailonia. Laukku voidaan kiinnitt\u00e4\u00e4 MOLLE-standardin mukaiseen PALS-nauhaan, sit\u00e4 voidaan k\u00e4ytt\u00e4\u00e4 vy\u00f6t\u00e4r\u00f6nauhassa tai olkap\u00e4\u00e4ss\u00e4.<\/p>\n<p>P\u00e4\u00e4tasku on 215x80x170mm iso.<\/p>\n<p>Kodin edess\u00e4 oleva ulkotasku on 195x115x45mm iso.<\/p>\n<p>Sivutaskut ovat 55x75x125mm<\/p>\n","protected":false},"featured_media":22375,"template":"","meta":{"_acf_changed":false},"product_brand":[],"product_cat":[249],"product_tag":[],"class_list":{"0":"post-22374","1":"product","2":"type-product","3":"status-publish","4":"has-post-thumbnail","6":"product_cat-kuljetusvalineet","8":"first","9":"instock","10":"taxable","11":"shipping-taxable","12":"purchasable","13":"product-type-simple"},"acf":[],"_links":{"self":[{"href":"https:\/\/kingarms.ee\/fi\/wp-json\/wp\/v2\/product\/22374","targetHints":{"allow":["GET"]}}],"collection":[{"href":"https:\/\/kingarms.ee\/fi\/wp-json\/wp\/v2\/product"}],"about":[{"href":"https:\/\/kingarms.ee\/fi\/wp-json\/wp\/v2\/types\/product"}],"wp:featuredmedia":[{"embeddable":true,"href":"https:\/\/kingarms.ee\/fi\/wp-json\/wp\/v2\/media\/22375"}],"wp:attachment":[{"href":"https:\/\/kingarms.ee\/fi\/wp-json\/wp\/v2\/media?parent=22374"}],"wp:term":[{"taxonomy":"product_brand","embeddable":true,"href":"https:\/\/kingarms.ee\/fi\/wp-json\/wp\/v2\/product_brand?post=22374"},{"taxonomy":"product_cat","embeddable":true,"href":"https:\/\/kingarms.ee\/fi\/wp-json\/wp\/v2\/product_cat?post=22374"},{"taxonomy":"product_tag","embeddable":true,"href":"https:\/\/kingarms.ee\/fi\/wp-json\/wp\/v2\/product_tag?post=22374"}],"curies":[{"name":"wp","href":"https:\/\/api.w.org\/{rel}","templated":true}]}}