{"id":22443,"date":"2019-07-27T19:41:39","date_gmt":"2019-07-27T16:41:39","guid":{"rendered":"https:\/\/kingarms.ee\/product\/aselaukku-src\/"},"modified":"2024-08-09T17:34:46","modified_gmt":"2024-08-09T14:34:46","slug":"aselaukku-src","status":"publish","type":"product","link":"https:\/\/kingarms.ee\/fi\/product\/aselaukku-src\/","title":{"rendered":"Aselaukku (SRC)"},"content":{"rendered":"<p><a href=\"https:\/\/kingarms.ee\/wp-content\/uploads\/2019\/07\/Rifle-Hard-Case-105cm-Black-SRC-am19271large1-300x210.png\"><img loading=\"lazy\" decoding=\"async\" class=\"alignnone size-medium wp-image-17340\" src=\"https:\/\/kingarms.ee\/wp-content\/uploads\/2019\/07\/Rifle-Hard-Case-105cm-Black-SRC-am19271large1-300x210.png\" alt=\"\" width=\"300\" height=\"210\" srcset=\"https:\/\/kingarms.ee\/wp-content\/uploads\/2019\/07\/Rifle-Hard-Case-105cm-Black-SRC-am19271large1-300x210.png 300w, https:\/\/kingarms.ee\/wp-content\/uploads\/2019\/07\/Rifle-Hard-Case-105cm-Black-SRC-am19271large1-150x105.png 150w, https:\/\/kingarms.ee\/wp-content\/uploads\/2019\/07\/Rifle-Hard-Case-105cm-Black-SRC-am19271large1-500x350.png 500w, https:\/\/kingarms.ee\/wp-content\/uploads\/2019\/07\/Rifle-Hard-Case-105cm-Black-SRC-am19271large1-768x538.png 768w, https:\/\/kingarms.ee\/wp-content\/uploads\/2019\/07\/Rifle-Hard-Case-105cm-Black-SRC-am19271large1.png 1024w\" sizes=\"auto, (max-width: 300px) 100vw, 300px\" \/><\/a><\/p>\n","protected":false},"excerpt":{"rendered":"<p>Aselaukku on M4, AK47 &amp; 74 ja pienemm\u00e4t ampujakiv\u00e4\u00e4rit.<\/p>\n<p>Mitat: 105cm x 33cm<br \/>\nPaino: 5,3 kg<\/p>\n","protected":false},"featured_media":22444,"template":"","meta":{"_acf_changed":false},"product_brand":[],"product_cat":[645,651,264],"product_tag":[],"class_list":{"0":"post-22443","1":"product","2":"type-product","3":"status-publish","4":"has-post-thumbnail","6":"product_cat-laukut","7":"product_cat-matkalaukut","8":"product_cat-taskut-laukut-vyot","10":"first","11":"instock","12":"taxable","13":"shipping-taxable","14":"purchasable","15":"product-type-simple"},"acf":[],"_links":{"self":[{"href":"https:\/\/kingarms.ee\/fi\/wp-json\/wp\/v2\/product\/22443","targetHints":{"allow":["GET"]}}],"collection":[{"href":"https:\/\/kingarms.ee\/fi\/wp-json\/wp\/v2\/product"}],"about":[{"href":"https:\/\/kingarms.ee\/fi\/wp-json\/wp\/v2\/types\/product"}],"wp:featuredmedia":[{"embeddable":true,"href":"https:\/\/kingarms.ee\/fi\/wp-json\/wp\/v2\/media\/22444"}],"wp:attachment":[{"href":"https:\/\/kingarms.ee\/fi\/wp-json\/wp\/v2\/media?parent=22443"}],"wp:term":[{"taxonomy":"product_brand","embeddable":true,"href":"https:\/\/kingarms.ee\/fi\/wp-json\/wp\/v2\/product_brand?post=22443"},{"taxonomy":"product_cat","embeddable":true,"href":"https:\/\/kingarms.ee\/fi\/wp-json\/wp\/v2\/product_cat?post=22443"},{"taxonomy":"product_tag","embeddable":true,"href":"https:\/\/kingarms.ee\/fi\/wp-json\/wp\/v2\/product_tag?post=22443"}],"curies":[{"name":"wp","href":"https:\/\/api.w.org\/{rel}","templated":true}]}}