{"id":22447,"date":"2018-09-07T16:09:39","date_gmt":"2018-09-07T13:09:39","guid":{"rendered":"https:\/\/kingarms.ee\/product\/remington-aselaukku\/"},"modified":"2024-02-10T13:09:48","modified_gmt":"2024-02-10T10:09:48","slug":"kivaarin-ontto-remington-113x15x25x6-vihrea","status":"publish","type":"product","link":"https:\/\/kingarms.ee\/fi\/product\/kivaarin-ontto-remington-113x15x25x6-vihrea\/","title":{"rendered":"Kiv\u00e4\u00e4rin ontto Remington 123x15x25x6"},"content":{"rendered":"<p><a href=\"https:\/\/kingarms.ee\/wp-content\/uploads\/2018\/09\/img_99274-300x200.jpg\"><img loading=\"lazy\" decoding=\"async\" class=\"alignnone size-medium wp-image-9710\" src=\"https:\/\/kingarms.ee\/wp-content\/uploads\/2018\/09\/img_99274-300x200.jpg\" alt=\"\" width=\"300\" height=\"200\" srcset=\"https:\/\/kingarms.ee\/wp-content\/uploads\/2018\/09\/img_99274-300x200.jpg 300w, https:\/\/kingarms.ee\/wp-content\/uploads\/2018\/09\/img_99274-150x100.jpg 150w, https:\/\/kingarms.ee\/wp-content\/uploads\/2018\/09\/img_99274-500x334.jpg 500w, https:\/\/kingarms.ee\/wp-content\/uploads\/2018\/09\/img_99274-768x512.jpg 768w, https:\/\/kingarms.ee\/wp-content\/uploads\/2018\/09\/img_99274.jpg 1000w\" sizes=\"auto, (max-width: 300px) 100vw, 300px\" \/><\/a><\/p>\n","protected":false},"excerpt":{"rendered":"<p>Kiv\u00e4\u00e4rin ontto Remington 113x15x25x6 vihre\u00e4.<\/p>\n<p>Ulkokangas &#8211; oliivinv\u00e4rinen cordura. Sis\u00e4ll\u00e4 on synteettisell\u00e4 kankaalla p\u00e4\u00e4llystetty\u00e4 vaahtomuovia. Kotelon ala- ja yl\u00e4osa on p\u00e4\u00e4llystetty keinonahalla. Siin\u00e4 on tasku pienille tavaroille. Matkalaukkua voi kantaa joko kahvoista tai olalla: siin\u00e4 on erityinen hihna. Sopii kiv\u00e4\u00e4reille, joissa ei ole t\u00e4ht\u00e4imi\u00e4, sek\u00e4 pienille ja keskikokoisille kiv\u00e4\u00e4reille.<\/p>\n","protected":false},"featured_media":22448,"template":"","meta":{"_acf_changed":false},"product_brand":[],"product_cat":[652,645,264],"product_tag":[],"class_list":{"0":"post-22447","1":"product","2":"type-product","3":"status-publish","4":"has-post-thumbnail","6":"product_cat-laukut-fi","7":"product_cat-laukut","8":"product_cat-taskut-laukut-vyot","10":"first","11":"instock","12":"taxable","13":"shipping-taxable","14":"purchasable","15":"product-type-simple"},"acf":[],"_links":{"self":[{"href":"https:\/\/kingarms.ee\/fi\/wp-json\/wp\/v2\/product\/22447","targetHints":{"allow":["GET"]}}],"collection":[{"href":"https:\/\/kingarms.ee\/fi\/wp-json\/wp\/v2\/product"}],"about":[{"href":"https:\/\/kingarms.ee\/fi\/wp-json\/wp\/v2\/types\/product"}],"wp:featuredmedia":[{"embeddable":true,"href":"https:\/\/kingarms.ee\/fi\/wp-json\/wp\/v2\/media\/22448"}],"wp:attachment":[{"href":"https:\/\/kingarms.ee\/fi\/wp-json\/wp\/v2\/media?parent=22447"}],"wp:term":[{"taxonomy":"product_brand","embeddable":true,"href":"https:\/\/kingarms.ee\/fi\/wp-json\/wp\/v2\/product_brand?post=22447"},{"taxonomy":"product_cat","embeddable":true,"href":"https:\/\/kingarms.ee\/fi\/wp-json\/wp\/v2\/product_cat?post=22447"},{"taxonomy":"product_tag","embeddable":true,"href":"https:\/\/kingarms.ee\/fi\/wp-json\/wp\/v2\/product_tag?post=22447"}],"curies":[{"name":"wp","href":"https:\/\/api.w.org\/{rel}","templated":true}]}}