{"id":22475,"date":"2019-06-21T15:57:41","date_gmt":"2019-06-21T12:57:41","guid":{"rendered":"https:\/\/kingarms.ee\/product\/reppu-musta\/"},"modified":"2024-08-09T18:05:16","modified_gmt":"2024-08-09T15:05:16","slug":"reppu-musta","status":"publish","type":"product","link":"https:\/\/kingarms.ee\/fi\/product\/reppu-musta\/","title":{"rendered":"Reppu \u2013 Musta"},"content":{"rendered":"<p><a href=\"https:\/\/kingarms.ee\/wp-content\/uploads\/2019\/06\/chrome_EQb3xxyZUT-300x300.png\"><img loading=\"lazy\" decoding=\"async\" class=\"alignnone size-medium wp-image-22476\" src=\"https:\/\/kingarms.ee\/wp-content\/uploads\/2019\/06\/chrome_EQb3xxyZUT-300x300.png\" alt=\"\" width=\"300\" height=\"300\" srcset=\"https:\/\/kingarms.ee\/wp-content\/uploads\/2019\/06\/chrome_EQb3xxyZUT-300x300.png 300w, https:\/\/kingarms.ee\/wp-content\/uploads\/2019\/06\/chrome_EQb3xxyZUT-150x150.png 150w, https:\/\/kingarms.ee\/wp-content\/uploads\/2019\/06\/chrome_EQb3xxyZUT-500x499.png 500w, https:\/\/kingarms.ee\/wp-content\/uploads\/2019\/06\/chrome_EQb3xxyZUT-768x766.png 768w, https:\/\/kingarms.ee\/wp-content\/uploads\/2019\/06\/chrome_EQb3xxyZUT.png 798w\" sizes=\"auto, (max-width: 300px) 100vw, 300px\" \/><\/a><\/p>\n","protected":false},"excerpt":{"rendered":"<p>Eritt\u00e4in mukava nailonreppu. Pieni ja kompakti mitat. Laukku on valmistettu pehme\u00e4st\u00e4 pehmusteesta sis\u00e4puolella herkkien vammojen est\u00e4miseksi. Kaikki taskut on varustettu vetoketjulla. Repun avulla voit asentaa lis\u00e4varusteita: taskuja \/ laukkuja.<\/p>\n<p>Repun mitat: 400 mm x 250 mm x 200 mm.<\/p>\n","protected":false},"featured_media":90233,"template":"","meta":{"_acf_changed":false},"product_brand":[],"product_cat":[264,895],"product_tag":[],"class_list":{"0":"post-22475","1":"product","2":"type-product","3":"status-publish","4":"has-post-thumbnail","6":"product_cat-taskut-laukut-vyot","7":"product_cat-reput","9":"first","10":"instock","11":"taxable","12":"shipping-taxable","13":"purchasable","14":"product-type-simple"},"acf":[],"_links":{"self":[{"href":"https:\/\/kingarms.ee\/fi\/wp-json\/wp\/v2\/product\/22475","targetHints":{"allow":["GET"]}}],"collection":[{"href":"https:\/\/kingarms.ee\/fi\/wp-json\/wp\/v2\/product"}],"about":[{"href":"https:\/\/kingarms.ee\/fi\/wp-json\/wp\/v2\/types\/product"}],"wp:featuredmedia":[{"embeddable":true,"href":"https:\/\/kingarms.ee\/fi\/wp-json\/wp\/v2\/media\/90233"}],"wp:attachment":[{"href":"https:\/\/kingarms.ee\/fi\/wp-json\/wp\/v2\/media?parent=22475"}],"wp:term":[{"taxonomy":"product_brand","embeddable":true,"href":"https:\/\/kingarms.ee\/fi\/wp-json\/wp\/v2\/product_brand?post=22475"},{"taxonomy":"product_cat","embeddable":true,"href":"https:\/\/kingarms.ee\/fi\/wp-json\/wp\/v2\/product_cat?post=22475"},{"taxonomy":"product_tag","embeddable":true,"href":"https:\/\/kingarms.ee\/fi\/wp-json\/wp\/v2\/product_tag?post=22475"}],"curies":[{"name":"wp","href":"https:\/\/api.w.org\/{rel}","templated":true}]}}