{"id":22477,"date":"2018-08-31T08:08:33","date_gmt":"2018-08-31T08:08:33","guid":{"rendered":"https:\/\/kingarms.ee\/product\/taktinen-olkalaukku\/"},"modified":"2024-09-28T16:36:46","modified_gmt":"2024-09-28T13:36:46","slug":"taktinen-olkalaukku","status":"publish","type":"product","link":"https:\/\/kingarms.ee\/fi\/product\/taktinen-olkalaukku\/","title":{"rendered":"Taktinen Olkalaukku"},"content":{"rendered":"<p><a href=\"https:\/\/kingarms.ee\/wp-content\/uploads\/2018\/02\/1152216217_1.jpg\"><img loading=\"lazy\" decoding=\"async\" class=\"alignnone size-medium wp-image-22743\" src=\"https:\/\/kingarms.ee\/wp-content\/uploads\/2018\/08\/1152217919_3-300x200.jpg\" alt=\"\" width=\"300\" height=\"200\" srcset=\"https:\/\/kingarms.ee\/wp-content\/uploads\/2018\/08\/1152217919_3-300x200.jpg 300w, https:\/\/kingarms.ee\/wp-content\/uploads\/2018\/08\/1152217919_3-150x100.jpg 150w, https:\/\/kingarms.ee\/wp-content\/uploads\/2018\/08\/1152217919_3-500x333.jpg 500w, https:\/\/kingarms.ee\/wp-content\/uploads\/2018\/08\/1152217919_3-768x512.jpg 768w, https:\/\/kingarms.ee\/wp-content\/uploads\/2018\/08\/1152217919_3.jpg 800w\" sizes=\"auto, (max-width: 300px) 100vw, 300px\" \/><\/a><\/p>\n","protected":false},"excerpt":{"rendered":"<p>Taktinen Olkalaukku<\/p>\n<p>Pieni ja mukava nailonmusta reppu. Laukkujen mitat 260 x 200 x 70 mm + pienemm\u00e4t taskut. Laukussa on erityiset taskut. Laukku on loistava valinta niille, jotka k\u00e4velev\u00e4t ymp\u00e4ri kaupunkia.<\/p>\n","protected":false},"featured_media":22478,"template":"","meta":{"_acf_changed":false},"product_brand":[],"product_cat":[264,891],"product_tag":[],"class_list":{"0":"post-22477","1":"product","2":"type-product","3":"status-publish","4":"has-post-thumbnail","6":"product_cat-taskut-laukut-vyot","7":"product_cat-olkalaukku","9":"first","10":"instock","11":"purchasable","12":"product-type-simple"},"acf":[],"_links":{"self":[{"href":"https:\/\/kingarms.ee\/fi\/wp-json\/wp\/v2\/product\/22477","targetHints":{"allow":["GET"]}}],"collection":[{"href":"https:\/\/kingarms.ee\/fi\/wp-json\/wp\/v2\/product"}],"about":[{"href":"https:\/\/kingarms.ee\/fi\/wp-json\/wp\/v2\/types\/product"}],"wp:featuredmedia":[{"embeddable":true,"href":"https:\/\/kingarms.ee\/fi\/wp-json\/wp\/v2\/media\/22478"}],"wp:attachment":[{"href":"https:\/\/kingarms.ee\/fi\/wp-json\/wp\/v2\/media?parent=22477"}],"wp:term":[{"taxonomy":"product_brand","embeddable":true,"href":"https:\/\/kingarms.ee\/fi\/wp-json\/wp\/v2\/product_brand?post=22477"},{"taxonomy":"product_cat","embeddable":true,"href":"https:\/\/kingarms.ee\/fi\/wp-json\/wp\/v2\/product_cat?post=22477"},{"taxonomy":"product_tag","embeddable":true,"href":"https:\/\/kingarms.ee\/fi\/wp-json\/wp\/v2\/product_tag?post=22477"}],"curies":[{"name":"wp","href":"https:\/\/api.w.org\/{rel}","templated":true}]}}