{"id":22500,"date":"2019-11-19T17:41:21","date_gmt":"2019-11-19T14:41:21","guid":{"rendered":"https:\/\/kingarms.ee\/product\/taktinen-vyolaukku-desert-camo\/"},"modified":"2024-08-09T16:59:21","modified_gmt":"2024-08-09T13:59:21","slug":"taktinen-vyolaukku-desert-camo","status":"publish","type":"product","link":"https:\/\/kingarms.ee\/fi\/product\/taktinen-vyolaukku-desert-camo\/","title":{"rendered":"Taktinen vy\u00f6laukku (Desert camo)"},"content":{"rendered":"<p><a href=\"https:\/\/kingarms.ee\/wp-content\/uploads\/2019\/11\/s-l1600-2-300x300.jpg\"><img loading=\"lazy\" decoding=\"async\" class=\"alignnone size-medium wp-image-22389\" src=\"https:\/\/kingarms.ee\/wp-content\/uploads\/2019\/11\/s-l1600-2-300x300.jpg\" alt=\"\" width=\"300\" height=\"300\" srcset=\"https:\/\/kingarms.ee\/wp-content\/uploads\/2019\/11\/s-l1600-2-300x300.jpg 300w, https:\/\/kingarms.ee\/wp-content\/uploads\/2019\/11\/s-l1600-2-150x150.jpg 150w, https:\/\/kingarms.ee\/wp-content\/uploads\/2019\/11\/s-l1600-2-500x500.jpg 500w, https:\/\/kingarms.ee\/wp-content\/uploads\/2019\/11\/s-l1600-2.jpg 750w\" sizes=\"auto, (max-width: 300px) 100vw, 300px\" \/><\/a><\/p>\n","protected":false},"excerpt":{"rendered":"<p>Taktinen vy\u00f6laukku sopii jokap\u00e4iv\u00e4iseen k\u00e4ytt\u00f6\u00f6n.<\/p>\n<p>Mitat: 12cm x 17,5cm x 6cm<\/p>\n<p>Paino: 147 g<\/p>\n","protected":false},"featured_media":88277,"template":"","meta":{"_acf_changed":false},"product_brand":[],"product_cat":[646,264],"product_tag":[],"class_list":{"0":"post-22500","1":"product","2":"type-product","3":"status-publish","4":"has-post-thumbnail","6":"product_cat-taskut","7":"product_cat-taskut-laukut-vyot","9":"first","10":"instock","11":"taxable","12":"shipping-taxable","13":"purchasable","14":"product-type-simple"},"acf":[],"_links":{"self":[{"href":"https:\/\/kingarms.ee\/fi\/wp-json\/wp\/v2\/product\/22500","targetHints":{"allow":["GET"]}}],"collection":[{"href":"https:\/\/kingarms.ee\/fi\/wp-json\/wp\/v2\/product"}],"about":[{"href":"https:\/\/kingarms.ee\/fi\/wp-json\/wp\/v2\/types\/product"}],"wp:featuredmedia":[{"embeddable":true,"href":"https:\/\/kingarms.ee\/fi\/wp-json\/wp\/v2\/media\/88277"}],"wp:attachment":[{"href":"https:\/\/kingarms.ee\/fi\/wp-json\/wp\/v2\/media?parent=22500"}],"wp:term":[{"taxonomy":"product_brand","embeddable":true,"href":"https:\/\/kingarms.ee\/fi\/wp-json\/wp\/v2\/product_brand?post=22500"},{"taxonomy":"product_cat","embeddable":true,"href":"https:\/\/kingarms.ee\/fi\/wp-json\/wp\/v2\/product_cat?post=22500"},{"taxonomy":"product_tag","embeddable":true,"href":"https:\/\/kingarms.ee\/fi\/wp-json\/wp\/v2\/product_tag?post=22500"}],"curies":[{"name":"wp","href":"https:\/\/api.w.org\/{rel}","templated":true}]}}