{"id":22517,"date":"2019-06-13T16:33:42","date_gmt":"2019-06-13T13:33:42","guid":{"rendered":"https:\/\/kingarms.ee\/product\/vesipussi-oliiv\/"},"modified":"2024-08-09T18:12:51","modified_gmt":"2024-08-09T15:12:51","slug":"vesipussi-oliivi","status":"publish","type":"product","link":"https:\/\/kingarms.ee\/fi\/product\/vesipussi-oliivi\/","title":{"rendered":"Vesipussi\u2013 Oliivi"},"content":{"rendered":"<p><a href=\"https:\/\/kingarms.ee\/wp-content\/uploads\/2019\/06\/1152207744_1-300x200.jpg\"><img loading=\"lazy\" decoding=\"async\" class=\"alignnone size-medium wp-image-15761\" src=\"https:\/\/kingarms.ee\/wp-content\/uploads\/2019\/06\/1152207744_1-300x200.jpg\" alt=\"\" width=\"300\" height=\"200\" srcset=\"https:\/\/kingarms.ee\/wp-content\/uploads\/2019\/06\/1152207744_1-300x200.jpg 300w, https:\/\/kingarms.ee\/wp-content\/uploads\/2019\/06\/1152207744_1-150x100.jpg 150w, https:\/\/kingarms.ee\/wp-content\/uploads\/2019\/06\/1152207744_1-500x333.jpg 500w, https:\/\/kingarms.ee\/wp-content\/uploads\/2019\/06\/1152207744_1-768x512.jpg 768w, https:\/\/kingarms.ee\/wp-content\/uploads\/2019\/06\/1152207744_1.jpg 800w\" sizes=\"auto, (max-width: 300px) 100vw, 300px\" \/><\/a><\/p>\n","protected":false},"excerpt":{"rendered":"<p>Laukku on valmistettu kest\u00e4v\u00e4st\u00e4 nailonista. Sis\u00e4lt\u00e4\u00e4 kantopidikkeet sek\u00e4 MOLLE-yhteensopivat hihnat taktiseen liiviin kiinnitt\u00e4mist\u00e4 varten. Tulostusmateriaalin edess\u00e4 ja takana on MOLLE-teippi lis\u00e4varusteiden kiinnitt\u00e4mist\u00e4 varten. Laukku mahtuu 3 litraa vett\u00e4.<\/p>\n","protected":false},"featured_media":22518,"template":"","meta":{"_acf_changed":false},"product_brand":[],"product_cat":[264,887],"product_tag":[],"class_list":{"0":"post-22517","1":"product","2":"type-product","3":"status-publish","4":"has-post-thumbnail","6":"product_cat-taskut-laukut-vyot","7":"product_cat-vesipussit","9":"first","10":"onbackorder","11":"taxable","12":"shipping-taxable","13":"product-type-simple"},"acf":[],"_links":{"self":[{"href":"https:\/\/kingarms.ee\/fi\/wp-json\/wp\/v2\/product\/22517","targetHints":{"allow":["GET"]}}],"collection":[{"href":"https:\/\/kingarms.ee\/fi\/wp-json\/wp\/v2\/product"}],"about":[{"href":"https:\/\/kingarms.ee\/fi\/wp-json\/wp\/v2\/types\/product"}],"wp:featuredmedia":[{"embeddable":true,"href":"https:\/\/kingarms.ee\/fi\/wp-json\/wp\/v2\/media\/22518"}],"wp:attachment":[{"href":"https:\/\/kingarms.ee\/fi\/wp-json\/wp\/v2\/media?parent=22517"}],"wp:term":[{"taxonomy":"product_brand","embeddable":true,"href":"https:\/\/kingarms.ee\/fi\/wp-json\/wp\/v2\/product_brand?post=22517"},{"taxonomy":"product_cat","embeddable":true,"href":"https:\/\/kingarms.ee\/fi\/wp-json\/wp\/v2\/product_cat?post=22517"},{"taxonomy":"product_tag","embeddable":true,"href":"https:\/\/kingarms.ee\/fi\/wp-json\/wp\/v2\/product_tag?post=22517"}],"curies":[{"name":"wp","href":"https:\/\/api.w.org\/{rel}","templated":true}]}}