{"id":22553,"date":"2018-08-31T11:08:28","date_gmt":"2018-08-31T08:08:28","guid":{"rendered":"https:\/\/kingarms.ee\/product\/aav-fsbe-taktiset-liivit-musta\/"},"modified":"2024-09-28T16:38:10","modified_gmt":"2024-09-28T13:38:10","slug":"aav-fsbe-taktinen-liivit-musta","status":"publish","type":"product","link":"https:\/\/kingarms.ee\/fi\/product\/aav-fsbe-taktinen-liivit-musta\/","title":{"rendered":"AAV FSBE Taktinen liivit Musta"},"content":{"rendered":"<p><a href=\"https:\/\/kingarms.ee\/wp-content\/uploads\/2018\/02\/1152190301_1.jpg\"><img loading=\"lazy\" decoding=\"async\" class=\"size-medium wp-image-631\" src=\"https:\/\/kingarms.ee\/wp-content\/uploads\/2018\/02\/1152190301_1-300x204.jpg\" alt=\"\" width=\"300\" height=\"204\" \/><\/a><\/p>\n","protected":false},"excerpt":{"rendered":"<p>AAV FSBE Taktinen liivit Musta<\/p>\n<p>Liiviss\u00e4 on ter\u00e4slinjat nopeaan liiviin irtoamiseen.<\/p>\n<p>Kompakti taktinen liivi sis\u00e4lt\u00e4\u00e4:<\/p>\n<p>M4 \/ M16-taskut<br \/>\nmoduuli laukulla<br \/>\nYl\u00e4linjassa on yksi pieni k\u00e4siasetasku.<\/p>\n<p>V\u00e4ri: musta<br \/>\nPaino: 1900 g<\/p>\n","protected":false},"featured_media":22554,"template":"","meta":{"_acf_changed":false},"product_brand":[],"product_cat":[265],"product_tag":[],"class_list":{"0":"post-22553","1":"product","2":"type-product","3":"status-publish","4":"has-post-thumbnail","6":"product_cat-takit-ja-valjaat","8":"first","9":"onbackorder","10":"product-type-simple"},"acf":[],"_links":{"self":[{"href":"https:\/\/kingarms.ee\/fi\/wp-json\/wp\/v2\/product\/22553","targetHints":{"allow":["GET"]}}],"collection":[{"href":"https:\/\/kingarms.ee\/fi\/wp-json\/wp\/v2\/product"}],"about":[{"href":"https:\/\/kingarms.ee\/fi\/wp-json\/wp\/v2\/types\/product"}],"wp:featuredmedia":[{"embeddable":true,"href":"https:\/\/kingarms.ee\/fi\/wp-json\/wp\/v2\/media\/22554"}],"wp:attachment":[{"href":"https:\/\/kingarms.ee\/fi\/wp-json\/wp\/v2\/media?parent=22553"}],"wp:term":[{"taxonomy":"product_brand","embeddable":true,"href":"https:\/\/kingarms.ee\/fi\/wp-json\/wp\/v2\/product_brand?post=22553"},{"taxonomy":"product_cat","embeddable":true,"href":"https:\/\/kingarms.ee\/fi\/wp-json\/wp\/v2\/product_cat?post=22553"},{"taxonomy":"product_tag","embeddable":true,"href":"https:\/\/kingarms.ee\/fi\/wp-json\/wp\/v2\/product_tag?post=22553"}],"curies":[{"name":"wp","href":"https:\/\/api.w.org\/{rel}","templated":true}]}}