{"id":22660,"date":"2019-05-02T18:07:25","date_gmt":"2019-05-02T15:07:25","guid":{"rendered":"https:\/\/kingarms.ee\/product\/raatoliina-3\/"},"modified":"2024-08-09T18:30:47","modified_gmt":"2024-08-09T15:30:47","slug":"raatoliina-3","status":"publish","type":"product","link":"https:\/\/kingarms.ee\/fi\/product\/raatoliina-3\/","title":{"rendered":"Raatoliina"},"content":{"rendered":"<p><a href=\"https:\/\/kingarms.ee\/wp-content\/uploads\/2019\/05\/M51613004-8-BK1-300x225.jpg\"><img loading=\"lazy\" decoding=\"async\" class=\"alignnone size-medium wp-image-22661\" src=\"https:\/\/kingarms.ee\/wp-content\/uploads\/2019\/05\/M51613004-8-BK1-300x225.jpg\" alt=\"\" width=\"300\" height=\"225\" srcset=\"https:\/\/kingarms.ee\/wp-content\/uploads\/2019\/05\/M51613004-8-BK1-300x225.jpg 300w, https:\/\/kingarms.ee\/wp-content\/uploads\/2019\/05\/M51613004-8-BK1-150x113.jpg 150w, https:\/\/kingarms.ee\/wp-content\/uploads\/2019\/05\/M51613004-8-BK1-500x375.jpg 500w, https:\/\/kingarms.ee\/wp-content\/uploads\/2019\/05\/M51613004-8-BK1-600x450.jpg 600w, https:\/\/kingarms.ee\/wp-content\/uploads\/2019\/05\/M51613004-8-BK1.jpg 640w\" sizes=\"auto, (max-width: 300px) 100vw, 300px\" \/><\/a><\/p>\n","protected":false},"excerpt":{"rendered":"<p>Punaisia pyyhkeit\u00e4 k\u00e4ytet\u00e4\u00e4n, kun luoti osuu sinne ja olet menossa hautausmaalle.<\/p>\n","protected":false},"featured_media":22661,"template":"","meta":{"_acf_changed":false},"product_brand":[],"product_cat":[264,646],"product_tag":[],"class_list":{"0":"post-22660","1":"product","2":"type-product","3":"status-publish","4":"has-post-thumbnail","6":"product_cat-taskut-laukut-vyot","7":"product_cat-taskut","9":"first","10":"instock","11":"taxable","12":"shipping-taxable","13":"purchasable","14":"product-type-simple"},"acf":[],"_links":{"self":[{"href":"https:\/\/kingarms.ee\/fi\/wp-json\/wp\/v2\/product\/22660","targetHints":{"allow":["GET"]}}],"collection":[{"href":"https:\/\/kingarms.ee\/fi\/wp-json\/wp\/v2\/product"}],"about":[{"href":"https:\/\/kingarms.ee\/fi\/wp-json\/wp\/v2\/types\/product"}],"wp:featuredmedia":[{"embeddable":true,"href":"https:\/\/kingarms.ee\/fi\/wp-json\/wp\/v2\/media\/22661"}],"wp:attachment":[{"href":"https:\/\/kingarms.ee\/fi\/wp-json\/wp\/v2\/media?parent=22660"}],"wp:term":[{"taxonomy":"product_brand","embeddable":true,"href":"https:\/\/kingarms.ee\/fi\/wp-json\/wp\/v2\/product_brand?post=22660"},{"taxonomy":"product_cat","embeddable":true,"href":"https:\/\/kingarms.ee\/fi\/wp-json\/wp\/v2\/product_cat?post=22660"},{"taxonomy":"product_tag","embeddable":true,"href":"https:\/\/kingarms.ee\/fi\/wp-json\/wp\/v2\/product_tag?post=22660"}],"curies":[{"name":"wp","href":"https:\/\/api.w.org\/{rel}","templated":true}]}}