{"id":22838,"date":"2018-08-31T11:08:49","date_gmt":"2018-08-31T08:08:49","guid":{"rendered":"https:\/\/kingarms.ee\/product\/asg-pro-taktinen-lasit\/"},"modified":"2024-09-28T16:27:28","modified_gmt":"2024-09-28T13:27:28","slug":"taktiset-lasit-lasit-lasit-lasit-lasit-fma","status":"publish","type":"product","link":"https:\/\/kingarms.ee\/fi\/product\/taktiset-lasit-lasit-lasit-lasit-lasit-fma\/","title":{"rendered":"Taktiset suojalasit kotelolla Beige FMA"},"content":{"rendered":"<p><a href=\"https:\/\/kingarms.ee\/wp-content\/uploads\/2018\/03\/1152199775_1.jpg\"><img loading=\"lazy\" decoding=\"async\" class=\"alignnone size-medium wp-image-2182\" src=\"https:\/\/kingarms.ee\/wp-content\/uploads\/2018\/03\/1152199775_1-300x184.jpg\" alt=\"\" width=\"300\" height=\"184\" \/><\/a><\/p>\n","protected":false},"excerpt":{"rendered":"<p>Taktiset suojalasit kotelolla Beige FMA<\/p>\n<p>Mukavat FMA:n valmistamat suojalasit. Malli on p\u00e4\u00e4llystetty sis\u00e4puolelta erityisell\u00e4 vaahtomuovimateriaalilla, jotta suojalasit ovat tukevasti kasvoja vasten. Yhteensopiva FAST \/ MICH kyp\u00e4r\u00e4n kanssa. Sis\u00e4lt\u00e4\u00e4 2 polykarbonaattilinssi\u00e4 (kirkas, s\u00e4vytetty), 2,4 mm paksut erinomaisen suojan takaamiseksi.<\/p>\n<p><span style=\"color: #ff0000;\">HUOM! Tuote ei ole ballistinen silmiensuojain, ja sen k\u00e4ytt\u00f6 t\u00e4h\u00e4n tarkoitukseen on ristiriidassa sen k\u00e4ytt\u00f6tarkoituksen kanssa.<br \/>\nMyyj\u00e4 ja valmistaja eiv\u00e4t ole vastuussa tuotteen k\u00e4yt\u00f6st\u00e4 k\u00e4ytt\u00e4j\u00e4n silmien suojaamiseksi airsoft-peleiss\u00e4, joissa k\u00e4ytet\u00e4\u00e4n airsoft-kopioita. T\u00e4m\u00e4 koskee my\u00f6s mahdollisia terveysongelmia tai k\u00e4ytt\u00e4j\u00e4n omaisuudelle aiheutuneita vahinkoja, eik\u00e4 tuotereklamaatio koske niit\u00e4.<\/span><\/p>\n","protected":false},"featured_media":22839,"template":"","meta":{"_acf_changed":false},"product_brand":[],"product_cat":[635],"product_tag":[],"class_list":{"0":"post-22838","1":"product","2":"type-product","3":"status-publish","4":"has-post-thumbnail","6":"product_cat-airsoft-silmalasit","8":"first","9":"instock","10":"purchasable","11":"product-type-simple"},"acf":[],"_links":{"self":[{"href":"https:\/\/kingarms.ee\/fi\/wp-json\/wp\/v2\/product\/22838","targetHints":{"allow":["GET"]}}],"collection":[{"href":"https:\/\/kingarms.ee\/fi\/wp-json\/wp\/v2\/product"}],"about":[{"href":"https:\/\/kingarms.ee\/fi\/wp-json\/wp\/v2\/types\/product"}],"wp:featuredmedia":[{"embeddable":true,"href":"https:\/\/kingarms.ee\/fi\/wp-json\/wp\/v2\/media\/22839"}],"wp:attachment":[{"href":"https:\/\/kingarms.ee\/fi\/wp-json\/wp\/v2\/media?parent=22838"}],"wp:term":[{"taxonomy":"product_brand","embeddable":true,"href":"https:\/\/kingarms.ee\/fi\/wp-json\/wp\/v2\/product_brand?post=22838"},{"taxonomy":"product_cat","embeddable":true,"href":"https:\/\/kingarms.ee\/fi\/wp-json\/wp\/v2\/product_cat?post=22838"},{"taxonomy":"product_tag","embeddable":true,"href":"https:\/\/kingarms.ee\/fi\/wp-json\/wp\/v2\/product_tag?post=22838"}],"curies":[{"name":"wp","href":"https:\/\/api.w.org\/{rel}","templated":true}]}}