{"id":22882,"date":"2019-09-19T17:50:18","date_gmt":"2019-09-19T14:50:18","guid":{"rendered":"https:\/\/kingarms.ee\/product\/gx-1000-lasit-beige\/"},"modified":"2024-08-09T17:12:07","modified_gmt":"2024-08-09T14:12:07","slug":"gx-1000-suojalasit-beige","status":"publish","type":"product","link":"https:\/\/kingarms.ee\/fi\/product\/gx-1000-suojalasit-beige\/","title":{"rendered":"GX-1000 Suojalasit (Beige)"},"content":{"rendered":"<p><a href=\"https:\/\/kingarms.ee\/wp-content\/uploads\/2019\/09\/MA-43-T1-300x225.jpg\"><img loading=\"lazy\" decoding=\"async\" class=\"alignnone size-medium wp-image-22883\" src=\"https:\/\/kingarms.ee\/wp-content\/uploads\/2019\/09\/MA-43-T1-300x225.jpg\" alt=\"\" width=\"300\" height=\"225\" srcset=\"https:\/\/kingarms.ee\/wp-content\/uploads\/2019\/09\/MA-43-T1-300x225.jpg 300w, https:\/\/kingarms.ee\/wp-content\/uploads\/2019\/09\/MA-43-T1-150x113.jpg 150w, https:\/\/kingarms.ee\/wp-content\/uploads\/2019\/09\/MA-43-T1-500x375.jpg 500w, https:\/\/kingarms.ee\/wp-content\/uploads\/2019\/09\/MA-43-T1-600x450.jpg 600w, https:\/\/kingarms.ee\/wp-content\/uploads\/2019\/09\/MA-43-T1.jpg 640w\" sizes=\"auto, (max-width: 300px) 100vw, 300px\" \/><\/a><\/p>\n","protected":false},"excerpt":{"rendered":"<p>GOGGLES GX-1000 -sarja koostuu 3 erilaisesta lasista, joita voidaan muuttaa k\u00e4ytt\u00f6tarkoituksen ja s\u00e4\u00e4n mukaan.<\/p>\n<p>T\u00e4ydellinen ratkaisu edulliseen hintaan.<\/p>\n","protected":false},"featured_media":22883,"template":"","meta":{"_acf_changed":false},"product_brand":[],"product_cat":[635],"product_tag":[],"class_list":{"0":"post-22882","1":"product","2":"type-product","3":"status-publish","4":"has-post-thumbnail","6":"product_cat-airsoft-silmalasit","8":"first","9":"instock","10":"taxable","11":"shipping-taxable","12":"purchasable","13":"product-type-simple"},"acf":[],"_links":{"self":[{"href":"https:\/\/kingarms.ee\/fi\/wp-json\/wp\/v2\/product\/22882","targetHints":{"allow":["GET"]}}],"collection":[{"href":"https:\/\/kingarms.ee\/fi\/wp-json\/wp\/v2\/product"}],"about":[{"href":"https:\/\/kingarms.ee\/fi\/wp-json\/wp\/v2\/types\/product"}],"wp:featuredmedia":[{"embeddable":true,"href":"https:\/\/kingarms.ee\/fi\/wp-json\/wp\/v2\/media\/22883"}],"wp:attachment":[{"href":"https:\/\/kingarms.ee\/fi\/wp-json\/wp\/v2\/media?parent=22882"}],"wp:term":[{"taxonomy":"product_brand","embeddable":true,"href":"https:\/\/kingarms.ee\/fi\/wp-json\/wp\/v2\/product_brand?post=22882"},{"taxonomy":"product_cat","embeddable":true,"href":"https:\/\/kingarms.ee\/fi\/wp-json\/wp\/v2\/product_cat?post=22882"},{"taxonomy":"product_tag","embeddable":true,"href":"https:\/\/kingarms.ee\/fi\/wp-json\/wp\/v2\/product_tag?post=22882"}],"curies":[{"name":"wp","href":"https:\/\/api.w.org\/{rel}","templated":true}]}}