{"id":22888,"date":"2019-05-02T14:29:42","date_gmt":"2019-05-02T14:29:42","guid":{"rendered":"https:\/\/kingarms.ee\/product\/gx-1000-lasit\/"},"modified":"2024-08-09T18:32:54","modified_gmt":"2024-08-09T15:32:54","slug":"suojalasit-musta","status":"publish","type":"product","link":"https:\/\/kingarms.ee\/fi\/product\/suojalasit-musta\/","title":{"rendered":"Suojalasit &#8211; Musta"},"content":{"rendered":"<p><a href=\"https:\/\/kingarms.ee\/wp-content\/uploads\/2019\/05\/M51617177A17-300x225.jpg\"><img loading=\"lazy\" decoding=\"async\" class=\"alignnone size-medium wp-image-14759\" src=\"https:\/\/kingarms.ee\/wp-content\/uploads\/2019\/05\/M51617177A17-300x225.jpg\" alt=\"\" width=\"300\" height=\"225\" srcset=\"https:\/\/kingarms.ee\/wp-content\/uploads\/2019\/05\/M51617177A17-300x225.jpg 300w, https:\/\/kingarms.ee\/wp-content\/uploads\/2019\/05\/M51617177A17-150x113.jpg 150w, https:\/\/kingarms.ee\/wp-content\/uploads\/2019\/05\/M51617177A17-500x375.jpg 500w, https:\/\/kingarms.ee\/wp-content\/uploads\/2019\/05\/M51617177A17-600x450.jpg 600w, https:\/\/kingarms.ee\/wp-content\/uploads\/2019\/05\/M51617177A17.jpg 640w\" sizes=\"auto, (max-width: 300px) 100vw, 300px\" \/><\/a><\/p>\n","protected":false},"excerpt":{"rendered":"<p>GOGGLES GX-1000 -sarja koostuu kolmesta erityyppisest\u00e4 lasista, joita voidaan vaihtaa k\u00e4ytt\u00f6tarkoituksen ja s\u00e4\u00e4n mukaan.<\/p>\n<p>Ihanteellinen ratkaisu edulliseen hintaan.<\/p>\n<p><span style=\"color: #ff0000;\">HUOM! Tuote ei ole ballistinen silmiensuojain, ja sen k\u00e4ytt\u00f6 t\u00e4h\u00e4n tarkoitukseen on ristiriidassa sen k\u00e4ytt\u00f6tarkoituksen kanssa.<br \/>\nMyyj\u00e4 ja valmistaja eiv\u00e4t ole vastuussa tuotteen k\u00e4yt\u00f6st\u00e4 k\u00e4ytt\u00e4j\u00e4n silmien suojaamiseksi airsoft-peleiss\u00e4, joissa k\u00e4ytet\u00e4\u00e4n airsoft-kopioita. T\u00e4m\u00e4 koskee my\u00f6s mahdollisia terveysongelmia tai k\u00e4ytt\u00e4j\u00e4n omaisuudelle aiheutuneita vahinkoja, eik\u00e4 tuotereklamaatio koske niit\u00e4.<\/span><\/p>\n","protected":false},"featured_media":22889,"template":"","meta":{"_acf_changed":false},"product_brand":[],"product_cat":[635],"product_tag":[],"class_list":{"0":"post-22888","1":"product","2":"type-product","3":"status-publish","4":"has-post-thumbnail","6":"product_cat-airsoft-silmalasit","8":"first","9":"instock","10":"taxable","11":"shipping-taxable","12":"purchasable","13":"product-type-simple"},"acf":[],"_links":{"self":[{"href":"https:\/\/kingarms.ee\/fi\/wp-json\/wp\/v2\/product\/22888","targetHints":{"allow":["GET"]}}],"collection":[{"href":"https:\/\/kingarms.ee\/fi\/wp-json\/wp\/v2\/product"}],"about":[{"href":"https:\/\/kingarms.ee\/fi\/wp-json\/wp\/v2\/types\/product"}],"wp:featuredmedia":[{"embeddable":true,"href":"https:\/\/kingarms.ee\/fi\/wp-json\/wp\/v2\/media\/22889"}],"wp:attachment":[{"href":"https:\/\/kingarms.ee\/fi\/wp-json\/wp\/v2\/media?parent=22888"}],"wp:term":[{"taxonomy":"product_brand","embeddable":true,"href":"https:\/\/kingarms.ee\/fi\/wp-json\/wp\/v2\/product_brand?post=22888"},{"taxonomy":"product_cat","embeddable":true,"href":"https:\/\/kingarms.ee\/fi\/wp-json\/wp\/v2\/product_cat?post=22888"},{"taxonomy":"product_tag","embeddable":true,"href":"https:\/\/kingarms.ee\/fi\/wp-json\/wp\/v2\/product_tag?post=22888"}],"curies":[{"name":"wp","href":"https:\/\/api.w.org\/{rel}","templated":true}]}}