{"id":22898,"date":"2019-06-13T17:49:46","date_gmt":"2019-06-13T14:49:46","guid":{"rendered":"https:\/\/kingarms.ee\/product\/gx-800-lasit-2\/"},"modified":"2024-08-09T18:10:45","modified_gmt":"2024-08-09T15:10:45","slug":"taktiset-lasit-musta-5","status":"publish","type":"product","link":"https:\/\/kingarms.ee\/fi\/product\/taktiset-lasit-musta-5\/","title":{"rendered":"Taktiset lasit &#8211; Musta"},"content":{"rendered":"<p><a href=\"https:\/\/kingarms.ee\/wp-content\/uploads\/2019\/06\/1152190075_1-300x200.jpg\"><img loading=\"lazy\" decoding=\"async\" class=\"alignnone size-medium wp-image-15797\" src=\"https:\/\/kingarms.ee\/wp-content\/uploads\/2019\/06\/1152190075_1-300x200.jpg\" alt=\"\" width=\"300\" height=\"200\" srcset=\"https:\/\/kingarms.ee\/wp-content\/uploads\/2019\/06\/1152190075_1-300x200.jpg 300w, https:\/\/kingarms.ee\/wp-content\/uploads\/2019\/06\/1152190075_1-150x100.jpg 150w, https:\/\/kingarms.ee\/wp-content\/uploads\/2019\/06\/1152190075_1-500x333.jpg 500w, https:\/\/kingarms.ee\/wp-content\/uploads\/2019\/06\/1152190075_1-768x512.jpg 768w, https:\/\/kingarms.ee\/wp-content\/uploads\/2019\/06\/1152190075_1.jpg 800w\" sizes=\"auto, (max-width: 300px) 100vw, 300px\" \/><\/a><\/p>\n","protected":false},"excerpt":{"rendered":"<p>GOGGLES GX-800 -sarjaan kuuluu 1 keltainen lasi. Silm\u00e4laseissa on useita tuuletusaukkoja, jotka est\u00e4v\u00e4t niiden huurtumisen.<\/p>\n<p>Ihanteellinen ratkaisu edulliseen hintaan.<\/p>\n<p><span style=\"color: #ff0000;\">HUOM! Tuote ei ole ballistinen silmiensuojain, ja sen k\u00e4ytt\u00f6 t\u00e4h\u00e4n tarkoitukseen on ristiriidassa sen k\u00e4ytt\u00f6tarkoituksen kanssa.<br \/>\nMyyj\u00e4 ja valmistaja eiv\u00e4t ole vastuussa tuotteen k\u00e4yt\u00f6st\u00e4 k\u00e4ytt\u00e4j\u00e4n silmien suojaamiseksi airsoft-peleiss\u00e4, joissa k\u00e4ytet\u00e4\u00e4n airsoft-kopioita. T\u00e4m\u00e4 koskee my\u00f6s mahdollisia terveysongelmia tai k\u00e4ytt\u00e4j\u00e4n omaisuudelle aiheutuneita vahinkoja, eik\u00e4 tuotereklamaatio koske niit\u00e4.<\/span><\/p>\n","protected":false},"featured_media":22899,"template":"","meta":{"_acf_changed":false},"product_brand":[],"product_cat":[635],"product_tag":[],"class_list":{"0":"post-22898","1":"product","2":"type-product","3":"status-publish","4":"has-post-thumbnail","6":"product_cat-airsoft-silmalasit","8":"first","9":"instock","10":"taxable","11":"shipping-taxable","12":"purchasable","13":"product-type-simple"},"acf":[],"_links":{"self":[{"href":"https:\/\/kingarms.ee\/fi\/wp-json\/wp\/v2\/product\/22898","targetHints":{"allow":["GET"]}}],"collection":[{"href":"https:\/\/kingarms.ee\/fi\/wp-json\/wp\/v2\/product"}],"about":[{"href":"https:\/\/kingarms.ee\/fi\/wp-json\/wp\/v2\/types\/product"}],"wp:featuredmedia":[{"embeddable":true,"href":"https:\/\/kingarms.ee\/fi\/wp-json\/wp\/v2\/media\/22899"}],"wp:attachment":[{"href":"https:\/\/kingarms.ee\/fi\/wp-json\/wp\/v2\/media?parent=22898"}],"wp:term":[{"taxonomy":"product_brand","embeddable":true,"href":"https:\/\/kingarms.ee\/fi\/wp-json\/wp\/v2\/product_brand?post=22898"},{"taxonomy":"product_cat","embeddable":true,"href":"https:\/\/kingarms.ee\/fi\/wp-json\/wp\/v2\/product_cat?post=22898"},{"taxonomy":"product_tag","embeddable":true,"href":"https:\/\/kingarms.ee\/fi\/wp-json\/wp\/v2\/product_tag?post=22898"}],"curies":[{"name":"wp","href":"https:\/\/api.w.org\/{rel}","templated":true}]}}