{"id":22965,"date":"2019-06-13T17:04:08","date_gmt":"2019-06-13T14:04:08","guid":{"rendered":"https:\/\/kingarms.ee\/product\/stalker-evo-maski-oliiv\/"},"modified":"2024-08-09T18:12:10","modified_gmt":"2024-08-09T15:12:10","slug":"stalker-evo-maski-oliivi","status":"publish","type":"product","link":"https:\/\/kingarms.ee\/fi\/product\/stalker-evo-maski-oliivi\/","title":{"rendered":"Stalker Evo Maski &#8211; Oliivi"},"content":{"rendered":"<p><a href=\"https:\/\/kingarms.ee\/wp-content\/uploads\/2019\/06\/1152211762_1-300x200.jpg\"><img loading=\"lazy\" decoding=\"async\" class=\"alignnone size-medium wp-image-15779\" src=\"https:\/\/kingarms.ee\/wp-content\/uploads\/2019\/06\/1152211762_1-300x200.jpg\" alt=\"\" width=\"300\" height=\"200\" srcset=\"https:\/\/kingarms.ee\/wp-content\/uploads\/2019\/06\/1152211762_1-300x200.jpg 300w, https:\/\/kingarms.ee\/wp-content\/uploads\/2019\/06\/1152211762_1-150x100.jpg 150w, https:\/\/kingarms.ee\/wp-content\/uploads\/2019\/06\/1152211762_1-500x333.jpg 500w, https:\/\/kingarms.ee\/wp-content\/uploads\/2019\/06\/1152211762_1-768x512.jpg 768w, https:\/\/kingarms.ee\/wp-content\/uploads\/2019\/06\/1152211762_1.jpg 800w\" sizes=\"auto, (max-width: 300px) 100vw, 300px\" \/><\/a><\/p>\n","protected":false},"excerpt":{"rendered":"<p>Scout V1 -maski<\/p>\n<p>Scout V1 -suojanaamio valmistettiin p\u00e4\u00e4asiassa ter\u00e4ksest\u00e4, joka oli p\u00e4\u00e4llystetty j\u00e4yk\u00e4ll\u00e4 ja kovalla vaahdolla. Koska ne ovat herkki\u00e4 kuvioille, naamio voidaan mukauttaa k\u00e4ytt\u00e4j\u00e4n kasvojen muotoon. Verkon ansiosta se tarjoaa hyv\u00e4n ilmankierron ja rajoittaa vesih\u00f6yryn muodostumista silmiensuojaimissa. Laitteen pehme\u00e4 pinta parantaa kulutusmukavuutta. Joustava vy\u00f6t\u00e4r\u00f6maski sopii tiukasti k\u00e4ytt\u00e4j\u00e4n p\u00e4\u00e4lle eik\u00e4 liiku.<\/p>\n","protected":false},"featured_media":22966,"template":"","meta":{"_acf_changed":false},"product_brand":[],"product_cat":[641],"product_tag":[],"class_list":{"0":"post-22965","1":"product","2":"type-product","3":"status-publish","4":"has-post-thumbnail","6":"product_cat-ilman-kyparaa","8":"first","9":"onbackorder","10":"taxable","11":"shipping-taxable","12":"product-type-simple"},"acf":[],"_links":{"self":[{"href":"https:\/\/kingarms.ee\/fi\/wp-json\/wp\/v2\/product\/22965","targetHints":{"allow":["GET"]}}],"collection":[{"href":"https:\/\/kingarms.ee\/fi\/wp-json\/wp\/v2\/product"}],"about":[{"href":"https:\/\/kingarms.ee\/fi\/wp-json\/wp\/v2\/types\/product"}],"wp:featuredmedia":[{"embeddable":true,"href":"https:\/\/kingarms.ee\/fi\/wp-json\/wp\/v2\/media\/22966"}],"wp:attachment":[{"href":"https:\/\/kingarms.ee\/fi\/wp-json\/wp\/v2\/media?parent=22965"}],"wp:term":[{"taxonomy":"product_brand","embeddable":true,"href":"https:\/\/kingarms.ee\/fi\/wp-json\/wp\/v2\/product_brand?post=22965"},{"taxonomy":"product_cat","embeddable":true,"href":"https:\/\/kingarms.ee\/fi\/wp-json\/wp\/v2\/product_cat?post=22965"},{"taxonomy":"product_tag","embeddable":true,"href":"https:\/\/kingarms.ee\/fi\/wp-json\/wp\/v2\/product_tag?post=22965"}],"curies":[{"name":"wp","href":"https:\/\/api.w.org\/{rel}","templated":true}]}}