{"id":23023,"date":"2019-07-28T23:58:27","date_gmt":"2019-07-28T20:58:27","guid":{"rendered":"https:\/\/kingarms.ee\/product\/gg-taktiset-lasit-2\/"},"modified":"2024-08-09T17:26:15","modified_gmt":"2024-08-09T14:26:15","slug":"taktiset-lasit-gg-2","status":"publish","type":"product","link":"https:\/\/kingarms.ee\/fi\/product\/taktiset-lasit-gg-2\/","title":{"rendered":"Taktiset lasit (G&amp;G)"},"content":{"rendered":"<p><a href=\"https:\/\/kingarms.ee\/wp-content\/uploads\/2019\/07\/1152222214_1-300x200.jpg\"><img loading=\"lazy\" decoding=\"async\" class=\"alignnone size-medium wp-image-17620\" src=\"https:\/\/kingarms.ee\/wp-content\/uploads\/2019\/07\/1152222214_1-300x200.jpg\" alt=\"\" width=\"300\" height=\"200\" srcset=\"https:\/\/kingarms.ee\/wp-content\/uploads\/2019\/07\/1152222214_1-300x200.jpg 300w, https:\/\/kingarms.ee\/wp-content\/uploads\/2019\/07\/1152222214_1-150x100.jpg 150w, https:\/\/kingarms.ee\/wp-content\/uploads\/2019\/07\/1152222214_1-500x333.jpg 500w, https:\/\/kingarms.ee\/wp-content\/uploads\/2019\/07\/1152222214_1-768x512.jpg 768w, https:\/\/kingarms.ee\/wp-content\/uploads\/2019\/07\/1152222214_1.jpg 800w\" sizes=\"auto, (max-width: 300px) 100vw, 300px\" \/><\/a><\/p>\n","protected":false},"excerpt":{"rendered":"<p>Alkuper\u00e4iset G&amp;G Armamentin suojalasit. Musta kehys on valmistettu iskunkest\u00e4v\u00e4st\u00e4 ABS-muovista, linssit optisesta polykarbonaatista. Linssit eiv\u00e4t v\u00e4\u00e4rist\u00e4 ja suojaavat silmi\u00e4 luotettavasti sek\u00e4 edest\u00e4 ett\u00e4 sivuilta. Pituutta voidaan s\u00e4\u00e4t\u00e4\u00e4. Pehme\u00e4 joustava nappikiinnitys.<\/p>\n<p>Ominaisuudet:<\/p>\n<p>Rungon v\u00e4ri &#8211; musta<br \/>\nRungon materiaali &#8211; ABS-muovi;<br \/>\nLinssin valmistusmateriaali &#8211; optinen polykarbonaatti;<br \/>\nSopii l\u00e4hes kaikille p\u00e4\u00e4n kooille;<br \/>\nKevyt, mukava, suojaa hyvin silmi\u00e4;<br \/>\nSilmien ymp\u00e4rill\u00e4 olevan pienen alueen kasvojen sulkeminen;<br \/>\nToimitetaan t\u00e4ydellisen\u00e4 kannen kanssa;<br \/>\nHyv\u00e4ksytty airsoftin pelaamiseen.<\/p>\n<p><span style=\"color: #ff0000;\">HUOM! Tuote ei ole ballistinen silmiensuojain, ja sen k\u00e4ytt\u00f6 t\u00e4h\u00e4n tarkoitukseen on ristiriidassa sen k\u00e4ytt\u00f6tarkoituksen kanssa.<br \/>\nMyyj\u00e4 ja valmistaja eiv\u00e4t ole vastuussa tuotteen k\u00e4yt\u00f6st\u00e4 k\u00e4ytt\u00e4j\u00e4n silmien suojaamiseksi airsoft-peleiss\u00e4, joissa k\u00e4ytet\u00e4\u00e4n airsoft-kopioita. T\u00e4m\u00e4 koskee my\u00f6s mahdollisia terveysongelmia tai k\u00e4ytt\u00e4j\u00e4n omaisuudelle aiheutuneita vahinkoja, eik\u00e4 tuotereklamaatio koske niit\u00e4.<\/span><\/p>\n","protected":false},"featured_media":23024,"template":"","meta":{"_acf_changed":false},"product_brand":[],"product_cat":[635],"product_tag":[],"class_list":{"0":"post-23023","1":"product","2":"type-product","3":"status-publish","4":"has-post-thumbnail","6":"product_cat-airsoft-silmalasit","8":"first","9":"instock","10":"taxable","11":"shipping-taxable","12":"purchasable","13":"product-type-simple"},"acf":[],"_links":{"self":[{"href":"https:\/\/kingarms.ee\/fi\/wp-json\/wp\/v2\/product\/23023","targetHints":{"allow":["GET"]}}],"collection":[{"href":"https:\/\/kingarms.ee\/fi\/wp-json\/wp\/v2\/product"}],"about":[{"href":"https:\/\/kingarms.ee\/fi\/wp-json\/wp\/v2\/types\/product"}],"wp:featuredmedia":[{"embeddable":true,"href":"https:\/\/kingarms.ee\/fi\/wp-json\/wp\/v2\/media\/23024"}],"wp:attachment":[{"href":"https:\/\/kingarms.ee\/fi\/wp-json\/wp\/v2\/media?parent=23023"}],"wp:term":[{"taxonomy":"product_brand","embeddable":true,"href":"https:\/\/kingarms.ee\/fi\/wp-json\/wp\/v2\/product_brand?post=23023"},{"taxonomy":"product_cat","embeddable":true,"href":"https:\/\/kingarms.ee\/fi\/wp-json\/wp\/v2\/product_cat?post=23023"},{"taxonomy":"product_tag","embeddable":true,"href":"https:\/\/kingarms.ee\/fi\/wp-json\/wp\/v2\/product_tag?post=23023"}],"curies":[{"name":"wp","href":"https:\/\/api.w.org\/{rel}","templated":true}]}}