{"id":23054,"date":"2018-10-30T15:06:24","date_gmt":"2018-10-30T15:06:24","guid":{"rendered":"https:\/\/kingarms.ee\/product\/fast-bj-cfh-kypara-vihrea-l-xl\/"},"modified":"2024-08-09T19:46:57","modified_gmt":"2024-08-09T16:46:57","slug":"fast-bj-cfh-kypara-vihrea-l-xl","status":"publish","type":"product","link":"https:\/\/kingarms.ee\/fi\/product\/fast-bj-cfh-kypara-vihrea-l-xl\/","title":{"rendered":"FAST BJ CFH kyp\u00e4r\u00e4- Vihre\u00e4 (L\/XL)"},"content":{"rendered":"<p><a href=\"https:\/\/kingarms.ee\/wp-content\/uploads\/2018\/10\/1152213147_1-300x200.jpg\"><img loading=\"lazy\" decoding=\"async\" class=\"alignnone size-medium wp-image-23055\" src=\"https:\/\/kingarms.ee\/wp-content\/uploads\/2018\/10\/1152213147_1-300x200.jpg\" alt=\"\" width=\"300\" height=\"200\" srcset=\"https:\/\/kingarms.ee\/wp-content\/uploads\/2018\/10\/1152213147_1-300x200.jpg 300w, https:\/\/kingarms.ee\/wp-content\/uploads\/2018\/10\/1152213147_1-150x100.jpg 150w, https:\/\/kingarms.ee\/wp-content\/uploads\/2018\/10\/1152213147_1-500x333.jpg 500w, https:\/\/kingarms.ee\/wp-content\/uploads\/2018\/10\/1152213147_1-768x512.jpg 768w, https:\/\/kingarms.ee\/wp-content\/uploads\/2018\/10\/1152213147_1.jpg 800w\" sizes=\"auto, (max-width: 300px) 100vw, 300px\" \/><\/a><\/p>\n","protected":false},"excerpt":{"rendered":"<p>Kopio Yhdysvaltain armeijassa k\u00e4ydyst\u00e4 kyp\u00e4r\u00e4st\u00e4. Kyp\u00e4r\u00e4n sis\u00e4ll\u00e4 on pehme\u00e4 tyyny ja kummallakin puolella reite lis\u00e4varusteita varten ja etukiinnike y\u00f6n\u00e4k\u00f6\u00e4 varten. Kyp\u00e4r\u00e4ss\u00e4 on tarranauhat kansalliselle lipulle, joukkuemerkki tai vastaava.<\/p>\n","protected":false},"featured_media":23055,"template":"","meta":{"_acf_changed":false},"product_brand":[],"product_cat":[261,637],"product_tag":[],"class_list":{"0":"post-23054","1":"product","2":"type-product","3":"status-publish","4":"has-post-thumbnail","6":"product_cat-kyparat","7":"product_cat-airsoft-fi-2","9":"first","10":"onbackorder","11":"taxable","12":"shipping-taxable","13":"product-type-variable"},"acf":[],"_links":{"self":[{"href":"https:\/\/kingarms.ee\/fi\/wp-json\/wp\/v2\/product\/23054","targetHints":{"allow":["GET"]}}],"collection":[{"href":"https:\/\/kingarms.ee\/fi\/wp-json\/wp\/v2\/product"}],"about":[{"href":"https:\/\/kingarms.ee\/fi\/wp-json\/wp\/v2\/types\/product"}],"wp:featuredmedia":[{"embeddable":true,"href":"https:\/\/kingarms.ee\/fi\/wp-json\/wp\/v2\/media\/23055"}],"wp:attachment":[{"href":"https:\/\/kingarms.ee\/fi\/wp-json\/wp\/v2\/media?parent=23054"}],"wp:term":[{"taxonomy":"product_brand","embeddable":true,"href":"https:\/\/kingarms.ee\/fi\/wp-json\/wp\/v2\/product_brand?post=23054"},{"taxonomy":"product_cat","embeddable":true,"href":"https:\/\/kingarms.ee\/fi\/wp-json\/wp\/v2\/product_cat?post=23054"},{"taxonomy":"product_tag","embeddable":true,"href":"https:\/\/kingarms.ee\/fi\/wp-json\/wp\/v2\/product_tag?post=23054"}],"curies":[{"name":"wp","href":"https:\/\/api.w.org\/{rel}","templated":true}]}}