{"id":23060,"date":"2019-03-26T21:46:40","date_gmt":"2019-03-26T18:46:40","guid":{"rendered":"https:\/\/kingarms.ee\/product\/fast-bj-cfh-kypara-multicam\/"},"modified":"2024-08-09T18:49:36","modified_gmt":"2024-08-09T15:49:36","slug":"fast-bj-cfh-kypara-multicam","status":"publish","type":"product","link":"https:\/\/kingarms.ee\/fi\/product\/fast-bj-cfh-kypara-multicam\/","title":{"rendered":"FAST BJ CFH Kyp\u00e4r\u00e4 &#8211; Multicam"},"content":{"rendered":"<p><a href=\"https:\/\/kingarms.ee\/wp-content\/uploads\/2019\/03\/EM8811D13-300x225.jpg\"><img loading=\"lazy\" decoding=\"async\" class=\"alignnone size-medium wp-image-23061\" src=\"https:\/\/kingarms.ee\/wp-content\/uploads\/2019\/03\/EM8811D13-300x225.jpg\" alt=\"\" width=\"300\" height=\"225\" srcset=\"https:\/\/kingarms.ee\/wp-content\/uploads\/2019\/03\/EM8811D13-300x225.jpg 300w, https:\/\/kingarms.ee\/wp-content\/uploads\/2019\/03\/EM8811D13-150x113.jpg 150w, https:\/\/kingarms.ee\/wp-content\/uploads\/2019\/03\/EM8811D13-500x375.jpg 500w, https:\/\/kingarms.ee\/wp-content\/uploads\/2019\/03\/EM8811D13-600x450.jpg 600w, https:\/\/kingarms.ee\/wp-content\/uploads\/2019\/03\/EM8811D13.jpg 640w\" sizes=\"auto, (max-width: 300px) 100vw, 300px\" \/><\/a><\/p>\n","protected":false},"excerpt":{"rendered":"<p>Kopio Yhdysvaltain armeijassa k\u00e4ydyst\u00e4 kyp\u00e4r\u00e4st\u00e4. Kyp\u00e4r\u00e4n sis\u00e4ll\u00e4 on pehme\u00e4 tyyny ja kummallakin puolella reite lis\u00e4varusteita varten ja etukiinnike y\u00f6n\u00e4k\u00f6\u00e4 varten. Kyp\u00e4r\u00e4ss\u00e4 on tarranauhat kansalliselle lipulle, joukkuemerkki tai vastaava.<\/p>\n","protected":false},"featured_media":23061,"template":"","meta":{"_acf_changed":false},"product_brand":[],"product_cat":[637,261],"product_tag":[],"class_list":{"0":"post-23060","1":"product","2":"type-product","3":"status-publish","4":"has-post-thumbnail","6":"product_cat-airsoft-fi-2","7":"product_cat-kyparat","9":"first","10":"onbackorder","11":"taxable","12":"shipping-taxable","13":"product-type-variable"},"acf":[],"_links":{"self":[{"href":"https:\/\/kingarms.ee\/fi\/wp-json\/wp\/v2\/product\/23060","targetHints":{"allow":["GET"]}}],"collection":[{"href":"https:\/\/kingarms.ee\/fi\/wp-json\/wp\/v2\/product"}],"about":[{"href":"https:\/\/kingarms.ee\/fi\/wp-json\/wp\/v2\/types\/product"}],"wp:featuredmedia":[{"embeddable":true,"href":"https:\/\/kingarms.ee\/fi\/wp-json\/wp\/v2\/media\/23061"}],"wp:attachment":[{"href":"https:\/\/kingarms.ee\/fi\/wp-json\/wp\/v2\/media?parent=23060"}],"wp:term":[{"taxonomy":"product_brand","embeddable":true,"href":"https:\/\/kingarms.ee\/fi\/wp-json\/wp\/v2\/product_brand?post=23060"},{"taxonomy":"product_cat","embeddable":true,"href":"https:\/\/kingarms.ee\/fi\/wp-json\/wp\/v2\/product_cat?post=23060"},{"taxonomy":"product_tag","embeddable":true,"href":"https:\/\/kingarms.ee\/fi\/wp-json\/wp\/v2\/product_tag?post=23060"}],"curies":[{"name":"wp","href":"https:\/\/api.w.org\/{rel}","templated":true}]}}